{"id":3547,"date":"2021-05-20T15:00:15","date_gmt":"2021-05-20T13:00:15","guid":{"rendered":"http:\/\/www.insem-atmos.si\/?page_id=3547"},"modified":"2021-05-20T15:20:27","modified_gmt":"2021-05-20T13:20:27","slug":"razvojni-projekt-imd-inteligentno-mostno-dvigalo","status":"publish","type":"page","link":"https:\/\/www.insem-atmos.si\/hr\/razvojni-projekt-imd-inteligentno-mostno-dvigalo\/","title":{"rendered":"Razvojni projekt IMD &#8211; Inteligentno mostno dvigalo"},"content":{"rendered":"\t\t<div data-elementor-type=\"wp-page\" data-elementor-id=\"3547\" class=\"elementor elementor-3547\" data-elementor-post-type=\"page\">\n\t\t\t\t\t\t<section class=\"elementor-section elementor-top-section elementor-element elementor-element-469b268 elementor-section-full_width elementor-section-height-default elementor-section-height-default\" data-id=\"469b268\" data-element_type=\"section\" data-e-type=\"section\">\n\t\t\t\t\t\t<div class=\"elementor-container elementor-column-gap-no\">\n\t\t\t\t\t<div class=\"elementor-column elementor-col-100 elementor-top-column elementor-element elementor-element-992d0d8\" data-id=\"992d0d8\" data-element_type=\"column\" data-e-type=\"column\">\n\t\t\t<div class=\"elementor-widget-wrap elementor-element-populated\">\n\t\t\t\t\t\t<div class=\"elementor-element elementor-element-207103f elementor-widget elementor-widget-template\" data-id=\"207103f\" data-element_type=\"widget\" data-e-type=\"widget\" data-widget_type=\"template.default\">\n\t\t\t\t<div class=\"elementor-widget-container\">\n\t\t\t\t\t\t\t<div class=\"elementor-template\">\n\t\t\t\t\t<div data-elementor-type=\"section\" data-elementor-id=\"942\" class=\"elementor elementor-942\" data-elementor-post-type=\"elementor_library\">\n\t\t\t\t\t<section class=\"elementor-section elementor-top-section elementor-element elementor-element-d4b5bda elementor-section-full_width elementor-reverse-tablet elementor-reverse-mobile elementor-section-height-default elementor-section-height-default\" data-id=\"d4b5bda\" data-element_type=\"section\" data-e-type=\"section\" data-settings=\"{&quot;background_background&quot;:&quot;classic&quot;}\">\n\t\t\t\t\t\t<div class=\"elementor-container elementor-column-gap-default\">\n\t\t\t\t\t<div data-dce-background-color=\"#FDD303\" class=\"elementor-column elementor-col-50 elementor-top-column elementor-element elementor-element-46227c0\" data-id=\"46227c0\" data-element_type=\"column\" data-e-type=\"column\" data-settings=\"{&quot;background_background&quot;:&quot;classic&quot;}\">\n\t\t\t<div class=\"elementor-widget-wrap elementor-element-populated\">\n\t\t\t\t\t\t\t<\/div>\n\t\t<\/div>\n\t\t\t\t<div data-dce-background-image-url=\"https:\/\/www.insem-atmos.si\/wp-content\/uploads\/2021\/05\/razvojni-projekt-imd-naslovna.png\" class=\"elementor-column elementor-col-50 elementor-top-column elementor-element elementor-element-bbc23cd\" data-id=\"bbc23cd\" data-element_type=\"column\" data-e-type=\"column\" data-settings=\"{&quot;background_background&quot;:&quot;classic&quot;}\">\n\t\t\t<div class=\"elementor-widget-wrap elementor-element-populated\">\n\t\t\t\t\t\t<div class=\"elementor-element elementor-element-147ff27 elementor-widget elementor-widget-spacer\" data-id=\"147ff27\" data-element_type=\"widget\" data-e-type=\"widget\" data-widget_type=\"spacer.default\">\n\t\t\t\t<div class=\"elementor-widget-container\">\n\t\t\t\t\t\t\t<div class=\"elementor-spacer\">\n\t\t\t<div class=\"elementor-spacer-inner\"><\/div>\n\t\t<\/div>\n\t\t\t\t\t\t<\/div>\n\t\t\t\t<\/div>\n\t\t\t\t\t<\/div>\n\t\t<\/div>\n\t\t\t\t\t<\/div>\n\t\t<\/section>\n\t\t\t\t<\/div>\n\t\t\t\t<\/div>\n\t\t\t\t\t\t<\/div>\n\t\t\t\t<\/div>\n\t\t\t\t\t<\/div>\n\t\t<\/div>\n\t\t\t\t\t<\/div>\n\t\t<\/section>\n\t\t\t\t<section class=\"elementor-section elementor-top-section elementor-element elementor-element-fa9c779 elementor-section-boxed elementor-section-height-default elementor-section-height-default\" data-id=\"fa9c779\" data-element_type=\"section\" data-e-type=\"section\">\n\t\t\t\t\t\t<div class=\"elementor-container elementor-column-gap-default\">\n\t\t\t\t\t<div class=\"elementor-column elementor-col-33 elementor-top-column elementor-element elementor-element-bc9b70a elementor-hidden-tablet elementor-hidden-phone\" data-id=\"bc9b70a\" data-element_type=\"column\" data-e-type=\"column\" data-settings=\"{&quot;background_background&quot;:&quot;classic&quot;}\">\n\t\t\t<div class=\"elementor-widget-wrap\">\n\t\t\t\t\t\t\t<\/div>\n\t\t<\/div>\n\t\t\t\t<div class=\"elementor-column elementor-col-66 elementor-top-column elementor-element elementor-element-7ccbde0\" data-id=\"7ccbde0\" data-element_type=\"column\" data-e-type=\"column\">\n\t\t\t<div class=\"elementor-widget-wrap elementor-element-populated\">\n\t\t\t\t\t\t<div class=\"elementor-element elementor-element-819b827 elementor-widget elementor-widget-text-editor\" data-id=\"819b827\" data-element_type=\"widget\" data-e-type=\"widget\" data-widget_type=\"text-editor.default\">\n\t\t\t\t<div class=\"elementor-widget-container\">\n\t\t\t\t\t\t\t\t\t<h3>Podjetje INSEM ATMOS \u017eerjavi in dvi\u017ena tehnika d.o.o. je s konzorcijskim partnerjem MIEL d.o.o. vklju\u010deno v razvojni projekt IMD &#8211; Inteligentno mostno dvigalo<\/h3><p>Razvojni projekt IMD bo pove\u010dal stopnjo avtomatizacije in nivoja pri izdelavi inteligentnih mostnih dvigal ter dvig nivoja digitalizacije z avtomatizacijo proizvodnih procesov z vgradnjo inteligentnih dvigal.<\/p><p>Potreba po inteligentnih dvigalih se s prihajajo\u010do digitalizacijo pojavlja kot potreba in tudi nuja v avtomatiziranih proizvodnih procesih.<\/p><p>S projektom \u00bbInteligentno mostno dvigalo\u00ab bomo razvili visoko tehnolo\u0161ke izdelke z vklju\u010ditvijo tehnologije za avtomatizacijo industrijskih procesov. Posodobili bomo tehnolo\u0161ko-proizvodni na\u010din dela pri izdelavi Inteligentnih dvigal. Da lahko izvedemo avtomatizacijo proizvodnega procesa z inteligentnim dvigalom, mora biti celotna izdelava izdelka v najvi\u0161ji tehnolo\u0161ki stopnji. Inteligentno mostno dvigalo je izdelek, ki je izveden z bistveno vi\u0161jo dodano vrednostjo, kakor obi\u010dajna mostna dvigala.<\/p><p>Nalo\u017ebo sofinancirata Republika Slovenija in Evropska unija iz Evropskega sklada za regionalni razvoj.<\/p>\t\t\t\t\t\t\t\t<\/div>\n\t\t\t\t<\/div>\n\t\t\t\t<div class=\"elementor-element elementor-element-8ce9f68 dce_masking-none elementor-widget elementor-widget-image\" data-id=\"8ce9f68\" data-element_type=\"widget\" data-e-type=\"widget\" data-widget_type=\"image.default\">\n\t\t\t\t<div class=\"elementor-widget-container\">\n\t\t\t\t\t\t\t\t\t\t\t\t\t\t\t\t<a href=\"https:\/\/www.eu-skladi.si\/\" target=\"_blank\" rel=\"noopener noreferrer nofollow\">\n\t\t\t\t\t\t\t<img decoding=\"async\" width=\"571\" height=\"80\" src=\"https:\/\/www.insem-atmos.si\/wp-content\/uploads\/2021\/05\/eu-skladi-logo.png\" class=\"attachment-large size-large wp-image-3561\" alt=\"\" srcset=\"https:\/\/www.insem-atmos.si\/wp-content\/uploads\/2021\/05\/eu-skladi-logo.png 571w, https:\/\/www.insem-atmos.si\/wp-content\/uploads\/2021\/05\/eu-skladi-logo-300x42.png 300w\" sizes=\"(max-width: 571px) 100vw, 571px\" loading=\"eager\" \/>\t\t\t\t\t\t\t\t<\/a>\n\t\t\t\t\t\t\t\t\t\t\t\t\t\t\t<\/div>\n\t\t\t\t<\/div>\n\t\t\t\t\t<\/div>\n\t\t<\/div>\n\t\t\t\t\t<\/div>\n\t\t<\/section>\n\t\t\t\t<\/div>\n\t\t","protected":false},"excerpt":{"rendered":"<p>Podjetje INSEM ATMOS \u017eerjavi in dvi\u017ena tehnika d.o.o. je s konzorcijskim partnerjem MIEL d.o.o. vklju\u010deno v razvojni projekt IMD &#8211; Inteligentno mostno dvigalo Razvojni projekt IMD bo pove\u010dal stopnjo avtomatizacije in nivoja pri izdelavi inteligentnih mostnih dvigal ter dvig nivoja digitalizacije z avtomatizacijo proizvodnih procesov z vgradnjo inteligentnih dvigal. Potreba po inteligentnih dvigalih se s [&hellip;]<\/p>\n","protected":false},"author":7,"featured_media":3556,"parent":0,"menu_order":110,"comment_status":"closed","ping_status":"closed","template":"","meta":{"site-sidebar-layout":"no-sidebar","site-content-layout":"page-builder","ast-site-content-layout":"default","site-content-style":"default","site-sidebar-style":"default","ast-global-header-display":"","ast-banner-title-visibility":"","ast-main-header-display":"disabled","ast-hfb-above-header-display":"","ast-hfb-below-header-display":"","ast-hfb-mobile-header-display":"","site-post-title":"disabled","ast-breadcrumbs-content":"disabled","ast-featured-img":"disabled","footer-sml-layout":"disabled","ast-disable-related-posts":"","theme-transparent-header-meta":"default","adv-header-id-meta":"","stick-header-meta":"","header-above-stick-meta":"","header-main-stick-meta":"","header-below-stick-meta":"","astra-migrate-meta-layouts":"default","ast-page-background-enabled":"default","ast-page-background-meta":{"desktop":{"background-color":"","background-image":"","background-repeat":"repeat","background-position":"center center","background-size":"auto","background-attachment":"scroll","background-type":"","background-media":"","overlay-type":"","overlay-color":"","overlay-opacity":"","overlay-gradient":""},"tablet":{"background-color":"","background-image":"","background-repeat":"repeat","background-position":"center center","background-size":"auto","background-attachment":"scroll","background-type":"","background-media":"","overlay-type":"","overlay-color":"","overlay-opacity":"","overlay-gradient":""},"mobile":{"background-color":"","background-image":"","background-repeat":"repeat","background-position":"center center","background-size":"auto","background-attachment":"scroll","background-type":"","background-media":"","overlay-type":"","overlay-color":"","overlay-opacity":"","overlay-gradient":""}},"ast-content-background-meta":{"desktop":{"background-color":"var(--ast-global-color-5)","background-image":"","background-repeat":"repeat","background-position":"center center","background-size":"auto","background-attachment":"scroll","background-type":"","background-media":"","overlay-type":"","overlay-color":"","overlay-opacity":"","overlay-gradient":""},"tablet":{"background-color":"var(--ast-global-color-5)","background-image":"","background-repeat":"repeat","background-position":"center center","background-size":"auto","background-attachment":"scroll","background-type":"","background-media":"","overlay-type":"","overlay-color":"","overlay-opacity":"","overlay-gradient":""},"mobile":{"background-color":"var(--ast-global-color-5)","background-image":"","background-repeat":"repeat","background-position":"center center","background-size":"auto","background-attachment":"scroll","background-type":"","background-media":"","overlay-type":"","overlay-color":"","overlay-opacity":"","overlay-gradient":""}},"footnotes":""},"class_list":["post-3547","page","type-page","status-publish","has-post-thumbnail","hentry"],"_links":{"self":[{"href":"https:\/\/www.insem-atmos.si\/hr\/wp-json\/wp\/v2\/pages\/3547","targetHints":{"allow":["GET"]}}],"collection":[{"href":"https:\/\/www.insem-atmos.si\/hr\/wp-json\/wp\/v2\/pages"}],"about":[{"href":"https:\/\/www.insem-atmos.si\/hr\/wp-json\/wp\/v2\/types\/page"}],"author":[{"embeddable":true,"href":"https:\/\/www.insem-atmos.si\/hr\/wp-json\/wp\/v2\/users\/7"}],"replies":[{"embeddable":true,"href":"https:\/\/www.insem-atmos.si\/hr\/wp-json\/wp\/v2\/comments?post=3547"}],"version-history":[{"count":17,"href":"https:\/\/www.insem-atmos.si\/hr\/wp-json\/wp\/v2\/pages\/3547\/revisions"}],"predecessor-version":[{"id":3579,"href":"https:\/\/www.insem-atmos.si\/hr\/wp-json\/wp\/v2\/pages\/3547\/revisions\/3579"}],"wp:featuredmedia":[{"embeddable":true,"href":"https:\/\/www.insem-atmos.si\/hr\/wp-json\/wp\/v2\/media\/3556"}],"wp:attachment":[{"href":"https:\/\/www.insem-atmos.si\/hr\/wp-json\/wp\/v2\/media?parent=3547"}],"curies":[{"name":"wp","href":"https:\/\/api.w.org\/{rel}","templated":true}]}}