{"id":3011,"date":"2021-03-25T17:52:12","date_gmt":"2021-03-25T16:52:12","guid":{"rendered":"http:\/\/www.insem-atmos.si\/zastita-privatnosti\/"},"modified":"2021-03-29T09:46:54","modified_gmt":"2021-03-29T07:46:54","slug":"zastita-privatnosti","status":"publish","type":"page","link":"https:\/\/www.insem-atmos.si\/hr\/zastita-privatnosti\/","title":{"rendered":"Za\u0161tita privatnosti"},"content":{"rendered":"\t\t<div data-elementor-type=\"wp-page\" data-elementor-id=\"3011\" class=\"elementor elementor-3011 elementor-155\" data-elementor-post-type=\"page\">\n\t\t\t\t\t\t<section class=\"elementor-section elementor-top-section elementor-element elementor-element-93d04dd elementor-section-full_width elementor-section-height-default elementor-section-height-default\" data-id=\"93d04dd\" data-element_type=\"section\" data-e-type=\"section\">\n\t\t\t\t\t\t<div class=\"elementor-container elementor-column-gap-no\">\n\t\t\t\t\t<div class=\"elementor-column elementor-col-100 elementor-top-column elementor-element elementor-element-0078ff4\" data-id=\"0078ff4\" data-element_type=\"column\" data-e-type=\"column\">\n\t\t\t<div class=\"elementor-widget-wrap elementor-element-populated\">\n\t\t\t\t\t\t<div class=\"elementor-element elementor-element-2734216 elementor-widget elementor-widget-template\" data-id=\"2734216\" data-element_type=\"widget\" data-e-type=\"widget\" data-widget_type=\"template.default\">\n\t\t\t\t<div class=\"elementor-widget-container\">\n\t\t\t\t\t\t\t<div class=\"elementor-template\">\n\t\t\t\t\t<div data-elementor-type=\"section\" data-elementor-id=\"942\" class=\"elementor elementor-942\" data-elementor-post-type=\"elementor_library\">\n\t\t\t\t\t<section class=\"elementor-section elementor-top-section elementor-element elementor-element-d4b5bda elementor-section-full_width elementor-reverse-tablet elementor-reverse-mobile elementor-section-height-default elementor-section-height-default\" data-id=\"d4b5bda\" data-element_type=\"section\" data-e-type=\"section\" data-settings=\"{&quot;background_background&quot;:&quot;classic&quot;}\">\n\t\t\t\t\t\t<div class=\"elementor-container elementor-column-gap-default\">\n\t\t\t\t\t<div data-dce-background-color=\"#FDD303\" class=\"elementor-column elementor-col-50 elementor-top-column elementor-element elementor-element-46227c0\" data-id=\"46227c0\" data-element_type=\"column\" data-e-type=\"column\" data-settings=\"{&quot;background_background&quot;:&quot;classic&quot;}\">\n\t\t\t<div class=\"elementor-widget-wrap elementor-element-populated\">\n\t\t\t\t\t\t\t<\/div>\n\t\t<\/div>\n\t\t\t\t<div data-dce-background-image-url=\"https:\/\/www.insem-atmos.si\/wp-content\/uploads\/2020\/10\/zerjav-street-insem-atmos.jpg\" class=\"elementor-column elementor-col-50 elementor-top-column elementor-element elementor-element-bbc23cd\" data-id=\"bbc23cd\" data-element_type=\"column\" data-e-type=\"column\" data-settings=\"{&quot;background_background&quot;:&quot;classic&quot;}\">\n\t\t\t<div class=\"elementor-widget-wrap elementor-element-populated\">\n\t\t\t\t\t\t<div class=\"elementor-element elementor-element-147ff27 elementor-widget elementor-widget-spacer\" data-id=\"147ff27\" data-element_type=\"widget\" data-e-type=\"widget\" data-widget_type=\"spacer.default\">\n\t\t\t\t<div class=\"elementor-widget-container\">\n\t\t\t\t\t\t\t<div class=\"elementor-spacer\">\n\t\t\t<div class=\"elementor-spacer-inner\"><\/div>\n\t\t<\/div>\n\t\t\t\t\t\t<\/div>\n\t\t\t\t<\/div>\n\t\t\t\t\t<\/div>\n\t\t<\/div>\n\t\t\t\t\t<\/div>\n\t\t<\/section>\n\t\t\t\t<\/div>\n\t\t\t\t<\/div>\n\t\t\t\t\t\t<\/div>\n\t\t\t\t<\/div>\n\t\t\t\t\t<\/div>\n\t\t<\/div>\n\t\t\t\t\t<\/div>\n\t\t<\/section>\n\t\t\t\t<section class=\"elementor-section elementor-top-section elementor-element elementor-element-d7cd229 elementor-section-boxed elementor-section-height-default elementor-section-height-default\" data-id=\"d7cd229\" data-element_type=\"section\" data-e-type=\"section\">\n\t\t\t\t\t\t<div class=\"elementor-container elementor-column-gap-default\">\n\t\t\t\t\t<div class=\"elementor-column elementor-col-33 elementor-top-column elementor-element elementor-element-317d5eb elementor-hidden-tablet elementor-hidden-phone\" data-id=\"317d5eb\" data-element_type=\"column\" data-e-type=\"column\" data-settings=\"{&quot;background_background&quot;:&quot;classic&quot;}\">\n\t\t\t<div class=\"elementor-widget-wrap\">\n\t\t\t\t\t\t\t<\/div>\n\t\t<\/div>\n\t\t\t\t<div class=\"elementor-column elementor-col-66 elementor-top-column elementor-element elementor-element-7206fd2\" data-id=\"7206fd2\" data-element_type=\"column\" data-e-type=\"column\">\n\t\t\t<div class=\"elementor-widget-wrap elementor-element-populated\">\n\t\t\t\t\t\t<div class=\"elementor-element elementor-element-f77333c elementor-widget elementor-widget-text-editor\" data-id=\"f77333c\" data-element_type=\"widget\" data-e-type=\"widget\" data-widget_type=\"text-editor.default\">\n\t\t\t\t<div class=\"elementor-widget-container\">\n\t\t\t\t\t\t\t\t\t<h2>Sukladnost s propisima u vezi za\u0161tite podataka<\/h2>\n<h3>Prava korisnika u vezi sa za\u0161titom osobnih podataka<\/h3>\n<p>U skladu s Op\u0107om uredbom o za\u0161titi osobnih podataka, Insem-Atmos Vam jam\u010di sljede\u0107a prava u vezi sa za\u0161titom osobnih podataka, a koja su detaljnije razra\u0111ena u nastavku:<\/p>\n<ul>\n<li>pravo pristupa podacima,<\/li>\n<li>pravo na ispravak,<\/li>\n<li>pravo brisanja (\u201epravo na zaborav\u201c),<\/li>\n<li>pravo na ograni\u010denje obrade,<\/li>\n<li>pravo na prijenos podataka,<\/li>\n<li>pravo na prigovor.<\/li>\n<\/ul>\n<h3>Pravo pristupa podacima<\/h3>\n<p>Od Insem-Atmosa imate pravo dobiti potvrdu obra\u0111uje li Insem-Atmos Va\u0161e osobne podatke te ako ih obra\u0111uje, imate pravo dobiti pristup Va\u0161im osobnim podacima i sljede\u0107im informacijama u vezi s obradom osobnih podataka:<\/p>\n<ul>\n<li>svrsi obrade,<\/li>\n<li>vrsti osobnih podataka,<\/li>\n<li>korisnicima ili kategorijama korisnika kojima su ili kojima \u0107e biti otkriveni Va\u0161i osobni podaci, naro\u010dito o korisnicima u tre\u0107im dr\u017eavama ili me\u0111unarodnim organizacijama,<\/li>\n<li>ako je to mogu\u0107e, predvi\u0111eno razdoblje pohrane osobnih podataka ili, ako to nije mogu\u0107e, kriterije koji se upotrebljavaju za odre\u0111ivanje tog razdoblja,<\/li>\n<li>postojanju prava da se od nadzornika obrade zahtijeva ispravak ili brisanje osobnih podataka ili ograni\u010denje obrade osobnih podataka u vezi korisnika na koga se odnose osobni podaci ili postojanje prava na prigovor protiv takve obrade,<\/li>\n<li>pravo na podno\u0161enje pritu\u017ebe nadzornom tijelu,<\/li>\n<li>ako osobni podaci nisu prikupljeni od korisnika, sve dostupne informacije u vezi njihova izvora,<\/li>\n<li>postojanje automatiziranog dono\u0161enja odluka, uklju\u010duju\u0107i oblikovanje profila te smislene informacije o razlozima za to, kao i zna\u010denje i predvi\u0111ene posljedice takve obrade za korisnika.<\/li>\n<\/ul>\n<p>Na temelju Va\u0161eg zahtjeva Insem-Atmos osigurat \u0107e Vam jednu besplatnu kopiju Va\u0161ih osobnih podataka koji se obra\u0111uju. Za dodatne kopije podataka koje biste mogli zahtijevati, Insem-Atmos \u0107e Vam obra\u010dunati razumnu cijenu uz po\u0161tivanje administrativnih tro\u0161kova.<\/p>\n<h3>Pravo na ispravak<\/h3>\n<p>Od Insem-Atmosa imate pravo zahtijevati da isti, bez nepotrebne odgode, ispravi neto\u010dne osobne podatke koji se odnose na Vas. Uzimaju\u0107i u obzir svrhu obrade, imate pravo dopune nepotpunih osobnih podataka, uklju\u010duju\u0107i podno\u0161enje dopunske izjave.<\/p>\n<h3>Pravo na brisanje (\u201epravo na zaborav\u201c)<\/h3>\n<p>Od Insem-Atmosa imate pravo zahtijevati da, bez nepotrebne odgode, izbri\u0161e osobne podatke koji se odnose na Vas. Insem-Atmos mora Va\u0161e osobne podatke, bez nepotrebne odgode, obrisati u sljede\u0107im slu\u010dajevima:<\/p>\n<ul>\n<li>ako osobni podaci nisu vi\u0161e potrebni za svrhe za koje su bili prikupljeni ili na koji druk\u010diji na\u010din obra\u0111eni,<\/li>\n<li>ako povu\u010dete privolu koja je temelj za obradu Va\u0161ih osobnih podataka pa za obradu ne postoji nijedan drugi pravni temelj,<\/li>\n<li>ako prigovarate obradi na temelju legitimnog interesa nadzornika obrade, a za njihovu obradu ne postoje nikakvi prevladavaju\u0107i zakoniti razlozi,<\/li>\n<li>ako prigovarate obradi za potrebe izravnog ogla\u0161avanja,<\/li>\n<li>ako osobne podatke treba izbrisati radi ispunjenja pravne obveze u skladu s pravom EU ili slovenskim pravom.<\/li>\n<\/ul>\n<h3>Pravo na ograni\u010denje obrade<\/h3>\n<p>Imate pravo zahtijevati da Insem-Atmos ograni\u010di obradu Va\u0161ih osobnih podataka ako postoji jedan od sljede\u0107ih slu\u010dajeva:<\/p>\n<ul>\n<li>ako osporavate to\u010dnost podataka, i to za razdoblje koje nadzorniku<\/li>\n<\/ul>\n<p>obrade omogu\u0107ava provjeru to\u010dnosti Va\u0161ih osobnih podataka,<\/p>\n<ul>\n<li>ako je obrada nezakonita i protivite se brisanju osobnih podataka te umjesto toga zahtijevate ograni\u010denje njihove upotrebe,<\/li>\n<li>ako Insem-Atmos vi\u0161e ne treba osobne podatke za svrhe obrade, ve\u0107 ih Vi trebate radi postavljanja, ostvarivanja ili obranu pravnih zahtjeva,<\/li>\n<li>ako ste ulo\u017eili prigovor u vezi s obradom, dok se ne provjeri prevladavaju li zakoniti razlozi nadzornika obrade nad Va\u0161im razlozima.<\/li>\n<\/ul>\n<h3>Pravo na prijenos podataka<\/h3>\n<p>Imate pravo zaprimiti osobne podatke koji se odnose na Vas, a koje je posjedovao Insem-Atmos, u strukturiranom, uobi\u010dajeno upotrebljavanom i strojno \u010ditljivom obliku te pravo da te podatke proslijedite drugom nadzorniku obrade, a da Vas Insem-Atmos, kome su osobni podaci bili dostavljeni, pri tome ne mo\u017ee spre\u010davati ako:<\/p>\n<ul>\n<li>se obrada temelji na Va\u0161oj privoli ili ugovoru te<\/li>\n<li>se obrada izvr\u0161ava automatiziranim sredstvima.<\/li>\n<\/ul>\n<h3>Pravo na prigovor<\/h3>\n<p>Na temelju razloga povezanih s Va\u0161im posebnim polo\u017eajem imate pravo u bilo kojem trenutku prigovoriti obradi osobnih podataka ako se ista temelji na legitimnim interesima koje Insem-Atmos ili tre\u0107a strana nastoji ostvariti. Insem-Atmos \u0107e prestati obra\u0111ivati osobne podatke, osim ako doka\u017ee va\u017ene razloge za obradu koji prevladavaju nad Va\u0161im interesima, pravima i slobodama ili za postavljanje, ostvarivanja ili obranu pravnih zahtjeva. Ako se osobni podaci obra\u0111uju u svrhu izravnog ogla\u0161avanja, imate pravo u bilo kojem trenutku prigovoriti obradi Va\u0161ih osobnih podataka u svrhu takvog ogla\u0161avanja, uklju\u010duju\u0107i profiliranje ako je povezano s takvim izravnim ogla\u0161avanjem. Ako se izravno ogla\u0161avanje temelji na privoli, pravo na prigovor mo\u017ee se ostvariti povla\u010denjem dane osobne privole.<\/p>\n<h3>Postupak ostvarivanja prava<\/h3>\n<p>Sve gore navedene zahtjeve koji se odnose na ostvarivanje prava u vezi s Va\u0161im osobnim podacima mo\u017eete ostvariti tako da ih uputite nadzorniku obrade u pisanom obliku, i to na adresu e-po\u0161te: <a href=\"mailto:info@insem-atmos.si\">info@insem-atmos.si<\/a> uz povratnicu (zahtijevaj potvrdu o \u010ditanju) ili preporu\u010deno po\u0161tom na adresu: Insem-Atmos d.o.o., Slivni\u0161ka cesta 6, 2311 Ho\u010de.<\/p>\n<p>Ako u skladu s gornjim stavkom zahtjev dostavite elektroni\u010dkim putem te ako je to mogu\u0107e, informacije \u0107e Vam se pru\u017eiti elektroni\u010dkim putem, osim u slu\u010daju da zahtijevate druk\u010dije.<\/p>\n<p>Nadzornik obrade mo\u017ee, za potrebe pouzdane identifikacije u slu\u010daju ostvarenja Va\u0161ih prava u vezi osobnih podataka, od Vas zahtijevati dodatne podatke koji su potrebni za potvrdu Va\u0161eg identiteta, a u skladu s ovim poglavljem mo\u017ee odbiti rje\u0161avanje isklju\u010divo ako doka\u017ee da Vas ne mo\u017ee pouzdano identificirati.<\/p>\n<p>Nadzornik obrade \u0107e na zahtjev usmjeren na ostvarivanje Va\u0161eg prava u vezi Va\u0161ih osobnih podataka odgovoriti bez nepotrebne odgode i u roku od najkasnije jednog mjeseca od zaprimanja zahtjeva. Insem-Atmos mo\u017ee rok za ostvarivanje prava produ\u017eiti za najdulje dva dodatna mjeseca, uzimaju\u0107i u obzir kompleksnost i broj zahtjeva. Ako Insem-Atmos produ\u017ei rok, o svakom takvom produljenju obavijestit \u0107e Vas u roku od jednog mjeseca od zaprimanja zahtjeva, zajedno s razlozima za zaka\u0161njenje.<\/p>\n<p>Ako su Va\u0161i zahtjevi u skladu s ovim poglavljem o\u010dito neutemeljeni ili pretjerani, a naro\u010dito ako se ponavljaju, Insem-Atmos mo\u017ee:<\/p>\n<ul>\n<li>obra\u010dunati razumnu cijenu, pri \u010demu uzima u obzir administrativne tro\u0161kove proslje\u0111ivanja informacija ili poruke ili izvr\u0161avanja zahtijevane radnje.<\/li>\n<li>odbije rje\u0161avanje zahtjeva.<\/li>\n<\/ul>\n<h3>Pravo na podno\u0161enje pritu\u017ebe u vezi obrade osobnih podataka<\/h3>\n<p>Mogu\u0107u pritu\u017ebu u vezi obrade osobnih podataka mo\u017eete poslati na adresu elektroni\u010dke po\u0161te <a href=\"mailto:info@insem-atmos.si\">info@insem-atmos.si<\/a> uz povratnicu (zahtijevaj potvrdu o \u010ditanju) ili preporu\u010deno po\u0161tom na adresu: Insem-Atmos d.o.o., Slivni\u0161ka cesta 6, 2311 Ho\u010de.<\/p>\n<p>Imate pravo tako\u0111er podnijeti pritu\u017ebu izravno povjereniku za informacije ako smatrate da obrada osobnih podataka koji se odnose na Vas kr\u0161i slovenske propise ili propise EU iz podru\u010dja za\u0161tite osobnih podataka.<\/p>\n<h3>Temelji za obradu i svrhe obrade osobnih podataka<\/h3>\n<p>Insem-Atmos \u0107e obra\u0111ivati Va\u0161e osobne podatke u jednu od svrha navedenih u nastavku na temelju sljede\u0107ih pravnih temelja:<\/p>\n<ul>\n<li>Va\u0161a suglasnost ili privola,<\/li>\n<li>ispunjavanje zakonskih obveza nadzornika obrade,<\/li>\n<li>na temelju legitimnog interesa,<\/li>\n<li>ispunjavanje ugovorne obveze.<\/li>\n<\/ul>\n<p>Insem-Atmos \u0107e Va\u0161e osobne podatke obra\u0111ivati samo u svrhe za koje su mu dostavljeni te ih ne\u0107e obra\u0111ivati u svrhe koje nisu spojive sa svrhama za koje su prikupljeni. Insem-Atmos od korisnika prikuplja samo one osobne podatke koji su prijeko potrebni za postizanje pojedine svrhe.<\/p>\n<h3>Obrada za ispunjavanje ugovornih obveza<\/h3>\n<p>U odre\u0111enim primjerima obrada osobnih podataka je prijeko potrebna za ispunjavanje ugovornih obveza nadzornika obrade. U slu\u010daju da mu korisnik ne pru\u017ei potrebne podatke, nadzornik obrade ne mo\u017ee sklopiti ugovor s korisnikom ili pru\u017eiti uslugu.<\/p>\n<p>Nadzornik obrade \u0107e obra\u0111ivati Va\u0161e osobne podatke za ispunjavanje ugovornih obveza u sljede\u0107e svrhe:<\/p>\n<ul>\n<li>ugovorno rje\u0161enje poslovne suradnje,<\/li>\n<li>obavljanje aktivnosti odre\u0111enih u ugovoru o suradnji,<\/li>\n<li>komunikacija s izvo\u0111a\u010dima i drugim kontaktnim osobama stranke u svrhu obavljanja aktivnosti odre\u0111ene ugovorom o suradnji.<\/li>\n<\/ul>\n<h3>Obrada na temelju suglasnosti ili privole<\/h3>\n<p>Insem-Atmos \u0107e na temelju Va\u0161e pisane suglasnosti obra\u0111ivati Va\u0161e osobne podatke u sljede\u0107e svrhe:<\/p>\n<ul>\n<li>za slanje poruka e-po\u0161te (e-mail) u svrhu obavje\u0161tavanja o novostima i zanimljivostima u na\u0161oj ponudi, doga\u0111ajima, poslovnim prilikama te tako\u0111er o na\u0161oj odsutnosti,<\/li>\n<li>za pra\u0107enje \u010ditanja poslanih poruka e-po\u0161te, i to koju poruku e-po\u0161te ste otvorili ili niste, koje poveznice ste otvorili ili na koje ste kliknuli (koji sadr\u017eaj ste \u010ditali, odnosno pregledavali), koliko vremena ste \u010ditali ili pregledavali pojedini sadr\u017eaj,<\/li>\n<li>za svrhe analize na\u010dina postupanja korisnika na internetskoj stranici: odakle je korisnik do\u0161ao na internetsku stranicu (izvor prometa), za pra\u0107enje zadr\u017eavanja na internetskoj stranici, koje internetske stranice je posjetio, koje sadr\u017eaje je prenio ili ih je pregledao,<\/li>\n<li>za sve druge svrhe s kojima ste izri\u010dito suglasni u suradnji s nadzornikom obrade.<\/li>\n<\/ul>\n<p>U svim slu\u010dajevima kada date privolu za obradu Va\u0161ih osobnih podataka, tu privolu mo\u017eete u bilo kojem trenutku povu\u0107i preko adrese e-po\u0161te <a href=\"mailto:info@insem-atmos.si\">info@insem-atmos.si<\/a>.<\/p>\n<p>Korisnik mo\u017ee privolu danu za pojedine svrhe obrade povu\u0107i ili jo\u0161 dati privolu i za druge svrhe obrade svojih osobnih podataka preko elektroni\u010dke po\u0161te <a href=\"mailto:info@insem-atmos.si\">info@insem-atmos.si<\/a>.<\/p>\n<h3>Obrada je potrebna za ispunjavanje zakonskih obveza Insem-Atmos<\/h3>\n<p>Va\u0161e osobne podatke tako\u0111er obra\u0111ujemo kada to od nas zahtijeva zakon. Primjer takve svrhe obrade je obrada Va\u0161ih osobnih podataka za potrebe sudskih ili upravnih postupaka.<\/p>\n<h3>Obrada na temelju legitimnog interesa koji Insem-Atmos nastoji ostvariti<\/h3>\n<p>Nadzornik obrade mo\u017ee tako\u0111er obra\u0111ivati podatke na temelju legitimnog interesa, osim kada nad takvim interesima prevladaju interesi ili temeljna prava i slobode korisnika na koga se odnose osobni podaci koji zahtijevaju za\u0161titu osobnih podataka. U slu\u010daju upotrebe legitimnog interesa, nadzornik obrade \u0107e uvijek izvr\u0161iti preispitivanje u skladu s Op\u0107om uredbom o za\u0161titi podataka.<\/p>\n<p>Na temelju legitimnog interesa, Insem-Atmos \u0107e Va\u0161e osobne podatke obra\u0111ivati u sljede\u0107e svrhe:<\/p>\n<ul>\n<li>Marketin\u0161ke, poslovne i druge tehni\u010dke analize, kao na primjer, analiziranje i utvr\u0111ivanje iz kojih organizacija dolaze poslovni partneri te kakve du\u017enosti obna\u0161aju u tim organizacijama.<\/li>\n<li>Spre\u010davanje zloupotreba, osiguravanje sigurnosti, priznavanje zahtjeva ili obrana od zahtjeva u upravnim i sudskim postupcima. Tako nadzornik obrade mo\u017ee, u slu\u010daju sumnje u zloupotrebu, u primjerenom i razmjernom opsegu obraditi Va\u0161e osobne podatke u svrhu identifikacije i spre\u010davanja mogu\u0107ih prijevara ili zloupotreba te mo\u017ee, ako je to potrebno, te podatke tako\u0111er proslijediti policiji, dr\u017eavnom odvjetni\u0161tvu ili drugim nadle\u017enim tijelima.<\/li>\n<li>Izravno ogla\u0161avanje, uklju\u010duju\u0107i izradu profila korisnika na temelju prethodno zakonito prikupljenih osobnih podataka. U bilo kojem trenutku mo\u017eete prigovoriti navedenoj obradi u skladu s Va\u0161im pravima.<\/li>\n<\/ul>\n<h3>Valjanost<\/h3>\n<p>Vrijedi od 11.09.2020. nadalje i mo\u017ee se izmijeniti ili dopuniti u bilo kojem trenutku.<\/p>\n\t\t\t\t\t\t\t\t<\/div>\n\t\t\t\t<\/div>\n\t\t\t\t\t<\/div>\n\t\t<\/div>\n\t\t\t\t\t<\/div>\n\t\t<\/section>\n\t\t\t\t<\/div>\n\t\t","protected":false},"excerpt":{"rendered":"<p>Sukladnost s propisima u vezi za\u0161tite podataka Prava korisnika u vezi sa za\u0161titom osobnih podataka U skladu s Op\u0107om uredbom o za\u0161titi osobnih podataka, Insem-Atmos Vam jam\u010di sljede\u0107a prava u vezi sa za\u0161titom osobnih podataka, a koja su detaljnije razra\u0111ena u nastavku: pravo pristupa podacima, pravo na ispravak, pravo brisanja (\u201epravo na zaborav\u201c), pravo na [&hellip;]<\/p>\n","protected":false},"author":7,"featured_media":2470,"parent":0,"menu_order":100,"comment_status":"closed","ping_status":"closed","template":"","meta":{"site-sidebar-layout":"no-sidebar","site-content-layout":"page-builder","ast-site-content-layout":"default","site-content-style":"default","site-sidebar-style":"default","ast-global-header-display":"","ast-banner-title-visibility":"","ast-main-header-display":"disabled","ast-hfb-above-header-display":"","ast-hfb-below-header-display":"","ast-hfb-mobile-header-display":"","site-post-title":"disabled","ast-breadcrumbs-content":"disabled","ast-featured-img":"disabled","footer-sml-layout":"disabled","ast-disable-related-posts":"","theme-transparent-header-meta":"default","adv-header-id-meta":"","stick-header-meta":"","header-above-stick-meta":"","header-main-stick-meta":"","header-below-stick-meta":"","astra-migrate-meta-layouts":"default","ast-page-background-enabled":"default","ast-page-background-meta":{"desktop":{"background-color":"","background-image":"","background-repeat":"repeat","background-position":"center center","background-size":"auto","background-attachment":"scroll","background-type":"","background-media":"","overlay-type":"","overlay-color":"","overlay-opacity":"","overlay-gradient":""},"tablet":{"background-color":"","background-image":"","background-repeat":"repeat","background-position":"center center","background-size":"auto","background-attachment":"scroll","background-type":"","background-media":"","overlay-type":"","overlay-color":"","overlay-opacity":"","overlay-gradient":""},"mobile":{"background-color":"","background-image":"","background-repeat":"repeat","background-position":"center center","background-size":"auto","background-attachment":"scroll","background-type":"","background-media":"","overlay-type":"","overlay-color":"","overlay-opacity":"","overlay-gradient":""}},"ast-content-background-meta":{"desktop":{"background-color":"var(--ast-global-color-5)","background-image":"","background-repeat":"repeat","background-position":"center center","background-size":"auto","background-attachment":"scroll","background-type":"","background-media":"","overlay-type":"","overlay-color":"","overlay-opacity":"","overlay-gradient":""},"tablet":{"background-color":"var(--ast-global-color-5)","background-image":"","background-repeat":"repeat","background-position":"center center","background-size":"auto","background-attachment":"scroll","background-type":"","background-media":"","overlay-type":"","overlay-color":"","overlay-opacity":"","overlay-gradient":""},"mobile":{"background-color":"var(--ast-global-color-5)","background-image":"","background-repeat":"repeat","background-position":"center center","background-size":"auto","background-attachment":"scroll","background-type":"","background-media":"","overlay-type":"","overlay-color":"","overlay-opacity":"","overlay-gradient":""}},"footnotes":""},"class_list":["post-3011","page","type-page","status-publish","has-post-thumbnail","hentry"],"_links":{"self":[{"href":"https:\/\/www.insem-atmos.si\/hr\/wp-json\/wp\/v2\/pages\/3011","targetHints":{"allow":["GET"]}}],"collection":[{"href":"https:\/\/www.insem-atmos.si\/hr\/wp-json\/wp\/v2\/pages"}],"about":[{"href":"https:\/\/www.insem-atmos.si\/hr\/wp-json\/wp\/v2\/types\/page"}],"author":[{"embeddable":true,"href":"https:\/\/www.insem-atmos.si\/hr\/wp-json\/wp\/v2\/users\/7"}],"replies":[{"embeddable":true,"href":"https:\/\/www.insem-atmos.si\/hr\/wp-json\/wp\/v2\/comments?post=3011"}],"version-history":[{"count":11,"href":"https:\/\/www.insem-atmos.si\/hr\/wp-json\/wp\/v2\/pages\/3011\/revisions"}],"predecessor-version":[{"id":3523,"href":"https:\/\/www.insem-atmos.si\/hr\/wp-json\/wp\/v2\/pages\/3011\/revisions\/3523"}],"wp:featuredmedia":[{"embeddable":true,"href":"https:\/\/www.insem-atmos.si\/hr\/wp-json\/wp\/v2\/media\/2470"}],"wp:attachment":[{"href":"https:\/\/www.insem-atmos.si\/hr\/wp-json\/wp\/v2\/media?parent=3011"}],"curies":[{"name":"wp","href":"https:\/\/api.w.org\/{rel}","templated":true}]}}