{"id":3005,"date":"2021-03-25T17:45:04","date_gmt":"2021-03-25T16:45:04","guid":{"rendered":"http:\/\/www.insem-atmos.si\/o-nama\/zasto-odabrati-nas\/"},"modified":"2021-03-26T15:26:10","modified_gmt":"2021-03-26T14:26:10","slug":"zasto-odabrati-nas","status":"publish","type":"page","link":"https:\/\/www.insem-atmos.si\/hr\/o-nama\/zasto-odabrati-nas\/","title":{"rendered":"Za\u0161to odabrati nas"},"content":{"rendered":"\t\t<div data-elementor-type=\"wp-page\" data-elementor-id=\"3005\" class=\"elementor elementor-3005 elementor-157\" data-elementor-post-type=\"page\">\n\t\t\t\t\t\t<section class=\"elementor-section elementor-top-section elementor-element elementor-element-2068869 elementor-section-full_width elementor-section-height-default elementor-section-height-default\" data-id=\"2068869\" data-element_type=\"section\" data-e-type=\"section\">\n\t\t\t\t\t\t<div class=\"elementor-container elementor-column-gap-no\">\n\t\t\t\t\t<div class=\"elementor-column elementor-col-100 elementor-top-column elementor-element elementor-element-af15020\" data-id=\"af15020\" data-element_type=\"column\" data-e-type=\"column\">\n\t\t\t<div class=\"elementor-widget-wrap elementor-element-populated\">\n\t\t\t\t\t\t<div class=\"elementor-element elementor-element-03d1fd1 elementor-widget elementor-widget-template\" data-id=\"03d1fd1\" data-element_type=\"widget\" data-e-type=\"widget\" data-widget_type=\"template.default\">\n\t\t\t\t<div class=\"elementor-widget-container\">\n\t\t\t\t\t\t\t<div class=\"elementor-template\">\n\t\t\t\t\t<div data-elementor-type=\"section\" data-elementor-id=\"942\" class=\"elementor elementor-942\" data-elementor-post-type=\"elementor_library\">\n\t\t\t\t\t<section class=\"elementor-section elementor-top-section elementor-element elementor-element-d4b5bda elementor-section-full_width elementor-reverse-tablet elementor-reverse-mobile elementor-section-height-default elementor-section-height-default\" data-id=\"d4b5bda\" data-element_type=\"section\" data-e-type=\"section\" data-settings=\"{&quot;background_background&quot;:&quot;classic&quot;}\">\n\t\t\t\t\t\t<div class=\"elementor-container elementor-column-gap-default\">\n\t\t\t\t\t<div data-dce-background-color=\"#FDD303\" class=\"elementor-column elementor-col-50 elementor-top-column elementor-element elementor-element-46227c0\" data-id=\"46227c0\" data-element_type=\"column\" data-e-type=\"column\" data-settings=\"{&quot;background_background&quot;:&quot;classic&quot;}\">\n\t\t\t<div class=\"elementor-widget-wrap elementor-element-populated\">\n\t\t\t\t\t\t\t<\/div>\n\t\t<\/div>\n\t\t\t\t<div data-dce-background-image-url=\"https:\/\/www.insem-atmos.si\/wp-content\/uploads\/2020\/10\/zerjav-street-insem-atmos.jpg\" class=\"elementor-column elementor-col-50 elementor-top-column elementor-element elementor-element-bbc23cd\" data-id=\"bbc23cd\" data-element_type=\"column\" data-e-type=\"column\" data-settings=\"{&quot;background_background&quot;:&quot;classic&quot;}\">\n\t\t\t<div class=\"elementor-widget-wrap elementor-element-populated\">\n\t\t\t\t\t\t<div class=\"elementor-element elementor-element-147ff27 elementor-widget elementor-widget-spacer\" data-id=\"147ff27\" data-element_type=\"widget\" data-e-type=\"widget\" data-widget_type=\"spacer.default\">\n\t\t\t\t<div class=\"elementor-widget-container\">\n\t\t\t\t\t\t\t<div class=\"elementor-spacer\">\n\t\t\t<div class=\"elementor-spacer-inner\"><\/div>\n\t\t<\/div>\n\t\t\t\t\t\t<\/div>\n\t\t\t\t<\/div>\n\t\t\t\t\t<\/div>\n\t\t<\/div>\n\t\t\t\t\t<\/div>\n\t\t<\/section>\n\t\t\t\t<\/div>\n\t\t\t\t<\/div>\n\t\t\t\t\t\t<\/div>\n\t\t\t\t<\/div>\n\t\t\t\t\t<\/div>\n\t\t<\/div>\n\t\t\t\t\t<\/div>\n\t\t<\/section>\n\t\t\t\t<section class=\"elementor-section elementor-top-section elementor-element elementor-element-020edcf elementor-section-boxed elementor-section-height-default elementor-section-height-default\" data-id=\"020edcf\" data-element_type=\"section\" data-e-type=\"section\">\n\t\t\t\t\t\t<div class=\"elementor-container elementor-column-gap-default\">\n\t\t\t\t\t<div class=\"elementor-column elementor-col-33 elementor-top-column elementor-element elementor-element-11021cd elementor-hidden-tablet elementor-hidden-phone\" data-id=\"11021cd\" data-element_type=\"column\" data-e-type=\"column\" data-settings=\"{&quot;background_background&quot;:&quot;classic&quot;}\">\n\t\t\t<div class=\"elementor-widget-wrap elementor-element-populated\">\n\t\t\t\t\t\t<div class=\"elementor-element elementor-element-281e781 elementor-nav-menu--dropdown-none elementor-nav-menu__align-end elementor-hidden-phone elementor-widget elementor-widget-nav-menu\" data-id=\"281e781\" data-element_type=\"widget\" data-e-type=\"widget\" data-settings=\"{&quot;layout&quot;:&quot;vertical&quot;,&quot;submenu_icon&quot;:{&quot;value&quot;:&quot;&lt;i class=\\&quot;\\&quot; aria-hidden=\\&quot;true\\&quot;&gt;&lt;\\\/i&gt;&quot;,&quot;library&quot;:&quot;&quot;}}\" data-widget_type=\"nav-menu.default\">\n\t\t\t\t<div class=\"elementor-widget-container\">\n\t\t\t\t\t\t\t\t<nav aria-label=\"Menu\" class=\"elementor-nav-menu--main elementor-nav-menu__container elementor-nav-menu--layout-vertical e--pointer-none\">\n\t\t\t\t<ul id=\"menu-1-281e781\" class=\"elementor-nav-menu sm-vertical\"><li class=\"menu-item menu-item-type-post_type menu-item-object-page menu-item-3193\"><a href=\"https:\/\/www.insem-atmos.si\/hr\/o-nama\/\" class=\"elementor-item menu-link\">O nama<\/a><\/li>\n<li class=\"menu-item menu-item-type-post_type menu-item-object-page menu-item-3194\"><a href=\"https:\/\/www.insem-atmos.si\/hr\/o-nama\/povijest-tvrtke\/\" class=\"elementor-item menu-link\">Povijest tvrtke<\/a><\/li>\n<li class=\"menu-item menu-item-type-post_type menu-item-object-page menu-item-3201\"><a href=\"https:\/\/www.insem-atmos.si\/hr\/o-nama\/insem-atmos-zerjavi-in-dvizna-tehnika-d-o-o\/\" class=\"elementor-item menu-link\">Poslovna iskaznica<\/a><\/li>\n<li class=\"menu-item menu-item-type-post_type menu-item-object-page menu-item-3202\"><a href=\"https:\/\/www.insem-atmos.si\/hr\/o-nama\/kontakti\/\" class=\"elementor-item menu-link\">Kontakti<\/a><\/li>\n<li class=\"menu-item menu-item-type-post_type menu-item-object-page menu-item-3203\"><a href=\"https:\/\/www.insem-atmos.si\/hr\/o-nama\/kako-do-nas\/\" class=\"elementor-item menu-link\">Kako do nas<\/a><\/li>\n<li class=\"menu-item menu-item-type-post_type menu-item-object-page menu-item-3204\"><a href=\"https:\/\/www.insem-atmos.si\/hr\/o-nama\/zasto-odabrati-nas\/\" class=\"elementor-item menu-link\">Za\u0161to odabrati nas<\/a><\/li>\n<\/ul>\t\t\t<\/nav>\n\t\t\t\t\t\t<nav class=\"elementor-nav-menu--dropdown elementor-nav-menu__container\" aria-hidden=\"true\">\n\t\t\t\t<ul id=\"menu-2-281e781\" class=\"elementor-nav-menu sm-vertical\"><li class=\"menu-item menu-item-type-post_type menu-item-object-page menu-item-3193\"><a href=\"https:\/\/www.insem-atmos.si\/hr\/o-nama\/\" class=\"elementor-item menu-link\" tabindex=\"-1\">O nama<\/a><\/li>\n<li class=\"menu-item menu-item-type-post_type menu-item-object-page menu-item-3194\"><a href=\"https:\/\/www.insem-atmos.si\/hr\/o-nama\/povijest-tvrtke\/\" class=\"elementor-item menu-link\" tabindex=\"-1\">Povijest tvrtke<\/a><\/li>\n<li class=\"menu-item menu-item-type-post_type menu-item-object-page menu-item-3201\"><a href=\"https:\/\/www.insem-atmos.si\/hr\/o-nama\/insem-atmos-zerjavi-in-dvizna-tehnika-d-o-o\/\" class=\"elementor-item menu-link\" tabindex=\"-1\">Poslovna iskaznica<\/a><\/li>\n<li class=\"menu-item menu-item-type-post_type menu-item-object-page menu-item-3202\"><a href=\"https:\/\/www.insem-atmos.si\/hr\/o-nama\/kontakti\/\" class=\"elementor-item menu-link\" tabindex=\"-1\">Kontakti<\/a><\/li>\n<li class=\"menu-item menu-item-type-post_type menu-item-object-page menu-item-3203\"><a href=\"https:\/\/www.insem-atmos.si\/hr\/o-nama\/kako-do-nas\/\" class=\"elementor-item menu-link\" tabindex=\"-1\">Kako do nas<\/a><\/li>\n<li class=\"menu-item menu-item-type-post_type menu-item-object-page menu-item-3204\"><a href=\"https:\/\/www.insem-atmos.si\/hr\/o-nama\/zasto-odabrati-nas\/\" class=\"elementor-item menu-link\" tabindex=\"-1\">Za\u0161to odabrati nas<\/a><\/li>\n<\/ul>\t\t\t<\/nav>\n\t\t\t\t\t\t<\/div>\n\t\t\t\t<\/div>\n\t\t\t\t\t<\/div>\n\t\t<\/div>\n\t\t\t\t<div class=\"elementor-column elementor-col-66 elementor-top-column elementor-element elementor-element-663f02e\" data-id=\"663f02e\" data-element_type=\"column\" data-e-type=\"column\">\n\t\t\t<div class=\"elementor-widget-wrap elementor-element-populated\">\n\t\t\t\t\t\t<div class=\"elementor-element elementor-element-0b5880f elementor-widget elementor-widget-text-editor\" data-id=\"0b5880f\" data-element_type=\"widget\" data-e-type=\"widget\" data-widget_type=\"text-editor.default\">\n\t\t\t\t<div class=\"elementor-widget-container\">\n\t\t\t\t\t\t\t\t\t<p>Na\u0161a tvrtka specijalizirana je za izradu industrijskih kranova (industrijskih dizalica) i tehnike za podizanje. Od osnivanja <b>do danas proizveli smo vi\u0161e od 2700 kranova (dizalica) svih vrsta<\/b>, od manjih mosnih kranova ili mosnih dizalica, konzolnih kranova do ve\u0107ih mosnih kranova s klasi\u010dnim ma\u010dkama nosivosti 100 t i vi\u0161e.<\/p>\n<p>Na\u0161i kranovi ili dizalice uvijek su <b>predmeti s najzahtjevnijim zadacima i okolinom.<\/b> Prona\u0107i \u0107ete ih u \u010deli\u010danama, nuklearnim elektranama, preradi otpadnih materijala, hidroelektranama, automatiziranim skladi\u0161tima, \u2026<\/p>\n<p>Uspjeli smo u <b>mnogim specijalnim projektima<\/b> od izrade transportnih kolica, specijalnih vitla za podizanje do posebnih mehanizama za podizanje za rukovanje raznovrsnim teretom. Na\u0161e proizvode <b>prodajemo i montiramo u Sloveniji i drugdje u svijetu:<\/b> u Hrvatskoj, Poljskoj, Njema\u010dkoj, Austriji te ne\u0161to malo u Africi i Rusiji.<\/p>\n<p>Na\u0161i standardni kranovi opremljeni su vrhunskom opremom engleskog proizvo\u0111a\u010da Street Crane. Njihova oprema za kranove je u usporedbi s konkurencijom znatno robusnija, zahtijeva manje odr\u017eavanja, a mo\u017ee se pohvaliti zna\u010dajkama kao \u0161to su bo\u010dni kota\u010di, vanjska ko\u010dnica, prekida\u010d za spre\u010davanje pada tereta i mnogo vi\u0161e.<\/p>\n<p><b>\u0160iroka ponuda proizvoda<\/b> proizvedenih u na\u0161oj tvrtki <b>za Vas je nadogra\u0111ena <\/b>pretprodajnim i postprodajnim uslugama: savjetovanjem, projektiranjem, servisom i odr\u017eavanjem pa \u010dak i modernizacijom ili rekonstrukcijom starijih kranova.<\/p>\n\t\t\t\t\t\t\t\t<\/div>\n\t\t\t\t<\/div>\n\t\t\t\t\t<\/div>\n\t\t<\/div>\n\t\t\t\t\t<\/div>\n\t\t<\/section>\n\t\t\t\t<section data-dce-background-color=\"#FFFFFF\" class=\"elementor-section elementor-top-section elementor-element elementor-element-208628d elementor-section-full_width elementor-section-height-default elementor-section-height-default\" data-id=\"208628d\" data-element_type=\"section\" data-e-type=\"section\" data-settings=\"{&quot;background_background&quot;:&quot;gradient&quot;}\">\n\t\t\t\t\t\t<div class=\"elementor-container elementor-column-gap-default\">\n\t\t\t\t\t<div class=\"elementor-column elementor-col-50 elementor-top-column elementor-element elementor-element-7c0c9e8 elementor-hidden-tablet elementor-hidden-phone\" data-id=\"7c0c9e8\" data-element_type=\"column\" data-e-type=\"column\" data-settings=\"{&quot;background_background&quot;:&quot;classic&quot;}\">\n\t\t\t<div class=\"elementor-widget-wrap elementor-element-populated\">\n\t\t\t\t\t\t<div class=\"elementor-element elementor-element-50c9421 elementor-widget__width-initial elementor-widget elementor-widget-heading\" data-id=\"50c9421\" data-element_type=\"widget\" data-e-type=\"widget\" data-widget_type=\"heading.default\">\n\t\t\t\t<div class=\"elementor-widget-container\">\n\t\t\t\t\t<h2 class=\"elementor-heading-title elementor-size-default\">Nudimo Vam odli\u010dan servis!<\/h2>\t\t\t\t<\/div>\n\t\t\t\t<\/div>\n\t\t\t\t\t<\/div>\n\t\t<\/div>\n\t\t\t\t<div data-dce-background-color=\"#FDD303\" class=\"elementor-column elementor-col-50 elementor-top-column elementor-element elementor-element-006da45\" data-id=\"006da45\" data-element_type=\"column\" data-e-type=\"column\" data-settings=\"{&quot;background_background&quot;:&quot;classic&quot;}\">\n\t\t\t<div class=\"elementor-widget-wrap elementor-element-populated\">\n\t\t\t\t\t\t<div class=\"elementor-element elementor-element-38ce0ad elementor-hidden-desktop elementor-widget elementor-widget-heading\" data-id=\"38ce0ad\" data-element_type=\"widget\" data-e-type=\"widget\" data-widget_type=\"heading.default\">\n\t\t\t\t<div class=\"elementor-widget-container\">\n\t\t\t\t\t<h2 class=\"elementor-heading-title elementor-size-default\">Nudimo Vam odli\u010dan servis!<\/h2>\t\t\t\t<\/div>\n\t\t\t\t<\/div>\n\t\t\t\t<div class=\"elementor-element elementor-element-0a516c6 elementor-widget__width-initial elementor-widget elementor-widget-text-editor\" data-id=\"0a516c6\" data-element_type=\"widget\" data-e-type=\"widget\" data-widget_type=\"text-editor.default\">\n\t\t\t\t<div class=\"elementor-widget-container\">\n\t\t\t\t\t\t\t\t\t<p>Za na\u0161e klijente brinu <b>ekipe stru\u010dno osposobljenih montera i servisera<\/b> iz strojarstva i elektrotehnike.<\/p>\n<p>Dominiramo na\u0161im tr\u017ei\u0161tem i brinemo se da su Va\u0161i kranovi, kako stari tako i novi, u najboljem stanju.<\/p>\n<p><b>Klijenti imaju povjerenja u nas ve\u0107 vi\u0161e od 30 godina i sve je vi\u0161e novih<\/b> \u2013 prepoznali ste na\u0161 trud i kvalitetu, \u0161to nam daje zamah i sre\u0107u u poslu.<\/p>\n<p>Na\u0161i kranovi su visokokvalitetni, a na\u0161i proizvodi vrlo prilagodljivi \u2013 ponosni smo \u0161to posti\u017eemo taj cilj.<\/p>\n<p><b>Korisnici na\u0161ih kranova rade bolje, br\u017ee te prije svega, sigurnije!<\/b><\/p>\n\t\t\t\t\t\t\t\t<\/div>\n\t\t\t\t<\/div>\n\t\t\t\t\t<\/div>\n\t\t<\/div>\n\t\t\t\t\t<\/div>\n\t\t<\/section>\n\t\t\t\t<\/div>\n\t\t","protected":false},"excerpt":{"rendered":"<p>Na\u0161a tvrtka specijalizirana je za izradu industrijskih kranova (industrijskih dizalica) i tehnike za podizanje. Od osnivanja do danas proizveli smo vi\u0161e od 2700 kranova (dizalica) svih vrsta, od manjih mosnih kranova ili mosnih dizalica, konzolnih kranova do ve\u0107ih mosnih kranova s klasi\u010dnim ma\u010dkama nosivosti 100 t i vi\u0161e. Na\u0161i kranovi ili dizalice uvijek su predmeti [&hellip;]<\/p>\n","protected":false},"author":7,"featured_media":2470,"parent":2995,"menu_order":70,"comment_status":"closed","ping_status":"closed","template":"","meta":{"site-sidebar-layout":"no-sidebar","site-content-layout":"page-builder","ast-site-content-layout":"default","site-content-style":"default","site-sidebar-style":"default","ast-global-header-display":"","ast-banner-title-visibility":"","ast-main-header-display":"disabled","ast-hfb-above-header-display":"","ast-hfb-below-header-display":"","ast-hfb-mobile-header-display":"","site-post-title":"disabled","ast-breadcrumbs-content":"disabled","ast-featured-img":"disabled","footer-sml-layout":"disabled","ast-disable-related-posts":"","theme-transparent-header-meta":"default","adv-header-id-meta":"","stick-header-meta":"","header-above-stick-meta":"","header-main-stick-meta":"","header-below-stick-meta":"","astra-migrate-meta-layouts":"default","ast-page-background-enabled":"default","ast-page-background-meta":{"desktop":{"background-color":"","background-image":"","background-repeat":"repeat","background-position":"center center","background-size":"auto","background-attachment":"scroll","background-type":"","background-media":"","overlay-type":"","overlay-color":"","overlay-opacity":"","overlay-gradient":""},"tablet":{"background-color":"","background-image":"","background-repeat":"repeat","background-position":"center center","background-size":"auto","background-attachment":"scroll","background-type":"","background-media":"","overlay-type":"","overlay-color":"","overlay-opacity":"","overlay-gradient":""},"mobile":{"background-color":"","background-image":"","background-repeat":"repeat","background-position":"center center","background-size":"auto","background-attachment":"scroll","background-type":"","background-media":"","overlay-type":"","overlay-color":"","overlay-opacity":"","overlay-gradient":""}},"ast-content-background-meta":{"desktop":{"background-color":"var(--ast-global-color-5)","background-image":"","background-repeat":"repeat","background-position":"center center","background-size":"auto","background-attachment":"scroll","background-type":"","background-media":"","overlay-type":"","overlay-color":"","overlay-opacity":"","overlay-gradient":""},"tablet":{"background-color":"var(--ast-global-color-5)","background-image":"","background-repeat":"repeat","background-position":"center center","background-size":"auto","background-attachment":"scroll","background-type":"","background-media":"","overlay-type":"","overlay-color":"","overlay-opacity":"","overlay-gradient":""},"mobile":{"background-color":"var(--ast-global-color-5)","background-image":"","background-repeat":"repeat","background-position":"center center","background-size":"auto","background-attachment":"scroll","background-type":"","background-media":"","overlay-type":"","overlay-color":"","overlay-opacity":"","overlay-gradient":""}},"footnotes":""},"class_list":["post-3005","page","type-page","status-publish","has-post-thumbnail","hentry"],"_links":{"self":[{"href":"https:\/\/www.insem-atmos.si\/hr\/wp-json\/wp\/v2\/pages\/3005","targetHints":{"allow":["GET"]}}],"collection":[{"href":"https:\/\/www.insem-atmos.si\/hr\/wp-json\/wp\/v2\/pages"}],"about":[{"href":"https:\/\/www.insem-atmos.si\/hr\/wp-json\/wp\/v2\/types\/page"}],"author":[{"embeddable":true,"href":"https:\/\/www.insem-atmos.si\/hr\/wp-json\/wp\/v2\/users\/7"}],"replies":[{"embeddable":true,"href":"https:\/\/www.insem-atmos.si\/hr\/wp-json\/wp\/v2\/comments?post=3005"}],"version-history":[{"count":3,"href":"https:\/\/www.insem-atmos.si\/hr\/wp-json\/wp\/v2\/pages\/3005\/revisions"}],"predecessor-version":[{"id":3475,"href":"https:\/\/www.insem-atmos.si\/hr\/wp-json\/wp\/v2\/pages\/3005\/revisions\/3475"}],"up":[{"embeddable":true,"href":"https:\/\/www.insem-atmos.si\/hr\/wp-json\/wp\/v2\/pages\/2995"}],"wp:featuredmedia":[{"embeddable":true,"href":"https:\/\/www.insem-atmos.si\/hr\/wp-json\/wp\/v2\/media\/2470"}],"wp:attachment":[{"href":"https:\/\/www.insem-atmos.si\/hr\/wp-json\/wp\/v2\/media?parent=3005"}],"curies":[{"name":"wp","href":"https:\/\/api.w.org\/{rel}","templated":true}]}}