{"id":2997,"date":"2021-03-25T17:35:13","date_gmt":"2021-03-25T16:35:13","guid":{"rendered":"http:\/\/www.insem-atmos.si\/o-nama\/povijest-tvrtke\/"},"modified":"2021-03-26T14:53:50","modified_gmt":"2021-03-26T13:53:50","slug":"povijest-tvrtke","status":"publish","type":"page","link":"https:\/\/www.insem-atmos.si\/hr\/o-nama\/povijest-tvrtke\/","title":{"rendered":"Povijest tvrtke"},"content":{"rendered":"\t\t<div data-elementor-type=\"wp-page\" data-elementor-id=\"2997\" class=\"elementor elementor-2997 elementor-145\" data-elementor-post-type=\"page\">\n\t\t\t\t\t\t<section class=\"elementor-section elementor-top-section elementor-element elementor-element-57a2732b elementor-section-full_width elementor-section-height-default elementor-section-height-default\" data-id=\"57a2732b\" data-element_type=\"section\" data-e-type=\"section\">\n\t\t\t\t\t\t<div class=\"elementor-container elementor-column-gap-no\">\n\t\t\t\t\t<div class=\"elementor-column elementor-col-100 elementor-top-column elementor-element elementor-element-4b519175\" data-id=\"4b519175\" data-element_type=\"column\" data-e-type=\"column\">\n\t\t\t<div class=\"elementor-widget-wrap elementor-element-populated\">\n\t\t\t\t\t\t<div class=\"elementor-element elementor-element-4fae40b elementor-widget elementor-widget-template\" data-id=\"4fae40b\" data-element_type=\"widget\" data-e-type=\"widget\" data-widget_type=\"template.default\">\n\t\t\t\t<div class=\"elementor-widget-container\">\n\t\t\t\t\t\t\t<div class=\"elementor-template\">\n\t\t\t\t\t<div data-elementor-type=\"section\" data-elementor-id=\"942\" class=\"elementor elementor-942\" data-elementor-post-type=\"elementor_library\">\n\t\t\t\t\t<section class=\"elementor-section elementor-top-section elementor-element elementor-element-d4b5bda elementor-section-full_width elementor-reverse-tablet elementor-reverse-mobile elementor-section-height-default elementor-section-height-default\" data-id=\"d4b5bda\" data-element_type=\"section\" data-e-type=\"section\" data-settings=\"{&quot;background_background&quot;:&quot;classic&quot;}\">\n\t\t\t\t\t\t<div class=\"elementor-container elementor-column-gap-default\">\n\t\t\t\t\t<div data-dce-background-color=\"#FDD303\" class=\"elementor-column elementor-col-50 elementor-top-column elementor-element elementor-element-46227c0\" data-id=\"46227c0\" data-element_type=\"column\" data-e-type=\"column\" data-settings=\"{&quot;background_background&quot;:&quot;classic&quot;}\">\n\t\t\t<div class=\"elementor-widget-wrap elementor-element-populated\">\n\t\t\t\t\t\t\t<\/div>\n\t\t<\/div>\n\t\t\t\t<div data-dce-background-image-url=\"https:\/\/www.insem-atmos.si\/wp-content\/uploads\/2020\/10\/posest-nekdanjega-Atmosa.jpg\" class=\"elementor-column elementor-col-50 elementor-top-column elementor-element elementor-element-bbc23cd\" data-id=\"bbc23cd\" data-element_type=\"column\" data-e-type=\"column\" data-settings=\"{&quot;background_background&quot;:&quot;classic&quot;}\">\n\t\t\t<div class=\"elementor-widget-wrap elementor-element-populated\">\n\t\t\t\t\t\t<div class=\"elementor-element elementor-element-147ff27 elementor-widget elementor-widget-spacer\" data-id=\"147ff27\" data-element_type=\"widget\" data-e-type=\"widget\" data-widget_type=\"spacer.default\">\n\t\t\t\t<div class=\"elementor-widget-container\">\n\t\t\t\t\t\t\t<div class=\"elementor-spacer\">\n\t\t\t<div class=\"elementor-spacer-inner\"><\/div>\n\t\t<\/div>\n\t\t\t\t\t\t<\/div>\n\t\t\t\t<\/div>\n\t\t\t\t\t<\/div>\n\t\t<\/div>\n\t\t\t\t\t<\/div>\n\t\t<\/section>\n\t\t\t\t<\/div>\n\t\t\t\t<\/div>\n\t\t\t\t\t\t<\/div>\n\t\t\t\t<\/div>\n\t\t\t\t\t<\/div>\n\t\t<\/div>\n\t\t\t\t\t<\/div>\n\t\t<\/section>\n\t\t\t\t<section class=\"elementor-section elementor-top-section elementor-element elementor-element-359a5799 elementor-section-boxed elementor-section-height-default elementor-section-height-default\" data-id=\"359a5799\" data-element_type=\"section\" data-e-type=\"section\">\n\t\t\t\t\t\t<div class=\"elementor-container elementor-column-gap-default\">\n\t\t\t\t\t<div class=\"elementor-column elementor-col-33 elementor-top-column elementor-element elementor-element-7402d840 elementor-hidden-tablet elementor-hidden-phone\" data-id=\"7402d840\" data-element_type=\"column\" data-e-type=\"column\" data-settings=\"{&quot;background_background&quot;:&quot;classic&quot;}\">\n\t\t\t<div class=\"elementor-widget-wrap elementor-element-populated\">\n\t\t\t\t\t\t<div class=\"elementor-element elementor-element-d0eafa6 elementor-nav-menu--dropdown-none elementor-nav-menu__align-end elementor-hidden-phone elementor-widget elementor-widget-nav-menu\" data-id=\"d0eafa6\" data-element_type=\"widget\" data-e-type=\"widget\" data-settings=\"{&quot;layout&quot;:&quot;vertical&quot;,&quot;submenu_icon&quot;:{&quot;value&quot;:&quot;&lt;i class=\\&quot;\\&quot; aria-hidden=\\&quot;true\\&quot;&gt;&lt;\\\/i&gt;&quot;,&quot;library&quot;:&quot;&quot;}}\" data-widget_type=\"nav-menu.default\">\n\t\t\t\t<div class=\"elementor-widget-container\">\n\t\t\t\t\t\t\t\t<nav aria-label=\"Menu\" class=\"elementor-nav-menu--main elementor-nav-menu__container elementor-nav-menu--layout-vertical e--pointer-none\">\n\t\t\t\t<ul id=\"menu-1-d0eafa6\" class=\"elementor-nav-menu sm-vertical\"><li class=\"menu-item menu-item-type-post_type menu-item-object-page menu-item-3193\"><a href=\"https:\/\/www.insem-atmos.si\/hr\/o-nama\/\" class=\"elementor-item menu-link\">O nama<\/a><\/li>\n<li class=\"menu-item menu-item-type-post_type menu-item-object-page menu-item-3194\"><a href=\"https:\/\/www.insem-atmos.si\/hr\/o-nama\/povijest-tvrtke\/\" class=\"elementor-item menu-link\">Povijest tvrtke<\/a><\/li>\n<li class=\"menu-item menu-item-type-post_type menu-item-object-page menu-item-3201\"><a href=\"https:\/\/www.insem-atmos.si\/hr\/o-nama\/insem-atmos-zerjavi-in-dvizna-tehnika-d-o-o\/\" class=\"elementor-item menu-link\">Poslovna iskaznica<\/a><\/li>\n<li class=\"menu-item menu-item-type-post_type menu-item-object-page menu-item-3202\"><a href=\"https:\/\/www.insem-atmos.si\/hr\/o-nama\/kontakti\/\" class=\"elementor-item menu-link\">Kontakti<\/a><\/li>\n<li class=\"menu-item menu-item-type-post_type menu-item-object-page menu-item-3203\"><a href=\"https:\/\/www.insem-atmos.si\/hr\/o-nama\/kako-do-nas\/\" class=\"elementor-item menu-link\">Kako do nas<\/a><\/li>\n<li class=\"menu-item menu-item-type-post_type menu-item-object-page menu-item-3204\"><a href=\"https:\/\/www.insem-atmos.si\/hr\/o-nama\/zasto-odabrati-nas\/\" class=\"elementor-item menu-link\">Za\u0161to odabrati nas<\/a><\/li>\n<\/ul>\t\t\t<\/nav>\n\t\t\t\t\t\t<nav class=\"elementor-nav-menu--dropdown elementor-nav-menu__container\" aria-hidden=\"true\">\n\t\t\t\t<ul id=\"menu-2-d0eafa6\" class=\"elementor-nav-menu sm-vertical\"><li class=\"menu-item menu-item-type-post_type menu-item-object-page menu-item-3193\"><a href=\"https:\/\/www.insem-atmos.si\/hr\/o-nama\/\" class=\"elementor-item menu-link\" tabindex=\"-1\">O nama<\/a><\/li>\n<li class=\"menu-item menu-item-type-post_type menu-item-object-page menu-item-3194\"><a href=\"https:\/\/www.insem-atmos.si\/hr\/o-nama\/povijest-tvrtke\/\" class=\"elementor-item menu-link\" tabindex=\"-1\">Povijest tvrtke<\/a><\/li>\n<li class=\"menu-item menu-item-type-post_type menu-item-object-page menu-item-3201\"><a href=\"https:\/\/www.insem-atmos.si\/hr\/o-nama\/insem-atmos-zerjavi-in-dvizna-tehnika-d-o-o\/\" class=\"elementor-item menu-link\" tabindex=\"-1\">Poslovna iskaznica<\/a><\/li>\n<li class=\"menu-item menu-item-type-post_type menu-item-object-page menu-item-3202\"><a href=\"https:\/\/www.insem-atmos.si\/hr\/o-nama\/kontakti\/\" class=\"elementor-item menu-link\" tabindex=\"-1\">Kontakti<\/a><\/li>\n<li class=\"menu-item menu-item-type-post_type menu-item-object-page menu-item-3203\"><a href=\"https:\/\/www.insem-atmos.si\/hr\/o-nama\/kako-do-nas\/\" class=\"elementor-item menu-link\" tabindex=\"-1\">Kako do nas<\/a><\/li>\n<li class=\"menu-item menu-item-type-post_type menu-item-object-page menu-item-3204\"><a href=\"https:\/\/www.insem-atmos.si\/hr\/o-nama\/zasto-odabrati-nas\/\" class=\"elementor-item menu-link\" tabindex=\"-1\">Za\u0161to odabrati nas<\/a><\/li>\n<\/ul>\t\t\t<\/nav>\n\t\t\t\t\t\t<\/div>\n\t\t\t\t<\/div>\n\t\t\t\t\t<\/div>\n\t\t<\/div>\n\t\t\t\t<div class=\"elementor-column elementor-col-66 elementor-top-column elementor-element elementor-element-68cf973\" data-id=\"68cf973\" data-element_type=\"column\" data-e-type=\"column\">\n\t\t\t<div class=\"elementor-widget-wrap elementor-element-populated\">\n\t\t\t\t\t\t<div class=\"elementor-element elementor-element-1371af78 elementor-widget elementor-widget-text-editor\" data-id=\"1371af78\" data-element_type=\"widget\" data-e-type=\"widget\" data-widget_type=\"text-editor.default\">\n\t\t\t\t<div class=\"elementor-widget-container\">\n\t\t\t\t\t\t\t\t\t<h2>Povijest dru\u0161tva Insem Atmos<\/h2>\n<p>Korijeni tvrtke Insem-Atmos se\u017eu do dru\u0161tva Atmos Ho\u010de koje je bilo osnovano 60-ih godina pro\u0161log stolje\u0107a te je s vi\u0161e od 400 zaposlenih bila najve\u0107a \u201eTvornica\u201c u Ho\u010dama. Glavna djelatnost bila je proizvodnja gra\u0111evinskih kranova, mosnih kranova te bitumenske tehnike, a tvrtka je imala vlastitu ljevaonicu i postrojenje za pro\u010di\u0161\u0107avanje otpadnih voda. Tvrtka je 1990. godine tijekom raspada biv\u0161e dr\u017eave prestala poslovati. Zapo\u0161ljavala je mnoge stru\u010dnjake iz strojarstva i elektrotehnike. Neki od njih su se kasnije zaposlili u na\u0161oj tvrtki Insem-Atmos. Dru\u0161tvo Insem-Atmos osnovali su Stjepan Komatovi\u0107 i Bojan Pu\u0161nik u velja\u010di 1990., a koji su prije bili zaposleni u dru\u0161tvu Atmos koje je prestalo s radom iste te godine. Sve od osnivanja 1990. godine, na\u0161a tvrtka kontinuirano je rasla i postala najve\u0107i proizvo\u0111a\u010d standardnih mosnih kranova.<\/p>\n\t\t\t\t\t\t\t\t<\/div>\n\t\t\t\t<\/div>\n\t\t\t\t<div class=\"elementor-element elementor-element-fcb2bc8 dce_masking-none elementor-widget elementor-widget-image\" data-id=\"fcb2bc8\" data-element_type=\"widget\" data-e-type=\"widget\" data-widget_type=\"image.default\">\n\t\t\t\t<div class=\"elementor-widget-container\">\n\t\t\t\t\t\t\t\t\t\t\t\t\t\t\t<img fetchpriority=\"high\" decoding=\"async\" width=\"768\" height=\"532\" src=\"https:\/\/www.insem-atmos.si\/wp-content\/uploads\/2020\/10\/pisarna_v_garazi-768x532.jpg\" class=\"attachment-medium_large size-medium_large wp-image-2606\" alt=\"\" srcset=\"https:\/\/www.insem-atmos.si\/wp-content\/uploads\/2020\/10\/pisarna_v_garazi-768x532.jpg 768w, https:\/\/www.insem-atmos.si\/wp-content\/uploads\/2020\/10\/pisarna_v_garazi-300x208.jpg 300w, https:\/\/www.insem-atmos.si\/wp-content\/uploads\/2020\/10\/pisarna_v_garazi.jpg 1000w\" sizes=\"(max-width: 768px) 100vw, 768px\" loading=\"eager\" \/>\t\t\t\t\t\t\t\t\t\t\t\t\t\t\t<\/div>\n\t\t\t\t<\/div>\n\t\t\t\t\t<\/div>\n\t\t<\/div>\n\t\t\t\t\t<\/div>\n\t\t<\/section>\n\t\t\t\t<section data-dce-background-color=\"#FFFFFF\" class=\"elementor-section elementor-top-section elementor-element elementor-element-4df0eb06 elementor-section-full_width elementor-section-height-default elementor-section-height-default\" data-id=\"4df0eb06\" data-element_type=\"section\" data-e-type=\"section\" data-settings=\"{&quot;background_background&quot;:&quot;gradient&quot;}\">\n\t\t\t\t\t\t<div class=\"elementor-container elementor-column-gap-default\">\n\t\t\t\t\t<div class=\"elementor-column elementor-col-50 elementor-top-column elementor-element elementor-element-668ff0d1 elementor-hidden-tablet elementor-hidden-phone\" data-id=\"668ff0d1\" data-element_type=\"column\" data-e-type=\"column\" data-settings=\"{&quot;background_background&quot;:&quot;classic&quot;}\">\n\t\t\t<div class=\"elementor-widget-wrap elementor-element-populated\">\n\t\t\t\t\t\t<div class=\"elementor-element elementor-element-79afa0fb elementor-widget__width-initial elementor-widget elementor-widget-heading\" data-id=\"79afa0fb\" data-element_type=\"widget\" data-e-type=\"widget\" data-widget_type=\"heading.default\">\n\t\t\t\t<div class=\"elementor-widget-container\">\n\t\t\t\t\t<h2 class=\"elementor-heading-title elementor-size-default\">Dru\u0161tvo je u prvim mjesecima poslovalo iz dje\u010dje sobe<\/h2>\t\t\t\t<\/div>\n\t\t\t\t<\/div>\n\t\t\t\t\t<\/div>\n\t\t<\/div>\n\t\t\t\t<div data-dce-background-color=\"#FDD303\" class=\"elementor-column elementor-col-50 elementor-top-column elementor-element elementor-element-5760f158\" data-id=\"5760f158\" data-element_type=\"column\" data-e-type=\"column\" data-settings=\"{&quot;background_background&quot;:&quot;classic&quot;}\">\n\t\t\t<div class=\"elementor-widget-wrap elementor-element-populated\">\n\t\t\t\t\t\t<div class=\"elementor-element elementor-element-e3c267f elementor-hidden-desktop elementor-widget elementor-widget-heading\" data-id=\"e3c267f\" data-element_type=\"widget\" data-e-type=\"widget\" data-widget_type=\"heading.default\">\n\t\t\t\t<div class=\"elementor-widget-container\">\n\t\t\t\t\t<h2 class=\"elementor-heading-title elementor-size-default\">Dru\u0161tvo je u prvim mjesecima poslovalo iz dje\u010dje sobe<\/h2>\t\t\t\t<\/div>\n\t\t\t\t<\/div>\n\t\t\t\t<div class=\"elementor-element elementor-element-cd0dda1 elementor-widget__width-initial elementor-widget elementor-widget-text-editor\" data-id=\"cd0dda1\" data-element_type=\"widget\" data-e-type=\"widget\" data-widget_type=\"text-editor.default\">\n\t\t\t\t<div class=\"elementor-widget-container\">\n\t\t\t\t\t\t\t\t\t<p>Dru\u0161tvo je u prvim mjesecima poslovalo iz dje\u010dje sobe u privatnoj ku\u0107i Stjepana Komatovi\u0107a. Dru\u0161tvo je najprije imalo 5 zaposlenika. Nastavilo je posao iz dru\u0161tva Atmos, naravno, u manjem opsegu (servisi kranova i prodaja rezervnih dijelova). Nakon dva mjeseca djelatnost se preselila u gara\u017eu na istoj adresi koja se na odgovaraju\u0107i na\u010din preuredila u uredski prostor. Ve\u0107 iste godine zapo\u010delo se s upotrebom ra\u010dunalnog sustava za ra\u010dunovodstvene svrhe. Od ste\u010dajnog upravitelja prethodnog dru\u0161tva smo 1991. godine kupili dio zemlji\u0161ta i ureda starog dru\u0161tva. Tamo smo sljede\u0107e godine izgradili poslovno-proizvodne prostore veli\u010dine pribli\u017eno 400 m2. Proizvodne prostore opremili smo s mosnim kranom od 5 t<\/p>\n\t\t\t\t\t\t\t\t<\/div>\n\t\t\t\t<\/div>\n\t\t\t\t\t<\/div>\n\t\t<\/div>\n\t\t\t\t\t<\/div>\n\t\t<\/section>\n\t\t\t\t<section class=\"elementor-section elementor-top-section elementor-element elementor-element-58477c2 elementor-section-boxed elementor-section-height-default elementor-section-height-default\" data-id=\"58477c2\" data-element_type=\"section\" data-e-type=\"section\">\n\t\t\t\t\t\t<div class=\"elementor-container elementor-column-gap-default\">\n\t\t\t\t\t<div class=\"elementor-column elementor-col-33 elementor-top-column elementor-element elementor-element-297223e elementor-hidden-tablet elementor-hidden-phone\" data-id=\"297223e\" data-element_type=\"column\" data-e-type=\"column\" data-settings=\"{&quot;background_background&quot;:&quot;classic&quot;}\">\n\t\t\t<div class=\"elementor-widget-wrap\">\n\t\t\t\t\t\t\t<\/div>\n\t\t<\/div>\n\t\t\t\t<div class=\"elementor-column elementor-col-66 elementor-top-column elementor-element elementor-element-503bc64\" data-id=\"503bc64\" data-element_type=\"column\" data-e-type=\"column\">\n\t\t\t<div class=\"elementor-widget-wrap elementor-element-populated\">\n\t\t\t\t\t\t<div class=\"elementor-element elementor-element-7580381 elementor-widget elementor-widget-text-editor\" data-id=\"7580381\" data-element_type=\"widget\" data-e-type=\"widget\" data-widget_type=\"text-editor.default\">\n\t\t\t\t<div class=\"elementor-widget-container\">\n\t\t\t\t\t\t\t\t\t<p>Broj zaposlenika se 1993. godine pove\u0107ao na 10. Zapo\u010deli smo izra\u0111ivati nove kranove i opremu za podizanje po narud\u017ebi pojedinih kupaca. Izra\u0111ivali smo tako\u0111er i proizvode od bitumenske tehnike, automobilske industrije, obnavljali gra\u0111evinske kranove i pru\u017eali razli\u010dite zahtjevne usluge. Broj naru\u010ditelja pove\u0107avao se iz godine u godinu. U tom razdoblju smo nagra\u0111eni od gospodarske komore Podravja kao \u201ePodravska\u201c gazela\u201c.<\/p>\n<p>Na zemlji\u0161tu pored postoje\u0107eg objekta smo 2004. godine izgradili novu proizvodnu halu i uredske prostore veli\u010dine pribli\u017eno 1000 m2.<\/p>\n<p>U njoj se 2005. godine zapo\u010delo s proizvodnjom, a ve\u0107 iste godine smo ju opremili novim mosnim kranom nosivosti 10 t.<\/p>\n\t\t\t\t\t\t\t\t<\/div>\n\t\t\t\t<\/div>\n\t\t\t\t<div class=\"elementor-element elementor-element-bc8e114 dce_masking-none elementor-widget elementor-widget-image\" data-id=\"bc8e114\" data-element_type=\"widget\" data-e-type=\"widget\" data-widget_type=\"image.default\">\n\t\t\t\t<div class=\"elementor-widget-container\">\n\t\t\t\t\t\t\t\t\t\t\t\t\t\t\t<img decoding=\"async\" width=\"768\" height=\"522\" src=\"https:\/\/www.insem-atmos.si\/wp-content\/uploads\/2020\/10\/gradnja_prve_hale-768x522.jpg\" class=\"attachment-medium_large size-medium_large wp-image-2602\" alt=\"\" srcset=\"https:\/\/www.insem-atmos.si\/wp-content\/uploads\/2020\/10\/gradnja_prve_hale-768x522.jpg 768w, https:\/\/www.insem-atmos.si\/wp-content\/uploads\/2020\/10\/gradnja_prve_hale-300x204.jpg 300w, https:\/\/www.insem-atmos.si\/wp-content\/uploads\/2020\/10\/gradnja_prve_hale.jpg 1000w\" sizes=\"(max-width: 768px) 100vw, 768px\" loading=\"eager\" \/>\t\t\t\t\t\t\t\t\t\t\t\t\t\t\t<\/div>\n\t\t\t\t<\/div>\n\t\t\t\t<div class=\"elementor-element elementor-element-173ccfe elementor-widget elementor-widget-text-editor\" data-id=\"173ccfe\" data-element_type=\"widget\" data-e-type=\"widget\" data-widget_type=\"text-editor.default\">\n\t\t\t\t<div class=\"elementor-widget-container\">\n\t\t\t\t\t\t\t\t\t<p>Do danas smo izradili preko 2700 razli\u010ditih kranova. Na\u0161e proizvode prodajemo i montiramo u Sloveniji, Hrvatskoj, Poljskoj, Njema\u010dkoj, Austriji te ne\u0161to malo u Africi i Rusiji. Tvrtka zapo\u0161ljava 40 ljudi.<\/p>\n<p>Na\u0161i proizvod su montirani i koriste se u najzahtjevnijim uvjetima kao \u0161to su \u010deli\u010dane, nuklearne elektrane, prerada otpadnih materijala, hidroelektrane, automatizirana skladi\u0161ta, itd.<\/p>\n<p>Ve\u0107 vi\u0161e od 10 godina smo ovla\u0161teni zastupnik opreme tvrtke Street Cranes, koja na\u0161e kranove izdvaja od konkurenata.<\/p>\n<p>Od 2007. godine prodajemo i ugra\u0111ujemo lan\u010dane dizalice tvrtke RWM iz Italije, koje su se brzo afirmirale na tr\u017ei\u0161tu budu\u0107i da su izvanredno robusne i jednostavne za odr\u017eavanje.<\/p>\n<p>Ve\u0107 vi\u0161e od 20 godina za napajanje na\u0161e opreme brinu se proizvodi tvrtke ByCarpel, najpouzdaniji klizni vodovi i kabelska vu\u010da na na\u0161em tr\u017ei\u0161tu.<\/p>\n<p>Iz malenog ureda u privatnoj ku\u0107i, na\u0161a je tvrtka u 30-ak godina izrasla u vode\u0107eg proizvo\u0111a\u010da tehnike podizanja u Sloveniji i susjednim zemljama.<\/p>\n\t\t\t\t\t\t\t\t<\/div>\n\t\t\t\t<\/div>\n\t\t\t\t<div class=\"elementor-element elementor-element-25c6491 dce_masking-none elementor-widget elementor-widget-image\" data-id=\"25c6491\" data-element_type=\"widget\" data-e-type=\"widget\" data-widget_type=\"image.default\">\n\t\t\t\t<div class=\"elementor-widget-container\">\n\t\t\t\t\t\t\t\t\t\t\t\t\t\t\t<img decoding=\"async\" width=\"768\" height=\"527\" src=\"https:\/\/www.insem-atmos.si\/wp-content\/uploads\/2020\/10\/ekipa_1991-768x527.jpg\" class=\"attachment-medium_large size-medium_large wp-image-2598\" alt=\"\" srcset=\"https:\/\/www.insem-atmos.si\/wp-content\/uploads\/2020\/10\/ekipa_1991-768x527.jpg 768w, https:\/\/www.insem-atmos.si\/wp-content\/uploads\/2020\/10\/ekipa_1991-300x206.jpg 300w, https:\/\/www.insem-atmos.si\/wp-content\/uploads\/2020\/10\/ekipa_1991.jpg 1000w\" sizes=\"(max-width: 768px) 100vw, 768px\" loading=\"eager\" \/>\t\t\t\t\t\t\t\t\t\t\t\t\t\t\t<\/div>\n\t\t\t\t<\/div>\n\t\t\t\t\t<\/div>\n\t\t<\/div>\n\t\t\t\t\t<\/div>\n\t\t<\/section>\n\t\t\t\t<\/div>\n\t\t","protected":false},"excerpt":{"rendered":"<p>Povijest dru\u0161tva Insem Atmos Korijeni tvrtke Insem-Atmos se\u017eu do dru\u0161tva Atmos Ho\u010de koje je bilo osnovano 60-ih godina pro\u0161log stolje\u0107a te je s vi\u0161e od 400 zaposlenih bila najve\u0107a \u201eTvornica\u201c u Ho\u010dama. Glavna djelatnost bila je proizvodnja gra\u0111evinskih kranova, mosnih kranova te bitumenske tehnike, a tvrtka je imala vlastitu ljevaonicu i postrojenje za pro\u010di\u0161\u0107avanje otpadnih [&hellip;]<\/p>\n","protected":false},"author":7,"featured_media":2584,"parent":2995,"menu_order":10,"comment_status":"closed","ping_status":"closed","template":"","meta":{"site-sidebar-layout":"no-sidebar","site-content-layout":"page-builder","ast-site-content-layout":"default","site-content-style":"default","site-sidebar-style":"default","ast-global-header-display":"","ast-banner-title-visibility":"","ast-main-header-display":"disabled","ast-hfb-above-header-display":"","ast-hfb-below-header-display":"","ast-hfb-mobile-header-display":"","site-post-title":"disabled","ast-breadcrumbs-content":"disabled","ast-featured-img":"disabled","footer-sml-layout":"disabled","ast-disable-related-posts":"","theme-transparent-header-meta":"default","adv-header-id-meta":"","stick-header-meta":"","header-above-stick-meta":"","header-main-stick-meta":"","header-below-stick-meta":"","astra-migrate-meta-layouts":"default","ast-page-background-enabled":"default","ast-page-background-meta":{"desktop":{"background-color":"","background-image":"","background-repeat":"repeat","background-position":"center center","background-size":"auto","background-attachment":"scroll","background-type":"","background-media":"","overlay-type":"","overlay-color":"","overlay-opacity":"","overlay-gradient":""},"tablet":{"background-color":"","background-image":"","background-repeat":"repeat","background-position":"center center","background-size":"auto","background-attachment":"scroll","background-type":"","background-media":"","overlay-type":"","overlay-color":"","overlay-opacity":"","overlay-gradient":""},"mobile":{"background-color":"","background-image":"","background-repeat":"repeat","background-position":"center center","background-size":"auto","background-attachment":"scroll","background-type":"","background-media":"","overlay-type":"","overlay-color":"","overlay-opacity":"","overlay-gradient":""}},"ast-content-background-meta":{"desktop":{"background-color":"var(--ast-global-color-5)","background-image":"","background-repeat":"repeat","background-position":"center center","background-size":"auto","background-attachment":"scroll","background-type":"","background-media":"","overlay-type":"","overlay-color":"","overlay-opacity":"","overlay-gradient":""},"tablet":{"background-color":"var(--ast-global-color-5)","background-image":"","background-repeat":"repeat","background-position":"center center","background-size":"auto","background-attachment":"scroll","background-type":"","background-media":"","overlay-type":"","overlay-color":"","overlay-opacity":"","overlay-gradient":""},"mobile":{"background-color":"var(--ast-global-color-5)","background-image":"","background-repeat":"repeat","background-position":"center center","background-size":"auto","background-attachment":"scroll","background-type":"","background-media":"","overlay-type":"","overlay-color":"","overlay-opacity":"","overlay-gradient":""}},"footnotes":""},"class_list":["post-2997","page","type-page","status-publish","has-post-thumbnail","hentry"],"_links":{"self":[{"href":"https:\/\/www.insem-atmos.si\/hr\/wp-json\/wp\/v2\/pages\/2997","targetHints":{"allow":["GET"]}}],"collection":[{"href":"https:\/\/www.insem-atmos.si\/hr\/wp-json\/wp\/v2\/pages"}],"about":[{"href":"https:\/\/www.insem-atmos.si\/hr\/wp-json\/wp\/v2\/types\/page"}],"author":[{"embeddable":true,"href":"https:\/\/www.insem-atmos.si\/hr\/wp-json\/wp\/v2\/users\/7"}],"replies":[{"embeddable":true,"href":"https:\/\/www.insem-atmos.si\/hr\/wp-json\/wp\/v2\/comments?post=2997"}],"version-history":[{"count":5,"href":"https:\/\/www.insem-atmos.si\/hr\/wp-json\/wp\/v2\/pages\/2997\/revisions"}],"predecessor-version":[{"id":3451,"href":"https:\/\/www.insem-atmos.si\/hr\/wp-json\/wp\/v2\/pages\/2997\/revisions\/3451"}],"up":[{"embeddable":true,"href":"https:\/\/www.insem-atmos.si\/hr\/wp-json\/wp\/v2\/pages\/2995"}],"wp:featuredmedia":[{"embeddable":true,"href":"https:\/\/www.insem-atmos.si\/hr\/wp-json\/wp\/v2\/media\/2584"}],"wp:attachment":[{"href":"https:\/\/www.insem-atmos.si\/hr\/wp-json\/wp\/v2\/media?parent=2997"}],"curies":[{"name":"wp","href":"https:\/\/api.w.org\/{rel}","templated":true}]}}