{"id":3602,"date":"2021-09-15T09:45:04","date_gmt":"2021-09-15T07:45:04","guid":{"rendered":"http:\/\/www.insem-atmos.si\/?page_id=3602"},"modified":"2021-09-15T09:50:59","modified_gmt":"2021-09-15T07:50:59","slug":"digitalna-transformacija-druzbe-insem-atmos","status":"publish","type":"page","link":"https:\/\/www.insem-atmos.si\/en\/digitalna-transformacija-druzbe-insem-atmos\/","title":{"rendered":"Digitalna transformacija dru\u017ebe Insem Atmos"},"content":{"rendered":"\t\t<div data-elementor-type=\"wp-page\" data-elementor-id=\"3602\" class=\"elementor elementor-3602\" data-elementor-post-type=\"page\">\n\t\t\t\t\t\t<section class=\"elementor-section elementor-top-section elementor-element elementor-element-469b268 elementor-section-full_width elementor-section-height-default elementor-section-height-default\" data-id=\"469b268\" data-element_type=\"section\" data-e-type=\"section\">\n\t\t\t\t\t\t<div class=\"elementor-container elementor-column-gap-no\">\n\t\t\t\t\t<div class=\"elementor-column elementor-col-100 elementor-top-column elementor-element elementor-element-992d0d8\" data-id=\"992d0d8\" data-element_type=\"column\" data-e-type=\"column\">\n\t\t\t<div class=\"elementor-widget-wrap elementor-element-populated\">\n\t\t\t\t\t\t<div class=\"elementor-element elementor-element-207103f elementor-widget elementor-widget-template\" data-id=\"207103f\" data-element_type=\"widget\" data-e-type=\"widget\" data-widget_type=\"template.default\">\n\t\t\t\t<div class=\"elementor-widget-container\">\n\t\t\t\t\t\t\t<div class=\"elementor-template\">\n\t\t\t\t\t<div data-elementor-type=\"section\" data-elementor-id=\"942\" class=\"elementor elementor-942\" data-elementor-post-type=\"elementor_library\">\n\t\t\t\t\t<section class=\"elementor-section elementor-top-section elementor-element elementor-element-d4b5bda elementor-section-full_width elementor-reverse-tablet elementor-reverse-mobile elementor-section-height-default elementor-section-height-default\" data-id=\"d4b5bda\" data-element_type=\"section\" data-e-type=\"section\" data-settings=\"{&quot;background_background&quot;:&quot;classic&quot;}\">\n\t\t\t\t\t\t<div class=\"elementor-container elementor-column-gap-default\">\n\t\t\t\t\t<div data-dce-background-color=\"#FDD303\" class=\"elementor-column elementor-col-50 elementor-top-column elementor-element elementor-element-46227c0\" data-id=\"46227c0\" data-element_type=\"column\" data-e-type=\"column\" data-settings=\"{&quot;background_background&quot;:&quot;classic&quot;}\">\n\t\t\t<div class=\"elementor-widget-wrap elementor-element-populated\">\n\t\t\t\t\t\t\t<\/div>\n\t\t<\/div>\n\t\t\t\t<div data-dce-background-image-url=\"https:\/\/www.insem-atmos.si\/wp-content\/uploads\/2021\/09\/digitalna-transformacija.jpg\" class=\"elementor-column elementor-col-50 elementor-top-column elementor-element elementor-element-bbc23cd\" data-id=\"bbc23cd\" data-element_type=\"column\" data-e-type=\"column\" data-settings=\"{&quot;background_background&quot;:&quot;classic&quot;}\">\n\t\t\t<div class=\"elementor-widget-wrap elementor-element-populated\">\n\t\t\t\t\t\t<div class=\"elementor-element elementor-element-147ff27 elementor-widget elementor-widget-spacer\" data-id=\"147ff27\" data-element_type=\"widget\" data-e-type=\"widget\" data-widget_type=\"spacer.default\">\n\t\t\t\t<div class=\"elementor-widget-container\">\n\t\t\t\t\t\t\t<div class=\"elementor-spacer\">\n\t\t\t<div class=\"elementor-spacer-inner\"><\/div>\n\t\t<\/div>\n\t\t\t\t\t\t<\/div>\n\t\t\t\t<\/div>\n\t\t\t\t\t<\/div>\n\t\t<\/div>\n\t\t\t\t\t<\/div>\n\t\t<\/section>\n\t\t\t\t<\/div>\n\t\t\t\t<\/div>\n\t\t\t\t\t\t<\/div>\n\t\t\t\t<\/div>\n\t\t\t\t\t<\/div>\n\t\t<\/div>\n\t\t\t\t\t<\/div>\n\t\t<\/section>\n\t\t\t\t<section class=\"elementor-section elementor-top-section elementor-element elementor-element-fa9c779 elementor-section-boxed elementor-section-height-default elementor-section-height-default\" data-id=\"fa9c779\" data-element_type=\"section\" data-e-type=\"section\">\n\t\t\t\t\t\t<div class=\"elementor-container elementor-column-gap-default\">\n\t\t\t\t\t<div class=\"elementor-column elementor-col-33 elementor-top-column elementor-element elementor-element-bc9b70a elementor-hidden-tablet elementor-hidden-phone\" data-id=\"bc9b70a\" data-element_type=\"column\" data-e-type=\"column\" data-settings=\"{&quot;background_background&quot;:&quot;classic&quot;}\">\n\t\t\t<div class=\"elementor-widget-wrap\">\n\t\t\t\t\t\t\t<\/div>\n\t\t<\/div>\n\t\t\t\t<div class=\"elementor-column elementor-col-66 elementor-top-column elementor-element elementor-element-7ccbde0\" data-id=\"7ccbde0\" data-element_type=\"column\" data-e-type=\"column\">\n\t\t\t<div class=\"elementor-widget-wrap elementor-element-populated\">\n\t\t\t\t\t\t<div class=\"elementor-element elementor-element-819b827 elementor-widget elementor-widget-text-editor\" data-id=\"819b827\" data-element_type=\"widget\" data-e-type=\"widget\" data-widget_type=\"text-editor.default\">\n\t\t\t\t<div class=\"elementor-widget-container\">\n\t\t\t\t\t\t\t\t\t<p>Operacija \u00bbDigitalna transformacija dru\u017ebe Insem Atmos\u00ab je sofinancirana preko javnega razpisa \u00bb<strong>Spodbude za digitalno transformacijo MSP (P4D \u2013 C19)<\/strong>\u00ab in sicer v okviru naslednjih ukrepov:<\/p><ol><li>Digitalizacija odnosa med kupcem, izdelkom in podjetjem, za kar bo uvedena digitalna re\u0161itev digitalni dvoj\u010dek;<\/li><li>Uvedba digitalne re\u0161itve spremljanja in nadzora proizvodnje;<\/li><li>Uvedba digitalnega orodja za 3D strojni\u0161ko konstruiranje in na\u010drtovanja tehni\u010dne dokumentacije;<\/li><li>Izvedba delavnic in usposabljanj za pridobitev konkretnih znanj in kompetenc ter<\/li><li>Izbolj\u0161anje kibernetske varnosti podjetja.<\/li><\/ol><p>Cilj digitalne transformacije, ki jo podjetje uvaja, je izbolj\u0161anje izku\u0161nje kupca, sistemati\u010dno upravljanje podatkovne baze, vpeljava digitalnega poslovnega modela, digitalnih storitev, razvoj digitalnih kadrov, delovnih mest in digitalne kulture, vzpostavitev kibernetske varnosti podjetja in pribli\u017eevanje Industriji 4.0.<\/p><p>Namen razpisa je spodbuditi rast in razvoj podprtih podjetij na osnovi vlaganj v uporabo digitalnega poslovanja v svojih dobaviteljskih in\/ali prodajnih verigah, dviga upravljavskih kapacitet ter izvedbe investicij za namene digitalne preobrazbe v proizvodnjo in poslovanje podprtih podjetij, ohranitev zaposlenih ter s tem odpravljanje posledic pandemije Covid-19 na podjetja. Z razpisom se stremi k izbolj\u0161anju digitalnega na\u010dina poslovanja podjetij, s \u010dimer bo zmanj\u0161ana ranljivost ter manj\u0161a odvisnost od razmer na trgu.<\/p><p><strong>Nalo\u017ebo sofinancirata Republika Slovenija in Evropska unija<\/strong><br \/><strong>iz Evropskega sklada za regionalni razvoj.<\/strong><\/p>\t\t\t\t\t\t\t\t<\/div>\n\t\t\t\t<\/div>\n\t\t\t\t<div class=\"elementor-element elementor-element-8ce9f68 dce_masking-none elementor-widget elementor-widget-image\" data-id=\"8ce9f68\" data-element_type=\"widget\" data-e-type=\"widget\" data-widget_type=\"image.default\">\n\t\t\t\t<div class=\"elementor-widget-container\">\n\t\t\t\t\t\t\t\t\t\t\t\t\t\t\t<img fetchpriority=\"high\" decoding=\"async\" width=\"674\" height=\"75\" src=\"https:\/\/www.insem-atmos.si\/wp-content\/uploads\/2020\/05\/logotipi.png\" class=\"attachment-large size-large wp-image-1289\" alt=\"logotipi\" srcset=\"https:\/\/www.insem-atmos.si\/wp-content\/uploads\/2020\/05\/logotipi.png 674w, https:\/\/www.insem-atmos.si\/wp-content\/uploads\/2020\/05\/logotipi-300x33.png 300w\" sizes=\"(max-width: 674px) 100vw, 674px\" loading=\"eager\" \/>\t\t\t\t\t\t\t\t\t\t\t\t\t\t\t<\/div>\n\t\t\t\t<\/div>\n\t\t\t\t\t<\/div>\n\t\t<\/div>\n\t\t\t\t\t<\/div>\n\t\t<\/section>\n\t\t\t\t<\/div>\n\t\t","protected":false},"excerpt":{"rendered":"<p>Operacija \u00bbDigitalna transformacija dru\u017ebe Insem Atmos\u00ab je sofinancirana preko javnega razpisa \u00bbSpodbude za digitalno transformacijo MSP (P4D \u2013 C19)\u00ab in sicer v okviru naslednjih ukrepov: Digitalizacija odnosa med kupcem, izdelkom in podjetjem, za kar bo uvedena digitalna re\u0161itev digitalni dvoj\u010dek; Uvedba digitalne re\u0161itve spremljanja in nadzora proizvodnje; Uvedba digitalnega orodja za 3D strojni\u0161ko konstruiranje in [&hellip;]<\/p>\n","protected":false},"author":7,"featured_media":3607,"parent":0,"menu_order":120,"comment_status":"closed","ping_status":"closed","template":"","meta":{"site-sidebar-layout":"no-sidebar","site-content-layout":"page-builder","ast-site-content-layout":"default","site-content-style":"default","site-sidebar-style":"default","ast-global-header-display":"","ast-banner-title-visibility":"","ast-main-header-display":"disabled","ast-hfb-above-header-display":"","ast-hfb-below-header-display":"","ast-hfb-mobile-header-display":"","site-post-title":"disabled","ast-breadcrumbs-content":"disabled","ast-featured-img":"disabled","footer-sml-layout":"disabled","ast-disable-related-posts":"","theme-transparent-header-meta":"default","adv-header-id-meta":"","stick-header-meta":"","header-above-stick-meta":"","header-main-stick-meta":"","header-below-stick-meta":"","astra-migrate-meta-layouts":"default","ast-page-background-enabled":"default","ast-page-background-meta":{"desktop":{"background-color":"","background-image":"","background-repeat":"repeat","background-position":"center center","background-size":"auto","background-attachment":"scroll","background-type":"","background-media":"","overlay-type":"","overlay-color":"","overlay-opacity":"","overlay-gradient":""},"tablet":{"background-color":"","background-image":"","background-repeat":"repeat","background-position":"center center","background-size":"auto","background-attachment":"scroll","background-type":"","background-media":"","overlay-type":"","overlay-color":"","overlay-opacity":"","overlay-gradient":""},"mobile":{"background-color":"","background-image":"","background-repeat":"repeat","background-position":"center center","background-size":"auto","background-attachment":"scroll","background-type":"","background-media":"","overlay-type":"","overlay-color":"","overlay-opacity":"","overlay-gradient":""}},"ast-content-background-meta":{"desktop":{"background-color":"var(--ast-global-color-5)","background-image":"","background-repeat":"repeat","background-position":"center center","background-size":"auto","background-attachment":"scroll","background-type":"","background-media":"","overlay-type":"","overlay-color":"","overlay-opacity":"","overlay-gradient":""},"tablet":{"background-color":"var(--ast-global-color-5)","background-image":"","background-repeat":"repeat","background-position":"center center","background-size":"auto","background-attachment":"scroll","background-type":"","background-media":"","overlay-type":"","overlay-color":"","overlay-opacity":"","overlay-gradient":""},"mobile":{"background-color":"var(--ast-global-color-5)","background-image":"","background-repeat":"repeat","background-position":"center center","background-size":"auto","background-attachment":"scroll","background-type":"","background-media":"","overlay-type":"","overlay-color":"","overlay-opacity":"","overlay-gradient":""}},"footnotes":""},"class_list":["post-3602","page","type-page","status-publish","has-post-thumbnail","hentry"],"_links":{"self":[{"href":"https:\/\/www.insem-atmos.si\/en\/wp-json\/wp\/v2\/pages\/3602","targetHints":{"allow":["GET"]}}],"collection":[{"href":"https:\/\/www.insem-atmos.si\/en\/wp-json\/wp\/v2\/pages"}],"about":[{"href":"https:\/\/www.insem-atmos.si\/en\/wp-json\/wp\/v2\/types\/page"}],"author":[{"embeddable":true,"href":"https:\/\/www.insem-atmos.si\/en\/wp-json\/wp\/v2\/users\/7"}],"replies":[{"embeddable":true,"href":"https:\/\/www.insem-atmos.si\/en\/wp-json\/wp\/v2\/comments?post=3602"}],"version-history":[{"count":8,"href":"https:\/\/www.insem-atmos.si\/en\/wp-json\/wp\/v2\/pages\/3602\/revisions"}],"predecessor-version":[{"id":3614,"href":"https:\/\/www.insem-atmos.si\/en\/wp-json\/wp\/v2\/pages\/3602\/revisions\/3614"}],"wp:featuredmedia":[{"embeddable":true,"href":"https:\/\/www.insem-atmos.si\/en\/wp-json\/wp\/v2\/media\/3607"}],"wp:attachment":[{"href":"https:\/\/www.insem-atmos.si\/en\/wp-json\/wp\/v2\/media?parent=3602"}],"curies":[{"name":"wp","href":"https:\/\/api.w.org\/{rel}","templated":true}]}}