{"id":2849,"date":"2021-03-25T14:27:26","date_gmt":"2021-03-25T13:27:26","guid":{"rendered":"http:\/\/www.insem-atmos.si\/o-nas\/company-profile\/"},"modified":"2021-03-29T09:39:07","modified_gmt":"2021-03-29T07:39:07","slug":"company-profile","status":"publish","type":"page","link":"https:\/\/www.insem-atmos.si\/en\/about-us\/company-profile\/","title":{"rendered":"Company profile"},"content":{"rendered":"\t\t<div data-elementor-type=\"wp-page\" data-elementor-id=\"2849\" class=\"elementor elementor-2849 elementor-149\" data-elementor-post-type=\"page\">\n\t\t\t\t\t\t<section class=\"elementor-section elementor-top-section elementor-element elementor-element-53f23a3c elementor-section-full_width elementor-section-height-default elementor-section-height-default\" data-id=\"53f23a3c\" data-element_type=\"section\" data-e-type=\"section\">\n\t\t\t\t\t\t<div class=\"elementor-container elementor-column-gap-no\">\n\t\t\t\t\t<div class=\"elementor-column elementor-col-100 elementor-top-column elementor-element elementor-element-53f4960f\" data-id=\"53f4960f\" data-element_type=\"column\" data-e-type=\"column\">\n\t\t\t<div class=\"elementor-widget-wrap elementor-element-populated\">\n\t\t\t\t\t\t<div class=\"elementor-element elementor-element-4858c80f elementor-widget elementor-widget-template\" data-id=\"4858c80f\" data-element_type=\"widget\" data-e-type=\"widget\" data-widget_type=\"template.default\">\n\t\t\t\t<div class=\"elementor-widget-container\">\n\t\t\t\t\t\t\t<div class=\"elementor-template\">\n\t\t\t\t\t<div data-elementor-type=\"section\" data-elementor-id=\"942\" class=\"elementor elementor-942\" data-elementor-post-type=\"elementor_library\">\n\t\t\t\t\t<section class=\"elementor-section elementor-top-section elementor-element elementor-element-d4b5bda elementor-section-full_width elementor-reverse-tablet elementor-reverse-mobile elementor-section-height-default elementor-section-height-default\" data-id=\"d4b5bda\" data-element_type=\"section\" data-e-type=\"section\" data-settings=\"{&quot;background_background&quot;:&quot;classic&quot;}\">\n\t\t\t\t\t\t<div class=\"elementor-container elementor-column-gap-default\">\n\t\t\t\t\t<div data-dce-background-color=\"#FDD303\" class=\"elementor-column elementor-col-50 elementor-top-column elementor-element elementor-element-46227c0\" data-id=\"46227c0\" data-element_type=\"column\" data-e-type=\"column\" data-settings=\"{&quot;background_background&quot;:&quot;classic&quot;}\">\n\t\t\t<div class=\"elementor-widget-wrap elementor-element-populated\">\n\t\t\t\t\t\t\t<\/div>\n\t\t<\/div>\n\t\t\t\t<div data-dce-background-image-url=\"https:\/\/www.insem-atmos.si\/wp-content\/uploads\/2020\/10\/zerjav-street-insem-atmos.jpg\" class=\"elementor-column elementor-col-50 elementor-top-column elementor-element elementor-element-bbc23cd\" data-id=\"bbc23cd\" data-element_type=\"column\" data-e-type=\"column\" data-settings=\"{&quot;background_background&quot;:&quot;classic&quot;}\">\n\t\t\t<div class=\"elementor-widget-wrap elementor-element-populated\">\n\t\t\t\t\t\t<div class=\"elementor-element elementor-element-147ff27 elementor-widget elementor-widget-spacer\" data-id=\"147ff27\" data-element_type=\"widget\" data-e-type=\"widget\" data-widget_type=\"spacer.default\">\n\t\t\t\t<div class=\"elementor-widget-container\">\n\t\t\t\t\t\t\t<div class=\"elementor-spacer\">\n\t\t\t<div class=\"elementor-spacer-inner\"><\/div>\n\t\t<\/div>\n\t\t\t\t\t\t<\/div>\n\t\t\t\t<\/div>\n\t\t\t\t\t<\/div>\n\t\t<\/div>\n\t\t\t\t\t<\/div>\n\t\t<\/section>\n\t\t\t\t<\/div>\n\t\t\t\t<\/div>\n\t\t\t\t\t\t<\/div>\n\t\t\t\t<\/div>\n\t\t\t\t\t<\/div>\n\t\t<\/div>\n\t\t\t\t\t<\/div>\n\t\t<\/section>\n\t\t\t\t<section class=\"elementor-section elementor-top-section elementor-element elementor-element-31aba034 elementor-section-boxed elementor-section-height-default elementor-section-height-default\" data-id=\"31aba034\" data-element_type=\"section\" data-e-type=\"section\">\n\t\t\t\t\t\t<div class=\"elementor-container elementor-column-gap-default\">\n\t\t\t\t\t<div class=\"elementor-column elementor-col-33 elementor-top-column elementor-element elementor-element-4359f346 elementor-hidden-tablet elementor-hidden-phone\" data-id=\"4359f346\" data-element_type=\"column\" data-e-type=\"column\" data-settings=\"{&quot;background_background&quot;:&quot;classic&quot;}\">\n\t\t\t<div class=\"elementor-widget-wrap elementor-element-populated\">\n\t\t\t\t\t\t<div class=\"elementor-element elementor-element-b1d9b4e elementor-nav-menu--dropdown-none elementor-nav-menu__align-end elementor-hidden-phone elementor-widget elementor-widget-nav-menu\" data-id=\"b1d9b4e\" data-element_type=\"widget\" data-e-type=\"widget\" data-settings=\"{&quot;layout&quot;:&quot;vertical&quot;,&quot;submenu_icon&quot;:{&quot;value&quot;:&quot;&lt;i class=\\&quot;\\&quot; aria-hidden=\\&quot;true\\&quot;&gt;&lt;\\\/i&gt;&quot;,&quot;library&quot;:&quot;&quot;}}\" data-widget_type=\"nav-menu.default\">\n\t\t\t\t<div class=\"elementor-widget-container\">\n\t\t\t\t\t\t\t\t<nav aria-label=\"Menu\" class=\"elementor-nav-menu--main elementor-nav-menu__container elementor-nav-menu--layout-vertical e--pointer-none\">\n\t\t\t\t<ul id=\"menu-1-b1d9b4e\" class=\"elementor-nav-menu sm-vertical\"><li class=\"menu-item menu-item-type-post_type menu-item-object-page menu-item-2933\"><a href=\"https:\/\/www.insem-atmos.si\/en\/about-us\/\" class=\"elementor-item menu-link\">About us<\/a><\/li>\n<li class=\"menu-item menu-item-type-post_type menu-item-object-page menu-item-2934\"><a href=\"https:\/\/www.insem-atmos.si\/en\/about-us\/company-history\/\" class=\"elementor-item menu-link\">Company history<\/a><\/li>\n<li class=\"menu-item menu-item-type-post_type menu-item-object-page menu-item-2935\"><a href=\"https:\/\/www.insem-atmos.si\/en\/about-us\/company-profile\/\" class=\"elementor-item menu-link\">Company profile<\/a><\/li>\n<li class=\"menu-item menu-item-type-post_type menu-item-object-page menu-item-2936\"><a href=\"https:\/\/www.insem-atmos.si\/en\/about-us\/contacts\/\" class=\"elementor-item menu-link\">Contacts<\/a><\/li>\n<li class=\"menu-item menu-item-type-post_type menu-item-object-page menu-item-2937\"><a href=\"https:\/\/www.insem-atmos.si\/en\/about-us\/where-to-find-us\/\" class=\"elementor-item menu-link\">Where to find us<\/a><\/li>\n<li class=\"menu-item menu-item-type-post_type menu-item-object-page menu-item-2938\"><a href=\"https:\/\/www.insem-atmos.si\/en\/about-us\/why-choose-us\/\" class=\"elementor-item menu-link\">Why choose us<\/a><\/li>\n<\/ul>\t\t\t<\/nav>\n\t\t\t\t\t\t<nav class=\"elementor-nav-menu--dropdown elementor-nav-menu__container\" aria-hidden=\"true\">\n\t\t\t\t<ul id=\"menu-2-b1d9b4e\" class=\"elementor-nav-menu sm-vertical\"><li class=\"menu-item menu-item-type-post_type menu-item-object-page menu-item-2933\"><a href=\"https:\/\/www.insem-atmos.si\/en\/about-us\/\" class=\"elementor-item menu-link\" tabindex=\"-1\">About us<\/a><\/li>\n<li class=\"menu-item menu-item-type-post_type menu-item-object-page menu-item-2934\"><a href=\"https:\/\/www.insem-atmos.si\/en\/about-us\/company-history\/\" class=\"elementor-item menu-link\" tabindex=\"-1\">Company history<\/a><\/li>\n<li class=\"menu-item menu-item-type-post_type menu-item-object-page menu-item-2935\"><a href=\"https:\/\/www.insem-atmos.si\/en\/about-us\/company-profile\/\" class=\"elementor-item menu-link\" tabindex=\"-1\">Company profile<\/a><\/li>\n<li class=\"menu-item menu-item-type-post_type menu-item-object-page menu-item-2936\"><a href=\"https:\/\/www.insem-atmos.si\/en\/about-us\/contacts\/\" class=\"elementor-item menu-link\" tabindex=\"-1\">Contacts<\/a><\/li>\n<li class=\"menu-item menu-item-type-post_type menu-item-object-page menu-item-2937\"><a href=\"https:\/\/www.insem-atmos.si\/en\/about-us\/where-to-find-us\/\" class=\"elementor-item menu-link\" tabindex=\"-1\">Where to find us<\/a><\/li>\n<li class=\"menu-item menu-item-type-post_type menu-item-object-page menu-item-2938\"><a href=\"https:\/\/www.insem-atmos.si\/en\/about-us\/why-choose-us\/\" class=\"elementor-item menu-link\" tabindex=\"-1\">Why choose us<\/a><\/li>\n<\/ul>\t\t\t<\/nav>\n\t\t\t\t\t\t<\/div>\n\t\t\t\t<\/div>\n\t\t\t\t\t<\/div>\n\t\t<\/div>\n\t\t\t\t<div class=\"elementor-column elementor-col-66 elementor-top-column elementor-element elementor-element-6a0073\" data-id=\"6a0073\" data-element_type=\"column\" data-e-type=\"column\">\n\t\t\t<div class=\"elementor-widget-wrap elementor-element-populated\">\n\t\t\t\t\t\t<div class=\"elementor-element elementor-element-02bf5e5 elementor-widget elementor-widget-heading\" data-id=\"02bf5e5\" data-element_type=\"widget\" data-e-type=\"widget\" data-widget_type=\"heading.default\">\n\t\t\t\t<div class=\"elementor-widget-container\">\n\t\t\t\t\t<h2 class=\"elementor-heading-title elementor-size-default\">INSEM - ATMOS \u017dERJAVI IN DVI\u017dNA TEHNIKA d.o.o.<\/h2>\t\t\t\t<\/div>\n\t\t\t\t<\/div>\n\t\t\t\t<div data-dce-text-color=\"#333333\" class=\"elementor-element elementor-element-c9a8025 elementor-icon-list--layout-traditional elementor-list-item-link-full_width elementor-widget elementor-widget-icon-list\" data-id=\"c9a8025\" data-element_type=\"widget\" data-e-type=\"widget\" data-widget_type=\"icon-list.default\">\n\t\t\t\t<div class=\"elementor-widget-container\">\n\t\t\t\t\t\t\t<ul class=\"elementor-icon-list-items\">\n\t\t\t\t\t\t\t<li class=\"elementor-icon-list-item\">\n\t\t\t\t\t\t\t\t\t\t\t<span class=\"elementor-icon-list-icon\">\n\t\t\t\t\t\t\t<i aria-hidden=\"true\" class=\"fas fa-map-marker-alt\"><\/i>\t\t\t\t\t\t<\/span>\n\t\t\t\t\t\t\t\t\t\t<span class=\"elementor-icon-list-text\">Spodnje Ho\u010de<br>Slivni\u0161ka cesta 6<br>2311 Ho\u010de<br>Slovenija<\/span>\n\t\t\t\t\t\t\t\t\t<\/li>\n\t\t\t\t\t\t\t\t<li class=\"elementor-icon-list-item\">\n\t\t\t\t\t\t\t\t\t\t\t<a href=\"tel:0038626181221\">\n\n\t\t\t\t\t\t\t\t\t\t\t\t<span class=\"elementor-icon-list-icon\">\n\t\t\t\t\t\t\t<i aria-hidden=\"true\" class=\"fas fa-phone-alt\"><\/i>\t\t\t\t\t\t<\/span>\n\t\t\t\t\t\t\t\t\t\t<span class=\"elementor-icon-list-text\">+386 2 61 81 221<\/span>\n\t\t\t\t\t\t\t\t\t\t\t<\/a>\n\t\t\t\t\t\t\t\t\t<\/li>\n\t\t\t\t\t\t\t\t<li class=\"elementor-icon-list-item\">\n\t\t\t\t\t\t\t\t\t\t\t<a href=\"mailto:info@insem-atmos.si\">\n\n\t\t\t\t\t\t\t\t\t\t\t\t<span class=\"elementor-icon-list-icon\">\n\t\t\t\t\t\t\t<i aria-hidden=\"true\" class=\"fas fa-envelope\"><\/i>\t\t\t\t\t\t<\/span>\n\t\t\t\t\t\t\t\t\t\t<span class=\"elementor-icon-list-text\">info@insem-atmos.si<\/span>\n\t\t\t\t\t\t\t\t\t\t\t<\/a>\n\t\t\t\t\t\t\t\t\t<\/li>\n\t\t\t\t\t\t\t\t<li class=\"elementor-icon-list-item\">\n\t\t\t\t\t\t\t\t\t\t\t<span class=\"elementor-icon-list-icon\">\n\t\t\t\t\t\t\t<i aria-hidden=\"true\" class=\"fas fa-globe\"><\/i>\t\t\t\t\t\t<\/span>\n\t\t\t\t\t\t\t\t\t\t<span class=\"elementor-icon-list-text\">www.insem-atmos.si<br>www.insem-atmos.com<br>www.zerjavi.si<\/span>\n\t\t\t\t\t\t\t\t\t<\/li>\n\t\t\t\t\t\t<\/ul>\n\t\t\t\t\t\t<\/div>\n\t\t\t\t<\/div>\n\t\t\t\t<div class=\"elementor-element elementor-element-dda520a elementor-widget elementor-widget-spacer\" data-id=\"dda520a\" data-element_type=\"widget\" data-e-type=\"widget\" data-widget_type=\"spacer.default\">\n\t\t\t\t<div class=\"elementor-widget-container\">\n\t\t\t\t\t\t\t<div class=\"elementor-spacer\">\n\t\t\t<div class=\"elementor-spacer-inner\"><\/div>\n\t\t<\/div>\n\t\t\t\t\t\t<\/div>\n\t\t\t\t<\/div>\n\t\t\t\t<section data-dce-background-color=\"#F8F8F8\" class=\"elementor-section elementor-inner-section elementor-element elementor-element-d341793 elementor-section-boxed elementor-section-height-default elementor-section-height-default\" data-id=\"d341793\" data-element_type=\"section\" data-e-type=\"section\" data-settings=\"{&quot;background_background&quot;:&quot;classic&quot;}\">\n\t\t\t\t\t\t<div class=\"elementor-container elementor-column-gap-default\">\n\t\t\t\t\t<div class=\"elementor-column elementor-col-100 elementor-inner-column elementor-element elementor-element-335147f\" data-id=\"335147f\" data-element_type=\"column\" data-e-type=\"column\">\n\t\t\t<div class=\"elementor-widget-wrap elementor-element-populated\">\n\t\t\t\t\t\t<div class=\"elementor-element elementor-element-8f57339 elementor-widget elementor-widget-text-editor\" data-id=\"8f57339\" data-element_type=\"widget\" data-e-type=\"widget\" data-widget_type=\"text-editor.default\">\n\t\t\t\t<div class=\"elementor-widget-container\">\n\t\t\t\t\t\t\t\t\t<p><b>Registration number:<\/b> 1708252000<\/p>\n<p><b>Tax ID number:<\/b> SI30064597<\/p>\n<p><b>Legal organisational form: <\/b>limited liability company<\/p>\n<p><b>Authorised representatives of the company:<\/b><\/p>\n<ul>\n<li>Peter Komatovi\u0107 (CEO)<\/li>\n<li>Stjepan Komatovi\u0107 (Procurator)<\/li>\n<li>Bojan Pu\u0161nik (Procurator)<\/li>\n<\/ul>\n<p><b>Ownership:\u00a0 <\/b>the company is in 100% private ownership<\/p>\n<ul>\n<li>50% share: Stjepan Komatovi\u0107 (owner and founder)<\/li>\n<li>50% share: Bojan Pu\u0161nik (owner and founder)<\/li>\n<\/ul>\n\t\t\t\t\t\t\t\t<\/div>\n\t\t\t\t<\/div>\n\t\t\t\t\t<\/div>\n\t\t<\/div>\n\t\t\t\t\t<\/div>\n\t\t<\/section>\n\t\t\t\t\t<\/div>\n\t\t<\/div>\n\t\t\t\t\t<\/div>\n\t\t<\/section>\n\t\t\t\t<section data-dce-background-overlay-color=\"#000000\" data-dce-background-image-url=\"https:\/\/www.insem-atmos.si\/wp-content\/uploads\/2020\/04\/mostni_zerjav_hala_stevec_ozadje.jpg\" class=\"elementor-section elementor-top-section elementor-element elementor-element-5f872ee0 elementor-section-boxed elementor-section-height-default elementor-section-height-default\" data-id=\"5f872ee0\" data-element_type=\"section\" data-e-type=\"section\" data-settings=\"{&quot;background_background&quot;:&quot;classic&quot;}\">\n\t\t\t\t\t\t\t<div class=\"elementor-background-overlay\"><\/div>\n\t\t\t\t\t\t\t<div class=\"elementor-container elementor-column-gap-default\">\n\t\t\t\t\t<div class=\"elementor-column elementor-col-100 elementor-top-column elementor-element elementor-element-becdc36\" data-id=\"becdc36\" data-element_type=\"column\" data-e-type=\"column\">\n\t\t\t<div class=\"elementor-widget-wrap elementor-element-populated\">\n\t\t\t\t\t\t<div class=\"elementor-element elementor-element-af6633f elementor-widget elementor-widget-spacer\" data-id=\"af6633f\" data-element_type=\"widget\" data-e-type=\"widget\" data-widget_type=\"spacer.default\">\n\t\t\t\t<div class=\"elementor-widget-container\">\n\t\t\t\t\t\t\t<div class=\"elementor-spacer\">\n\t\t\t<div class=\"elementor-spacer-inner\"><\/div>\n\t\t<\/div>\n\t\t\t\t\t\t<\/div>\n\t\t\t\t<\/div>\n\t\t\t\t\t<\/div>\n\t\t<\/div>\n\t\t\t\t\t<\/div>\n\t\t<\/section>\n\t\t\t\t<section data-dce-background-color=\"#FFFFFF\" class=\"elementor-section elementor-top-section elementor-element elementor-element-19af083c elementor-section-boxed elementor-section-height-default elementor-section-height-default\" data-id=\"19af083c\" data-element_type=\"section\" data-e-type=\"section\" data-settings=\"{&quot;background_background&quot;:&quot;gradient&quot;}\">\n\t\t\t\t\t\t<div class=\"elementor-container elementor-column-gap-default\">\n\t\t\t\t\t<div class=\"elementor-column elementor-col-50 elementor-top-column elementor-element elementor-element-61252b54 elementor-hidden-tablet elementor-hidden-phone\" data-id=\"61252b54\" data-element_type=\"column\" data-e-type=\"column\" data-settings=\"{&quot;background_background&quot;:&quot;classic&quot;}\">\n\t\t\t<div class=\"elementor-widget-wrap elementor-element-populated\">\n\t\t\t\t\t\t<div class=\"elementor-element elementor-element-46892fe elementor-widget elementor-widget-heading\" data-id=\"46892fe\" data-element_type=\"widget\" data-e-type=\"widget\" data-widget_type=\"heading.default\">\n\t\t\t\t<div class=\"elementor-widget-container\">\n\t\t\t\t\t<h2 class=\"elementor-heading-title elementor-size-default\">About the name<\/h2>\t\t\t\t<\/div>\n\t\t\t\t<\/div>\n\t\t\t\t\t<\/div>\n\t\t<\/div>\n\t\t\t\t<div data-dce-background-color=\"#FDD303\" class=\"elementor-column elementor-col-50 elementor-top-column elementor-element elementor-element-24e8d5c9\" data-id=\"24e8d5c9\" data-element_type=\"column\" data-e-type=\"column\" data-settings=\"{&quot;background_background&quot;:&quot;classic&quot;}\">\n\t\t\t<div class=\"elementor-widget-wrap elementor-element-populated\">\n\t\t\t\t\t\t<div class=\"elementor-element elementor-element-51647176 elementor-hidden-desktop elementor-widget elementor-widget-heading\" data-id=\"51647176\" data-element_type=\"widget\" data-e-type=\"widget\" data-widget_type=\"heading.default\">\n\t\t\t\t<div class=\"elementor-widget-container\">\n\t\t\t\t\t<h2 class=\"elementor-heading-title elementor-size-default\">About the name Insem \u2013 Atmos<\/h2>\t\t\t\t<\/div>\n\t\t\t\t<\/div>\n\t\t\t\t<div class=\"elementor-element elementor-element-041eba8 elementor-widget elementor-widget-text-editor\" data-id=\"041eba8\" data-element_type=\"widget\" data-e-type=\"widget\" data-widget_type=\"text-editor.default\">\n\t\t\t\t<div class=\"elementor-widget-container\">\n\t\t\t\t\t\t\t\t\t<p><b>The first part of the name, the word INSEM, is a composite from INdustrial SErvice and Mounting, since at first the company focused solely on servicing and maintenance of cranes and processing equipment.<\/b><\/p>\n<p>Upon establishment in 1990, the majority of employees originated from the old company Atmos Ho\u010de, which had closed its doors a year earlier. Due to the recognisability of the Atmos company in the fields of crane construction and production of process equipment, the name has been retained until today. At first, the newly-founded company dealt mainly with the servicing of products built by Atmos. After Slovenia&#8217;s independence in 1991, the country started developing rapidly and the need for new cranes increased every year; therefore, soon after establishment, we started our own production of cranes.<\/p>\n<p><a href=\"https:\/\/www.insem-atmos.si\/en\/about-us\/company-history\/\">More under Company history<\/a>.<\/p>\n\t\t\t\t\t\t\t\t<\/div>\n\t\t\t\t<\/div>\n\t\t\t\t\t<\/div>\n\t\t<\/div>\n\t\t\t\t\t<\/div>\n\t\t<\/section>\n\t\t\t\t<\/div>\n\t\t","protected":false},"excerpt":{"rendered":"<p>INSEM &#8211; ATMOS \u017dERJAVI IN DVI\u017dNA TEHNIKA d.o.o. Spodnje Ho\u010deSlivni\u0161ka cesta 62311 Ho\u010deSlovenija +386 2 61 81 221 info@insem-atmos.si www.insem-atmos.siwww.insem-atmos.comwww.zerjavi.si Registration number: 1708252000 Tax ID number: SI30064597 Legal organisational form: limited liability company Authorised representatives of the company: Peter Komatovi\u0107 (CEO) Stjepan Komatovi\u0107 (Procurator) Bojan Pu\u0161nik (Procurator) Ownership:\u00a0 the company is in 100% private ownership [&hellip;]<\/p>\n","protected":false},"author":7,"featured_media":2471,"parent":2847,"menu_order":30,"comment_status":"closed","ping_status":"closed","template":"","meta":{"site-sidebar-layout":"no-sidebar","site-content-layout":"page-builder","ast-site-content-layout":"default","site-content-style":"default","site-sidebar-style":"default","ast-global-header-display":"","ast-banner-title-visibility":"","ast-main-header-display":"disabled","ast-hfb-above-header-display":"","ast-hfb-below-header-display":"","ast-hfb-mobile-header-display":"","site-post-title":"disabled","ast-breadcrumbs-content":"disabled","ast-featured-img":"disabled","footer-sml-layout":"disabled","ast-disable-related-posts":"","theme-transparent-header-meta":"default","adv-header-id-meta":"","stick-header-meta":"","header-above-stick-meta":"","header-main-stick-meta":"","header-below-stick-meta":"","astra-migrate-meta-layouts":"default","ast-page-background-enabled":"default","ast-page-background-meta":{"desktop":{"background-color":"","background-image":"","background-repeat":"repeat","background-position":"center center","background-size":"auto","background-attachment":"scroll","background-type":"","background-media":"","overlay-type":"","overlay-color":"","overlay-opacity":"","overlay-gradient":""},"tablet":{"background-color":"","background-image":"","background-repeat":"repeat","background-position":"center center","background-size":"auto","background-attachment":"scroll","background-type":"","background-media":"","overlay-type":"","overlay-color":"","overlay-opacity":"","overlay-gradient":""},"mobile":{"background-color":"","background-image":"","background-repeat":"repeat","background-position":"center center","background-size":"auto","background-attachment":"scroll","background-type":"","background-media":"","overlay-type":"","overlay-color":"","overlay-opacity":"","overlay-gradient":""}},"ast-content-background-meta":{"desktop":{"background-color":"var(--ast-global-color-5)","background-image":"","background-repeat":"repeat","background-position":"center center","background-size":"auto","background-attachment":"scroll","background-type":"","background-media":"","overlay-type":"","overlay-color":"","overlay-opacity":"","overlay-gradient":""},"tablet":{"background-color":"var(--ast-global-color-5)","background-image":"","background-repeat":"repeat","background-position":"center center","background-size":"auto","background-attachment":"scroll","background-type":"","background-media":"","overlay-type":"","overlay-color":"","overlay-opacity":"","overlay-gradient":""},"mobile":{"background-color":"var(--ast-global-color-5)","background-image":"","background-repeat":"repeat","background-position":"center center","background-size":"auto","background-attachment":"scroll","background-type":"","background-media":"","overlay-type":"","overlay-color":"","overlay-opacity":"","overlay-gradient":""}},"footnotes":""},"class_list":["post-2849","page","type-page","status-publish","has-post-thumbnail","hentry"],"_links":{"self":[{"href":"https:\/\/www.insem-atmos.si\/en\/wp-json\/wp\/v2\/pages\/2849","targetHints":{"allow":["GET"]}}],"collection":[{"href":"https:\/\/www.insem-atmos.si\/en\/wp-json\/wp\/v2\/pages"}],"about":[{"href":"https:\/\/www.insem-atmos.si\/en\/wp-json\/wp\/v2\/types\/page"}],"author":[{"embeddable":true,"href":"https:\/\/www.insem-atmos.si\/en\/wp-json\/wp\/v2\/users\/7"}],"replies":[{"embeddable":true,"href":"https:\/\/www.insem-atmos.si\/en\/wp-json\/wp\/v2\/comments?post=2849"}],"version-history":[{"count":9,"href":"https:\/\/www.insem-atmos.si\/en\/wp-json\/wp\/v2\/pages\/2849\/revisions"}],"predecessor-version":[{"id":3519,"href":"https:\/\/www.insem-atmos.si\/en\/wp-json\/wp\/v2\/pages\/2849\/revisions\/3519"}],"up":[{"embeddable":true,"href":"https:\/\/www.insem-atmos.si\/en\/wp-json\/wp\/v2\/pages\/2847"}],"wp:featuredmedia":[{"embeddable":true,"href":"https:\/\/www.insem-atmos.si\/en\/wp-json\/wp\/v2\/media\/2471"}],"wp:attachment":[{"href":"https:\/\/www.insem-atmos.si\/en\/wp-json\/wp\/v2\/media?parent=2849"}],"curies":[{"name":"wp","href":"https:\/\/api.w.org\/{rel}","templated":true}]}}