{"id":3082,"date":"2021-03-26T02:02:52","date_gmt":"2021-03-26T01:02:52","guid":{"rendered":"http:\/\/www.insem-atmos.si\/ueber-uns\/geschaeftskarte\/"},"modified":"2021-03-26T15:21:26","modified_gmt":"2021-03-26T14:21:26","slug":"geschaeftskarte","status":"publish","type":"page","link":"https:\/\/www.insem-atmos.si\/de\/ueber-uns\/geschaeftskarte\/","title":{"rendered":"Gesch\u00e4ftskarte"},"content":{"rendered":"\t\t<div data-elementor-type=\"wp-page\" data-elementor-id=\"3082\" class=\"elementor elementor-3082 elementor-149\" data-elementor-post-type=\"page\">\n\t\t\t\t\t\t<section class=\"elementor-section elementor-top-section elementor-element elementor-element-53f23a3c elementor-section-full_width elementor-section-height-default elementor-section-height-default\" data-id=\"53f23a3c\" data-element_type=\"section\" data-e-type=\"section\">\n\t\t\t\t\t\t<div class=\"elementor-container elementor-column-gap-no\">\n\t\t\t\t\t<div class=\"elementor-column elementor-col-100 elementor-top-column elementor-element elementor-element-53f4960f\" data-id=\"53f4960f\" data-element_type=\"column\" data-e-type=\"column\">\n\t\t\t<div class=\"elementor-widget-wrap elementor-element-populated\">\n\t\t\t\t\t\t<div class=\"elementor-element elementor-element-4858c80f elementor-widget elementor-widget-template\" data-id=\"4858c80f\" data-element_type=\"widget\" data-e-type=\"widget\" data-widget_type=\"template.default\">\n\t\t\t\t<div class=\"elementor-widget-container\">\n\t\t\t\t\t\t\t<div class=\"elementor-template\">\n\t\t\t\t\t<div data-elementor-type=\"section\" data-elementor-id=\"942\" class=\"elementor elementor-942\" data-elementor-post-type=\"elementor_library\">\n\t\t\t\t\t<section class=\"elementor-section elementor-top-section elementor-element elementor-element-d4b5bda elementor-section-full_width elementor-reverse-tablet elementor-reverse-mobile elementor-section-height-default elementor-section-height-default\" data-id=\"d4b5bda\" data-element_type=\"section\" data-e-type=\"section\" data-settings=\"{&quot;background_background&quot;:&quot;classic&quot;}\">\n\t\t\t\t\t\t<div class=\"elementor-container elementor-column-gap-default\">\n\t\t\t\t\t<div data-dce-background-color=\"#FDD303\" class=\"elementor-column elementor-col-50 elementor-top-column elementor-element elementor-element-46227c0\" data-id=\"46227c0\" data-element_type=\"column\" data-e-type=\"column\" data-settings=\"{&quot;background_background&quot;:&quot;classic&quot;}\">\n\t\t\t<div class=\"elementor-widget-wrap elementor-element-populated\">\n\t\t\t\t\t\t\t<\/div>\n\t\t<\/div>\n\t\t\t\t<div data-dce-background-image-url=\"https:\/\/www.insem-atmos.si\/wp-content\/uploads\/2020\/10\/zerjav-street-insem-atmos.jpg\" class=\"elementor-column elementor-col-50 elementor-top-column elementor-element elementor-element-bbc23cd\" data-id=\"bbc23cd\" data-element_type=\"column\" data-e-type=\"column\" data-settings=\"{&quot;background_background&quot;:&quot;classic&quot;}\">\n\t\t\t<div class=\"elementor-widget-wrap elementor-element-populated\">\n\t\t\t\t\t\t<div class=\"elementor-element elementor-element-147ff27 elementor-widget elementor-widget-spacer\" data-id=\"147ff27\" data-element_type=\"widget\" data-e-type=\"widget\" data-widget_type=\"spacer.default\">\n\t\t\t\t<div class=\"elementor-widget-container\">\n\t\t\t\t\t\t\t<div class=\"elementor-spacer\">\n\t\t\t<div class=\"elementor-spacer-inner\"><\/div>\n\t\t<\/div>\n\t\t\t\t\t\t<\/div>\n\t\t\t\t<\/div>\n\t\t\t\t\t<\/div>\n\t\t<\/div>\n\t\t\t\t\t<\/div>\n\t\t<\/section>\n\t\t\t\t<\/div>\n\t\t\t\t<\/div>\n\t\t\t\t\t\t<\/div>\n\t\t\t\t<\/div>\n\t\t\t\t\t<\/div>\n\t\t<\/div>\n\t\t\t\t\t<\/div>\n\t\t<\/section>\n\t\t\t\t<section class=\"elementor-section elementor-top-section elementor-element elementor-element-31aba034 elementor-section-boxed elementor-section-height-default elementor-section-height-default\" data-id=\"31aba034\" data-element_type=\"section\" data-e-type=\"section\">\n\t\t\t\t\t\t<div class=\"elementor-container elementor-column-gap-default\">\n\t\t\t\t\t<div class=\"elementor-column elementor-col-33 elementor-top-column elementor-element elementor-element-4359f346 elementor-hidden-tablet elementor-hidden-phone\" data-id=\"4359f346\" data-element_type=\"column\" data-e-type=\"column\" data-settings=\"{&quot;background_background&quot;:&quot;classic&quot;}\">\n\t\t\t<div class=\"elementor-widget-wrap elementor-element-populated\">\n\t\t\t\t\t\t<div class=\"elementor-element elementor-element-b1d9b4e elementor-nav-menu--dropdown-none elementor-nav-menu__align-end elementor-hidden-phone elementor-widget elementor-widget-nav-menu\" data-id=\"b1d9b4e\" data-element_type=\"widget\" data-e-type=\"widget\" data-settings=\"{&quot;layout&quot;:&quot;vertical&quot;,&quot;submenu_icon&quot;:{&quot;value&quot;:&quot;&lt;i class=\\&quot;\\&quot; aria-hidden=\\&quot;true\\&quot;&gt;&lt;\\\/i&gt;&quot;,&quot;library&quot;:&quot;&quot;}}\" data-widget_type=\"nav-menu.default\">\n\t\t\t\t<div class=\"elementor-widget-container\">\n\t\t\t\t\t\t\t\t<nav aria-label=\"Men\u00fc\" class=\"elementor-nav-menu--main elementor-nav-menu__container elementor-nav-menu--layout-vertical e--pointer-none\">\n\t\t\t\t<ul id=\"menu-1-b1d9b4e\" class=\"elementor-nav-menu sm-vertical\"><li class=\"menu-item menu-item-type-post_type menu-item-object-page menu-item-3195\"><a href=\"https:\/\/www.insem-atmos.si\/de\/ueber-uns\/\" class=\"elementor-item menu-link\">\u00dcber uns<\/a><\/li>\n<li class=\"menu-item menu-item-type-post_type menu-item-object-page menu-item-3196\"><a href=\"https:\/\/www.insem-atmos.si\/de\/ueber-uns\/geschichte-des-unternehmens\/\" class=\"elementor-item menu-link\">Geschichte des Unternehmens<\/a><\/li>\n<li class=\"menu-item menu-item-type-post_type menu-item-object-page menu-item-3197\"><a href=\"https:\/\/www.insem-atmos.si\/de\/ueber-uns\/geschaeftskarte\/\" class=\"elementor-item menu-link\">Gesch\u00e4ftskarte<\/a><\/li>\n<li class=\"menu-item menu-item-type-post_type menu-item-object-page menu-item-3198\"><a href=\"https:\/\/www.insem-atmos.si\/de\/ueber-uns\/kontaktdaten\/\" class=\"elementor-item menu-link\">Kontaktdaten<\/a><\/li>\n<li class=\"menu-item menu-item-type-post_type menu-item-object-page menu-item-3199\"><a href=\"https:\/\/www.insem-atmos.si\/de\/ueber-uns\/vertriebsabteilung\/\" class=\"elementor-item menu-link\">Vertriebsabteilung<\/a><\/li>\n<li class=\"menu-item menu-item-type-post_type menu-item-object-page menu-item-3200\"><a href=\"https:\/\/www.insem-atmos.si\/de\/ueber-uns\/warum-sie-uns-waehlen-sollten\/\" class=\"elementor-item menu-link\">Warum Sie uns w\u00e4hlen sollten<\/a><\/li>\n<\/ul>\t\t\t<\/nav>\n\t\t\t\t\t\t<nav class=\"elementor-nav-menu--dropdown elementor-nav-menu__container\" aria-hidden=\"true\">\n\t\t\t\t<ul id=\"menu-2-b1d9b4e\" class=\"elementor-nav-menu sm-vertical\"><li class=\"menu-item menu-item-type-post_type menu-item-object-page menu-item-3195\"><a href=\"https:\/\/www.insem-atmos.si\/de\/ueber-uns\/\" class=\"elementor-item menu-link\" tabindex=\"-1\">\u00dcber uns<\/a><\/li>\n<li class=\"menu-item menu-item-type-post_type menu-item-object-page menu-item-3196\"><a href=\"https:\/\/www.insem-atmos.si\/de\/ueber-uns\/geschichte-des-unternehmens\/\" class=\"elementor-item menu-link\" tabindex=\"-1\">Geschichte des Unternehmens<\/a><\/li>\n<li class=\"menu-item menu-item-type-post_type menu-item-object-page menu-item-3197\"><a href=\"https:\/\/www.insem-atmos.si\/de\/ueber-uns\/geschaeftskarte\/\" class=\"elementor-item menu-link\" tabindex=\"-1\">Gesch\u00e4ftskarte<\/a><\/li>\n<li class=\"menu-item menu-item-type-post_type menu-item-object-page menu-item-3198\"><a href=\"https:\/\/www.insem-atmos.si\/de\/ueber-uns\/kontaktdaten\/\" class=\"elementor-item menu-link\" tabindex=\"-1\">Kontaktdaten<\/a><\/li>\n<li class=\"menu-item menu-item-type-post_type menu-item-object-page menu-item-3199\"><a href=\"https:\/\/www.insem-atmos.si\/de\/ueber-uns\/vertriebsabteilung\/\" class=\"elementor-item menu-link\" tabindex=\"-1\">Vertriebsabteilung<\/a><\/li>\n<li class=\"menu-item menu-item-type-post_type menu-item-object-page menu-item-3200\"><a href=\"https:\/\/www.insem-atmos.si\/de\/ueber-uns\/warum-sie-uns-waehlen-sollten\/\" class=\"elementor-item menu-link\" tabindex=\"-1\">Warum Sie uns w\u00e4hlen sollten<\/a><\/li>\n<\/ul>\t\t\t<\/nav>\n\t\t\t\t\t\t<\/div>\n\t\t\t\t<\/div>\n\t\t\t\t\t<\/div>\n\t\t<\/div>\n\t\t\t\t<div class=\"elementor-column elementor-col-66 elementor-top-column elementor-element elementor-element-6a0073\" data-id=\"6a0073\" data-element_type=\"column\" data-e-type=\"column\">\n\t\t\t<div class=\"elementor-widget-wrap elementor-element-populated\">\n\t\t\t\t\t\t<div class=\"elementor-element elementor-element-02bf5e5 elementor-widget elementor-widget-heading\" data-id=\"02bf5e5\" data-element_type=\"widget\" data-e-type=\"widget\" data-widget_type=\"heading.default\">\n\t\t\t\t<div class=\"elementor-widget-container\">\n\t\t\t\t\t<h2 class=\"elementor-heading-title elementor-size-default\">INSEM - ATMOS KRANE UND HEBGER\u00c4TE d.o.o.<\/h2>\t\t\t\t<\/div>\n\t\t\t\t<\/div>\n\t\t\t\t<div data-dce-text-color=\"#333333\" class=\"elementor-element elementor-element-c9a8025 elementor-icon-list--layout-traditional elementor-list-item-link-full_width elementor-widget elementor-widget-icon-list\" data-id=\"c9a8025\" data-element_type=\"widget\" data-e-type=\"widget\" data-widget_type=\"icon-list.default\">\n\t\t\t\t<div class=\"elementor-widget-container\">\n\t\t\t\t\t\t\t<ul class=\"elementor-icon-list-items\">\n\t\t\t\t\t\t\t<li class=\"elementor-icon-list-item\">\n\t\t\t\t\t\t\t\t\t\t\t<span class=\"elementor-icon-list-icon\">\n\t\t\t\t\t\t\t<i aria-hidden=\"true\" class=\"fas fa-map-marker-alt\"><\/i>\t\t\t\t\t\t<\/span>\n\t\t\t\t\t\t\t\t\t\t<span class=\"elementor-icon-list-text\">Spodnje Ho\u010de<br>Slivni\u0161ka cesta 6<br>2311 Ho\u010de<br>Slowenien<\/span>\n\t\t\t\t\t\t\t\t\t<\/li>\n\t\t\t\t\t\t\t\t<li class=\"elementor-icon-list-item\">\n\t\t\t\t\t\t\t\t\t\t\t<a href=\"tel:0038626181221\">\n\n\t\t\t\t\t\t\t\t\t\t\t\t<span class=\"elementor-icon-list-icon\">\n\t\t\t\t\t\t\t<i aria-hidden=\"true\" class=\"fas fa-phone-alt\"><\/i>\t\t\t\t\t\t<\/span>\n\t\t\t\t\t\t\t\t\t\t<span class=\"elementor-icon-list-text\">tel:0038626181221<\/span>\n\t\t\t\t\t\t\t\t\t\t\t<\/a>\n\t\t\t\t\t\t\t\t\t<\/li>\n\t\t\t\t\t\t\t\t<li class=\"elementor-icon-list-item\">\n\t\t\t\t\t\t\t\t\t\t\t<a href=\"mailto:info@insem-atmos.si\">\n\n\t\t\t\t\t\t\t\t\t\t\t\t<span class=\"elementor-icon-list-icon\">\n\t\t\t\t\t\t\t<i aria-hidden=\"true\" class=\"fas fa-envelope\"><\/i>\t\t\t\t\t\t<\/span>\n\t\t\t\t\t\t\t\t\t\t<span class=\"elementor-icon-list-text\">info@insem-atmos.si<\/span>\n\t\t\t\t\t\t\t\t\t\t\t<\/a>\n\t\t\t\t\t\t\t\t\t<\/li>\n\t\t\t\t\t\t\t\t<li class=\"elementor-icon-list-item\">\n\t\t\t\t\t\t\t\t\t\t\t<span class=\"elementor-icon-list-icon\">\n\t\t\t\t\t\t\t<i aria-hidden=\"true\" class=\"fas fa-globe\"><\/i>\t\t\t\t\t\t<\/span>\n\t\t\t\t\t\t\t\t\t\t<span class=\"elementor-icon-list-text\">www.insem-atmos.si<br>www.insem-atmos.com<br>www.zerjavi.si<\/span>\n\t\t\t\t\t\t\t\t\t<\/li>\n\t\t\t\t\t\t<\/ul>\n\t\t\t\t\t\t<\/div>\n\t\t\t\t<\/div>\n\t\t\t\t<div class=\"elementor-element elementor-element-dda520a elementor-widget elementor-widget-spacer\" data-id=\"dda520a\" data-element_type=\"widget\" data-e-type=\"widget\" data-widget_type=\"spacer.default\">\n\t\t\t\t<div class=\"elementor-widget-container\">\n\t\t\t\t\t\t\t<div class=\"elementor-spacer\">\n\t\t\t<div class=\"elementor-spacer-inner\"><\/div>\n\t\t<\/div>\n\t\t\t\t\t\t<\/div>\n\t\t\t\t<\/div>\n\t\t\t\t<section data-dce-background-color=\"#F8F8F8\" class=\"elementor-section elementor-inner-section elementor-element elementor-element-d341793 elementor-section-boxed elementor-section-height-default elementor-section-height-default\" data-id=\"d341793\" data-element_type=\"section\" data-e-type=\"section\" data-settings=\"{&quot;background_background&quot;:&quot;classic&quot;}\">\n\t\t\t\t\t\t<div class=\"elementor-container elementor-column-gap-default\">\n\t\t\t\t\t<div class=\"elementor-column elementor-col-100 elementor-inner-column elementor-element elementor-element-335147f\" data-id=\"335147f\" data-element_type=\"column\" data-e-type=\"column\">\n\t\t\t<div class=\"elementor-widget-wrap elementor-element-populated\">\n\t\t\t\t\t\t<div class=\"elementor-element elementor-element-8f57339 elementor-widget elementor-widget-text-editor\" data-id=\"8f57339\" data-element_type=\"widget\" data-e-type=\"widget\" data-widget_type=\"text-editor.default\">\n\t\t\t\t<div class=\"elementor-widget-container\">\n\t\t\t\t\t\t\t\t\t<p><b>Registrierungsnummer:\u00a0<\/b>1708252000<\/p>\n<p><b>Steuernummer:\u00a0<\/b>SI30064597<\/p>\n<p><b>Rechtsform:<\/b> Gesellschaft mit beschr\u00e4nkter Haftung, GmbH\u00a0<\/p>\n<p><b>Bevollm\u00e4chtigte des Unternehmens:<\/b><\/p>\n<ul>\n<li>Registrierungsnummer: 1708252000<\/li>\n<li>Steuernummer: SI30064597<\/li>\n<li>Rechtsform: Gesellschaft mit beschr\u00e4nkter Haftung, GmbH<\/li>\n<\/ul>\n<p><b>Eigentum<\/b>: Das Unternehmen befindet sich zu 100% in Privatbesitz<\/p>\n<ul>\n<li>Peter Komatovi\u0107 (Direktor)<\/li>\n<li>Stjepan Komatovi\u0107 (Prokurist)<\/li>\n<li>Bojan Pu\u0161nik (Prokurist)<\/li>\n<\/ul>\n\t\t\t\t\t\t\t\t<\/div>\n\t\t\t\t<\/div>\n\t\t\t\t\t<\/div>\n\t\t<\/div>\n\t\t\t\t\t<\/div>\n\t\t<\/section>\n\t\t\t\t\t<\/div>\n\t\t<\/div>\n\t\t\t\t\t<\/div>\n\t\t<\/section>\n\t\t\t\t<section data-dce-background-overlay-color=\"#000000\" data-dce-background-image-url=\"https:\/\/www.insem-atmos.si\/wp-content\/uploads\/2020\/04\/mostni_zerjav_hala_stevec_ozadje.jpg\" class=\"elementor-section elementor-top-section elementor-element elementor-element-5f872ee0 elementor-section-boxed elementor-section-height-default elementor-section-height-default\" data-id=\"5f872ee0\" data-element_type=\"section\" data-e-type=\"section\" data-settings=\"{&quot;background_background&quot;:&quot;classic&quot;}\">\n\t\t\t\t\t\t\t<div class=\"elementor-background-overlay\"><\/div>\n\t\t\t\t\t\t\t<div class=\"elementor-container elementor-column-gap-default\">\n\t\t\t\t\t<div class=\"elementor-column elementor-col-100 elementor-top-column elementor-element elementor-element-becdc36\" data-id=\"becdc36\" data-element_type=\"column\" data-e-type=\"column\">\n\t\t\t<div class=\"elementor-widget-wrap elementor-element-populated\">\n\t\t\t\t\t\t<div class=\"elementor-element elementor-element-af6633f elementor-widget elementor-widget-spacer\" data-id=\"af6633f\" data-element_type=\"widget\" data-e-type=\"widget\" data-widget_type=\"spacer.default\">\n\t\t\t\t<div class=\"elementor-widget-container\">\n\t\t\t\t\t\t\t<div class=\"elementor-spacer\">\n\t\t\t<div class=\"elementor-spacer-inner\"><\/div>\n\t\t<\/div>\n\t\t\t\t\t\t<\/div>\n\t\t\t\t<\/div>\n\t\t\t\t\t<\/div>\n\t\t<\/div>\n\t\t\t\t\t<\/div>\n\t\t<\/section>\n\t\t\t\t<section data-dce-background-color=\"#FFFFFF\" class=\"elementor-section elementor-top-section elementor-element elementor-element-19af083c elementor-section-boxed elementor-section-height-default elementor-section-height-default\" data-id=\"19af083c\" data-element_type=\"section\" data-e-type=\"section\" data-settings=\"{&quot;background_background&quot;:&quot;gradient&quot;}\">\n\t\t\t\t\t\t<div class=\"elementor-container elementor-column-gap-default\">\n\t\t\t\t\t<div class=\"elementor-column elementor-col-50 elementor-top-column elementor-element elementor-element-61252b54 elementor-hidden-tablet elementor-hidden-phone\" data-id=\"61252b54\" data-element_type=\"column\" data-e-type=\"column\" data-settings=\"{&quot;background_background&quot;:&quot;classic&quot;}\">\n\t\t\t<div class=\"elementor-widget-wrap elementor-element-populated\">\n\t\t\t\t\t\t<div class=\"elementor-element elementor-element-46892fe elementor-widget elementor-widget-heading\" data-id=\"46892fe\" data-element_type=\"widget\" data-e-type=\"widget\" data-widget_type=\"heading.default\">\n\t\t\t\t<div class=\"elementor-widget-container\">\n\t\t\t\t\t<h2 class=\"elementor-heading-title elementor-size-default\">\u00dcber den Namen<br>Insem-Atmos<\/h2>\t\t\t\t<\/div>\n\t\t\t\t<\/div>\n\t\t\t\t\t<\/div>\n\t\t<\/div>\n\t\t\t\t<div data-dce-background-color=\"#FDD303\" class=\"elementor-column elementor-col-50 elementor-top-column elementor-element elementor-element-24e8d5c9\" data-id=\"24e8d5c9\" data-element_type=\"column\" data-e-type=\"column\" data-settings=\"{&quot;background_background&quot;:&quot;classic&quot;}\">\n\t\t\t<div class=\"elementor-widget-wrap elementor-element-populated\">\n\t\t\t\t\t\t<div class=\"elementor-element elementor-element-51647176 elementor-hidden-desktop elementor-widget elementor-widget-heading\" data-id=\"51647176\" data-element_type=\"widget\" data-e-type=\"widget\" data-widget_type=\"heading.default\">\n\t\t\t\t<div class=\"elementor-widget-container\">\n\t\t\t\t\t<h2 class=\"elementor-heading-title elementor-size-default\">\u00dcber den Namen Insem-Atmos<\/h2>\t\t\t\t<\/div>\n\t\t\t\t<\/div>\n\t\t\t\t<div class=\"elementor-element elementor-element-041eba8 elementor-widget elementor-widget-text-editor\" data-id=\"041eba8\" data-element_type=\"widget\" data-e-type=\"widget\" data-widget_type=\"text-editor.default\">\n\t\t\t\t<div class=\"elementor-widget-container\">\n\t\t\t\t\t\t\t\t\t<p><b>Der erste Teil des Namens, das Wort &#8222;INSEM&#8220;, ist eine Kombination der W\u00f6rter INdustrijski SErvis und Monta\u017ea (Industrieservice und Montage), da sich das Unternehmen zun\u00e4chst nur auf die Wartung und Instandhaltung von Kranen und Prozessanlagen konzentrierte.<\/b><\/p>\n<p>Zum Zeitpunkt der Gr\u00fcndung im Jahr 1990 stammten die meisten Mitarbeiter aus der alten Firma ATMOS, die im Jahr zuvor ihre T\u00fcren geschlossen hatte. Aufgrund der au\u00dfergew\u00f6hnlichen Anerkennung von ATMOS im Bereich Kranbau und Prozessausr\u00fcstung ist der Titel bis heute erhalten geblieben. Das neu gegr\u00fcndete Unternehmen befasste sich urspr\u00fcnglich haupts\u00e4chlich mit Serviceeinrichtungen, die in der Firma Atmos gebaut wurden, daher der oben genannte Name. Nach der Unabh\u00e4ngigkeit Sloweniens im Jahr 1991 begann sich das Land im wirtschaftlichen Bereich rasch zu entwickeln, und der Bedarf an neuen Kranen stieg von Jahr zu Jahr. Daher begannen wir ziemlich bald nach der Gr\u00fcndung mit unserer eigenen Produktion von Kranen.<\/p>\n<p>Erfahren Sie mehr unter der Sektion <a href=\"https:\/\/www.insem-atmos.si\/de\/ueber-uns\/geschichte-des-unternehmens\/\">Firmengeschichte.<\/a><\/p>\n\t\t\t\t\t\t\t\t<\/div>\n\t\t\t\t<\/div>\n\t\t\t\t\t<\/div>\n\t\t<\/div>\n\t\t\t\t\t<\/div>\n\t\t<\/section>\n\t\t\t\t<\/div>\n\t\t","protected":false},"excerpt":{"rendered":"<p>INSEM &#8211; ATMOS KRANE UND HEBGER\u00c4TE d.o.o. Spodnje Ho\u010deSlivni\u0161ka cesta 62311 Ho\u010deSlowenien tel:0038626181221 info@insem-atmos.si www.insem-atmos.siwww.insem-atmos.comwww.zerjavi.si Registrierungsnummer:\u00a01708252000 Steuernummer:\u00a0SI30064597 Rechtsform: Gesellschaft mit beschr\u00e4nkter Haftung, GmbH\u00a0 Bevollm\u00e4chtigte des Unternehmens: Registrierungsnummer: 1708252000 Steuernummer: SI30064597 Rechtsform: Gesellschaft mit beschr\u00e4nkter Haftung, GmbH Eigentum: Das Unternehmen befindet sich zu 100% in Privatbesitz Peter Komatovi\u0107 (Direktor) Stjepan Komatovi\u0107 (Prokurist) Bojan Pu\u0161nik (Prokurist) \u00dcber [&hellip;]<\/p>\n","protected":false},"author":7,"featured_media":2472,"parent":3078,"menu_order":30,"comment_status":"closed","ping_status":"closed","template":"","meta":{"site-sidebar-layout":"no-sidebar","site-content-layout":"page-builder","ast-site-content-layout":"default","site-content-style":"default","site-sidebar-style":"default","ast-global-header-display":"","ast-banner-title-visibility":"","ast-main-header-display":"disabled","ast-hfb-above-header-display":"","ast-hfb-below-header-display":"","ast-hfb-mobile-header-display":"","site-post-title":"disabled","ast-breadcrumbs-content":"disabled","ast-featured-img":"disabled","footer-sml-layout":"disabled","ast-disable-related-posts":"","theme-transparent-header-meta":"default","adv-header-id-meta":"","stick-header-meta":"","header-above-stick-meta":"","header-main-stick-meta":"","header-below-stick-meta":"","astra-migrate-meta-layouts":"default","ast-page-background-enabled":"default","ast-page-background-meta":{"desktop":{"background-color":"","background-image":"","background-repeat":"repeat","background-position":"center center","background-size":"auto","background-attachment":"scroll","background-type":"","background-media":"","overlay-type":"","overlay-color":"","overlay-opacity":"","overlay-gradient":""},"tablet":{"background-color":"","background-image":"","background-repeat":"repeat","background-position":"center center","background-size":"auto","background-attachment":"scroll","background-type":"","background-media":"","overlay-type":"","overlay-color":"","overlay-opacity":"","overlay-gradient":""},"mobile":{"background-color":"","background-image":"","background-repeat":"repeat","background-position":"center center","background-size":"auto","background-attachment":"scroll","background-type":"","background-media":"","overlay-type":"","overlay-color":"","overlay-opacity":"","overlay-gradient":""}},"ast-content-background-meta":{"desktop":{"background-color":"var(--ast-global-color-5)","background-image":"","background-repeat":"repeat","background-position":"center center","background-size":"auto","background-attachment":"scroll","background-type":"","background-media":"","overlay-type":"","overlay-color":"","overlay-opacity":"","overlay-gradient":""},"tablet":{"background-color":"var(--ast-global-color-5)","background-image":"","background-repeat":"repeat","background-position":"center center","background-size":"auto","background-attachment":"scroll","background-type":"","background-media":"","overlay-type":"","overlay-color":"","overlay-opacity":"","overlay-gradient":""},"mobile":{"background-color":"var(--ast-global-color-5)","background-image":"","background-repeat":"repeat","background-position":"center center","background-size":"auto","background-attachment":"scroll","background-type":"","background-media":"","overlay-type":"","overlay-color":"","overlay-opacity":"","overlay-gradient":""}},"footnotes":""},"class_list":["post-3082","page","type-page","status-publish","has-post-thumbnail","hentry"],"_links":{"self":[{"href":"https:\/\/www.insem-atmos.si\/de\/wp-json\/wp\/v2\/pages\/3082","targetHints":{"allow":["GET"]}}],"collection":[{"href":"https:\/\/www.insem-atmos.si\/de\/wp-json\/wp\/v2\/pages"}],"about":[{"href":"https:\/\/www.insem-atmos.si\/de\/wp-json\/wp\/v2\/types\/page"}],"author":[{"embeddable":true,"href":"https:\/\/www.insem-atmos.si\/de\/wp-json\/wp\/v2\/users\/7"}],"replies":[{"embeddable":true,"href":"https:\/\/www.insem-atmos.si\/de\/wp-json\/wp\/v2\/comments?post=3082"}],"version-history":[{"count":5,"href":"https:\/\/www.insem-atmos.si\/de\/wp-json\/wp\/v2\/pages\/3082\/revisions"}],"predecessor-version":[{"id":3465,"href":"https:\/\/www.insem-atmos.si\/de\/wp-json\/wp\/v2\/pages\/3082\/revisions\/3465"}],"up":[{"embeddable":true,"href":"https:\/\/www.insem-atmos.si\/de\/wp-json\/wp\/v2\/pages\/3078"}],"wp:featuredmedia":[{"embeddable":true,"href":"https:\/\/www.insem-atmos.si\/de\/wp-json\/wp\/v2\/media\/2472"}],"wp:attachment":[{"href":"https:\/\/www.insem-atmos.si\/de\/wp-json\/wp\/v2\/media?parent=3082"}],"curies":[{"name":"wp","href":"https:\/\/api.w.org\/{rel}","templated":true}]}}