{"id":3080,"date":"2021-03-26T02:00:37","date_gmt":"2021-03-26T01:00:37","guid":{"rendered":"http:\/\/www.insem-atmos.si\/ueber-uns\/geschichte-des-unternehmens\/"},"modified":"2021-03-26T15:06:55","modified_gmt":"2021-03-26T14:06:55","slug":"geschichte-des-unternehmens","status":"publish","type":"page","link":"https:\/\/www.insem-atmos.si\/de\/ueber-uns\/geschichte-des-unternehmens\/","title":{"rendered":"Geschichte des Unternehmens"},"content":{"rendered":"\t\t<div data-elementor-type=\"wp-page\" data-elementor-id=\"3080\" class=\"elementor elementor-3080 elementor-145\" data-elementor-post-type=\"page\">\n\t\t\t\t\t\t<section class=\"elementor-section elementor-top-section elementor-element elementor-element-57a2732b elementor-section-full_width elementor-section-height-default elementor-section-height-default\" data-id=\"57a2732b\" data-element_type=\"section\" data-e-type=\"section\">\n\t\t\t\t\t\t<div class=\"elementor-container elementor-column-gap-no\">\n\t\t\t\t\t<div class=\"elementor-column elementor-col-100 elementor-top-column elementor-element elementor-element-4b519175\" data-id=\"4b519175\" data-element_type=\"column\" data-e-type=\"column\">\n\t\t\t<div class=\"elementor-widget-wrap elementor-element-populated\">\n\t\t\t\t\t\t<div class=\"elementor-element elementor-element-4fae40b elementor-widget elementor-widget-template\" data-id=\"4fae40b\" data-element_type=\"widget\" data-e-type=\"widget\" data-widget_type=\"template.default\">\n\t\t\t\t<div class=\"elementor-widget-container\">\n\t\t\t\t\t\t\t<div class=\"elementor-template\">\n\t\t\t\t\t<div data-elementor-type=\"section\" data-elementor-id=\"942\" class=\"elementor elementor-942\" data-elementor-post-type=\"elementor_library\">\n\t\t\t\t\t<section class=\"elementor-section elementor-top-section elementor-element elementor-element-d4b5bda elementor-section-full_width elementor-reverse-tablet elementor-reverse-mobile elementor-section-height-default elementor-section-height-default\" data-id=\"d4b5bda\" data-element_type=\"section\" data-e-type=\"section\" data-settings=\"{&quot;background_background&quot;:&quot;classic&quot;}\">\n\t\t\t\t\t\t<div class=\"elementor-container elementor-column-gap-default\">\n\t\t\t\t\t<div data-dce-background-color=\"#FDD303\" class=\"elementor-column elementor-col-50 elementor-top-column elementor-element elementor-element-46227c0\" data-id=\"46227c0\" data-element_type=\"column\" data-e-type=\"column\" data-settings=\"{&quot;background_background&quot;:&quot;classic&quot;}\">\n\t\t\t<div class=\"elementor-widget-wrap elementor-element-populated\">\n\t\t\t\t\t\t\t<\/div>\n\t\t<\/div>\n\t\t\t\t<div data-dce-background-image-url=\"https:\/\/www.insem-atmos.si\/wp-content\/uploads\/2020\/10\/posest-nekdanjega-Atmosa.jpg\" class=\"elementor-column elementor-col-50 elementor-top-column elementor-element elementor-element-bbc23cd\" data-id=\"bbc23cd\" data-element_type=\"column\" data-e-type=\"column\" data-settings=\"{&quot;background_background&quot;:&quot;classic&quot;}\">\n\t\t\t<div class=\"elementor-widget-wrap elementor-element-populated\">\n\t\t\t\t\t\t<div class=\"elementor-element elementor-element-147ff27 elementor-widget elementor-widget-spacer\" data-id=\"147ff27\" data-element_type=\"widget\" data-e-type=\"widget\" data-widget_type=\"spacer.default\">\n\t\t\t\t<div class=\"elementor-widget-container\">\n\t\t\t\t\t\t\t<div class=\"elementor-spacer\">\n\t\t\t<div class=\"elementor-spacer-inner\"><\/div>\n\t\t<\/div>\n\t\t\t\t\t\t<\/div>\n\t\t\t\t<\/div>\n\t\t\t\t\t<\/div>\n\t\t<\/div>\n\t\t\t\t\t<\/div>\n\t\t<\/section>\n\t\t\t\t<\/div>\n\t\t\t\t<\/div>\n\t\t\t\t\t\t<\/div>\n\t\t\t\t<\/div>\n\t\t\t\t\t<\/div>\n\t\t<\/div>\n\t\t\t\t\t<\/div>\n\t\t<\/section>\n\t\t\t\t<section class=\"elementor-section elementor-top-section elementor-element elementor-element-359a5799 elementor-section-boxed elementor-section-height-default elementor-section-height-default\" data-id=\"359a5799\" data-element_type=\"section\" data-e-type=\"section\">\n\t\t\t\t\t\t<div class=\"elementor-container elementor-column-gap-default\">\n\t\t\t\t\t<div class=\"elementor-column elementor-col-33 elementor-top-column elementor-element elementor-element-7402d840 elementor-hidden-tablet elementor-hidden-phone\" data-id=\"7402d840\" data-element_type=\"column\" data-e-type=\"column\" data-settings=\"{&quot;background_background&quot;:&quot;classic&quot;}\">\n\t\t\t<div class=\"elementor-widget-wrap elementor-element-populated\">\n\t\t\t\t\t\t<div class=\"elementor-element elementor-element-d0eafa6 elementor-nav-menu--dropdown-none elementor-nav-menu__align-end elementor-hidden-phone elementor-widget elementor-widget-nav-menu\" data-id=\"d0eafa6\" data-element_type=\"widget\" data-e-type=\"widget\" data-settings=\"{&quot;layout&quot;:&quot;vertical&quot;,&quot;submenu_icon&quot;:{&quot;value&quot;:&quot;&lt;i class=\\&quot;\\&quot; aria-hidden=\\&quot;true\\&quot;&gt;&lt;\\\/i&gt;&quot;,&quot;library&quot;:&quot;&quot;}}\" data-widget_type=\"nav-menu.default\">\n\t\t\t\t<div class=\"elementor-widget-container\">\n\t\t\t\t\t\t\t\t<nav aria-label=\"Men\u00fc\" class=\"elementor-nav-menu--main elementor-nav-menu__container elementor-nav-menu--layout-vertical e--pointer-none\">\n\t\t\t\t<ul id=\"menu-1-d0eafa6\" class=\"elementor-nav-menu sm-vertical\"><li class=\"menu-item menu-item-type-post_type menu-item-object-page menu-item-3195\"><a href=\"https:\/\/www.insem-atmos.si\/de\/ueber-uns\/\" class=\"elementor-item menu-link\">\u00dcber uns<\/a><\/li>\n<li class=\"menu-item menu-item-type-post_type menu-item-object-page menu-item-3196\"><a href=\"https:\/\/www.insem-atmos.si\/de\/ueber-uns\/geschichte-des-unternehmens\/\" class=\"elementor-item menu-link\">Geschichte des Unternehmens<\/a><\/li>\n<li class=\"menu-item menu-item-type-post_type menu-item-object-page menu-item-3197\"><a href=\"https:\/\/www.insem-atmos.si\/de\/ueber-uns\/geschaeftskarte\/\" class=\"elementor-item menu-link\">Gesch\u00e4ftskarte<\/a><\/li>\n<li class=\"menu-item menu-item-type-post_type menu-item-object-page menu-item-3198\"><a href=\"https:\/\/www.insem-atmos.si\/de\/ueber-uns\/kontaktdaten\/\" class=\"elementor-item menu-link\">Kontaktdaten<\/a><\/li>\n<li class=\"menu-item menu-item-type-post_type menu-item-object-page menu-item-3199\"><a href=\"https:\/\/www.insem-atmos.si\/de\/ueber-uns\/vertriebsabteilung\/\" class=\"elementor-item menu-link\">Vertriebsabteilung<\/a><\/li>\n<li class=\"menu-item menu-item-type-post_type menu-item-object-page menu-item-3200\"><a href=\"https:\/\/www.insem-atmos.si\/de\/ueber-uns\/warum-sie-uns-waehlen-sollten\/\" class=\"elementor-item menu-link\">Warum Sie uns w\u00e4hlen sollten<\/a><\/li>\n<\/ul>\t\t\t<\/nav>\n\t\t\t\t\t\t<nav class=\"elementor-nav-menu--dropdown elementor-nav-menu__container\" aria-hidden=\"true\">\n\t\t\t\t<ul id=\"menu-2-d0eafa6\" class=\"elementor-nav-menu sm-vertical\"><li class=\"menu-item menu-item-type-post_type menu-item-object-page menu-item-3195\"><a href=\"https:\/\/www.insem-atmos.si\/de\/ueber-uns\/\" class=\"elementor-item menu-link\" tabindex=\"-1\">\u00dcber uns<\/a><\/li>\n<li class=\"menu-item menu-item-type-post_type menu-item-object-page menu-item-3196\"><a href=\"https:\/\/www.insem-atmos.si\/de\/ueber-uns\/geschichte-des-unternehmens\/\" class=\"elementor-item menu-link\" tabindex=\"-1\">Geschichte des Unternehmens<\/a><\/li>\n<li class=\"menu-item menu-item-type-post_type menu-item-object-page menu-item-3197\"><a href=\"https:\/\/www.insem-atmos.si\/de\/ueber-uns\/geschaeftskarte\/\" class=\"elementor-item menu-link\" tabindex=\"-1\">Gesch\u00e4ftskarte<\/a><\/li>\n<li class=\"menu-item menu-item-type-post_type menu-item-object-page menu-item-3198\"><a href=\"https:\/\/www.insem-atmos.si\/de\/ueber-uns\/kontaktdaten\/\" class=\"elementor-item menu-link\" tabindex=\"-1\">Kontaktdaten<\/a><\/li>\n<li class=\"menu-item menu-item-type-post_type menu-item-object-page menu-item-3199\"><a href=\"https:\/\/www.insem-atmos.si\/de\/ueber-uns\/vertriebsabteilung\/\" class=\"elementor-item menu-link\" tabindex=\"-1\">Vertriebsabteilung<\/a><\/li>\n<li class=\"menu-item menu-item-type-post_type menu-item-object-page menu-item-3200\"><a href=\"https:\/\/www.insem-atmos.si\/de\/ueber-uns\/warum-sie-uns-waehlen-sollten\/\" class=\"elementor-item menu-link\" tabindex=\"-1\">Warum Sie uns w\u00e4hlen sollten<\/a><\/li>\n<\/ul>\t\t\t<\/nav>\n\t\t\t\t\t\t<\/div>\n\t\t\t\t<\/div>\n\t\t\t\t\t<\/div>\n\t\t<\/div>\n\t\t\t\t<div class=\"elementor-column elementor-col-66 elementor-top-column elementor-element elementor-element-68cf973\" data-id=\"68cf973\" data-element_type=\"column\" data-e-type=\"column\">\n\t\t\t<div class=\"elementor-widget-wrap elementor-element-populated\">\n\t\t\t\t\t\t<div class=\"elementor-element elementor-element-1371af78 elementor-widget elementor-widget-text-editor\" data-id=\"1371af78\" data-element_type=\"widget\" data-e-type=\"widget\" data-widget_type=\"text-editor.default\">\n\t\t\t\t<div class=\"elementor-widget-container\">\n\t\t\t\t\t\t\t\t\t<h2>Geschichte von Insem Atmos<\/h2>\n<p>Die Wurzeln des Unternehmens Insem \u2013 Atmos gehen auf die Firma Atmos Ho\u010de zur\u00fcck, die in den 1960er Jahren gegr\u00fcndet wurde und mit \u00fcber 400 Mitarbeitern die gr\u00f6\u00dfte &#8222;Fabrik&#8220; in Ho\u010de war. Die Hauptt\u00e4tigkeit war die Herstellung von Baukranen, Laufkranen und Bitumenanlagen. Das Unternehmen verf\u00fcgte \u00fcber eine eigene Gie\u00dferei und Kl\u00e4ranlage. Das Unternehmen stellte 1990 den Betrieb ein, als der fr\u00fchere Staat zerfiel. Es besch\u00e4ftigte viele Experten in Maschinenbau und Elektrotechnik. Einige von ihnen bekamen sp\u00e4ter Jobs bei unsere Unternehmen Insem-Atmos.<\/p>\n<p>Insem \u2013 Atmos wurde im Februar 1990 von Stjepan Komatovi\u0107 und Bojan Pu\u0161nik, ehemaligen Mitarbeitern von Firma Atmos, gegr\u00fcndet, die im selben Jahr ihren Betrieb einstellten.<\/p>\n<p>Seit seiner Gr\u00fcndung im Jahr 1990 wachst unser Unternehmen kontinuierlich und wurde zum gr\u00f6\u00dften Hersteller von Standardlaufkranen.<\/p>\n\t\t\t\t\t\t\t\t<\/div>\n\t\t\t\t<\/div>\n\t\t\t\t<div class=\"elementor-element elementor-element-fcb2bc8 dce_masking-none elementor-widget elementor-widget-image\" data-id=\"fcb2bc8\" data-element_type=\"widget\" data-e-type=\"widget\" data-widget_type=\"image.default\">\n\t\t\t\t<div class=\"elementor-widget-container\">\n\t\t\t\t\t\t\t\t\t\t\t\t\t\t\t<img fetchpriority=\"high\" decoding=\"async\" width=\"768\" height=\"532\" src=\"https:\/\/www.insem-atmos.si\/wp-content\/uploads\/2020\/10\/pisarna_v_garazi-768x532.jpg\" class=\"attachment-medium_large size-medium_large wp-image-2608\" alt=\"\" srcset=\"https:\/\/www.insem-atmos.si\/wp-content\/uploads\/2020\/10\/pisarna_v_garazi-768x532.jpg 768w, https:\/\/www.insem-atmos.si\/wp-content\/uploads\/2020\/10\/pisarna_v_garazi-300x208.jpg 300w, https:\/\/www.insem-atmos.si\/wp-content\/uploads\/2020\/10\/pisarna_v_garazi.jpg 1000w\" sizes=\"(max-width: 768px) 100vw, 768px\" loading=\"eager\" \/>\t\t\t\t\t\t\t\t\t\t\t\t\t\t\t<\/div>\n\t\t\t\t<\/div>\n\t\t\t\t\t<\/div>\n\t\t<\/div>\n\t\t\t\t\t<\/div>\n\t\t<\/section>\n\t\t\t\t<section data-dce-background-color=\"#FFFFFF\" class=\"elementor-section elementor-top-section elementor-element elementor-element-4df0eb06 elementor-section-full_width elementor-section-height-default elementor-section-height-default\" data-id=\"4df0eb06\" data-element_type=\"section\" data-e-type=\"section\" data-settings=\"{&quot;background_background&quot;:&quot;gradient&quot;}\">\n\t\t\t\t\t\t<div class=\"elementor-container elementor-column-gap-default\">\n\t\t\t\t\t<div class=\"elementor-column elementor-col-50 elementor-top-column elementor-element elementor-element-668ff0d1 elementor-hidden-tablet elementor-hidden-phone\" data-id=\"668ff0d1\" data-element_type=\"column\" data-e-type=\"column\" data-settings=\"{&quot;background_background&quot;:&quot;classic&quot;}\">\n\t\t\t<div class=\"elementor-widget-wrap elementor-element-populated\">\n\t\t\t\t\t\t<div class=\"elementor-element elementor-element-79afa0fb elementor-widget__width-initial elementor-widget elementor-widget-heading\" data-id=\"79afa0fb\" data-element_type=\"widget\" data-e-type=\"widget\" data-widget_type=\"heading.default\">\n\t\t\t\t<div class=\"elementor-widget-container\">\n\t\t\t\t\t<h2 class=\"elementor-heading-title elementor-size-default\">Das Unternehmen war in den ersten Monaten in einem Kinderzimmer t\u00e4tig<\/h2>\t\t\t\t<\/div>\n\t\t\t\t<\/div>\n\t\t\t\t\t<\/div>\n\t\t<\/div>\n\t\t\t\t<div data-dce-background-color=\"#FDD303\" class=\"elementor-column elementor-col-50 elementor-top-column elementor-element elementor-element-5760f158\" data-id=\"5760f158\" data-element_type=\"column\" data-e-type=\"column\" data-settings=\"{&quot;background_background&quot;:&quot;classic&quot;}\">\n\t\t\t<div class=\"elementor-widget-wrap elementor-element-populated\">\n\t\t\t\t\t\t<div class=\"elementor-element elementor-element-e3c267f elementor-hidden-desktop elementor-widget elementor-widget-heading\" data-id=\"e3c267f\" data-element_type=\"widget\" data-e-type=\"widget\" data-widget_type=\"heading.default\">\n\t\t\t\t<div class=\"elementor-widget-container\">\n\t\t\t\t\t<h2 class=\"elementor-heading-title elementor-size-default\">Das Unternehmen war in den ersten Monaten in einem Kinderzimmer t\u00e4tig<\/h2>\t\t\t\t<\/div>\n\t\t\t\t<\/div>\n\t\t\t\t<div class=\"elementor-element elementor-element-cd0dda1 elementor-widget__width-initial elementor-widget elementor-widget-text-editor\" data-id=\"cd0dda1\" data-element_type=\"widget\" data-e-type=\"widget\" data-widget_type=\"text-editor.default\">\n\t\t\t\t<div class=\"elementor-widget-container\">\n\t\t\t\t\t\t\t\t\t<p>In den ersten Monaten war das Unternehmen in einem Kinderzimmer im Privathaus von Stjepan Komatovi\u0107 t\u00e4tig.<\/p>\n<p>Das Unternehmen hatte zun\u00e4chst 5 Mitarbeiter. Die Arbeiten von Atmos wurden nat\u00fcrlich in kleinerem Umfang fortgesetzt (Kranservice und Ersatzteilverkauf).<\/p>\n<p>Nach zwei Monaten zog das Unternehmen in eine Garage unter derselben Adresse um, die entsprechend in B\u00fcror\u00e4ume umgewandelt wurde. Bereits im selben Jahr begann die Nutzung eines Computersystems f\u00fcr Buchhaltungszwecke.<\/p>\n<p>1991 kauften wir einen Teil des Grundst\u00fccks und der B\u00fcros der alten Firma vom Insolvenzverwalter der vorherigen Firma. Im folgenden Jahr bauten wir dort Gesch\u00e4fts- und Produktionsr\u00e4ume in einer Gr\u00f6\u00dfe von ca. 400 m2. Die Produktionsanlagen waren mit einem 5t Laufkran ausgestattet.<\/p>\n\t\t\t\t\t\t\t\t<\/div>\n\t\t\t\t<\/div>\n\t\t\t\t\t<\/div>\n\t\t<\/div>\n\t\t\t\t\t<\/div>\n\t\t<\/section>\n\t\t\t\t<section class=\"elementor-section elementor-top-section elementor-element elementor-element-58477c2 elementor-section-boxed elementor-section-height-default elementor-section-height-default\" data-id=\"58477c2\" data-element_type=\"section\" data-e-type=\"section\">\n\t\t\t\t\t\t<div class=\"elementor-container elementor-column-gap-default\">\n\t\t\t\t\t<div class=\"elementor-column elementor-col-33 elementor-top-column elementor-element elementor-element-297223e elementor-hidden-tablet elementor-hidden-phone\" data-id=\"297223e\" data-element_type=\"column\" data-e-type=\"column\" data-settings=\"{&quot;background_background&quot;:&quot;classic&quot;}\">\n\t\t\t<div class=\"elementor-widget-wrap\">\n\t\t\t\t\t\t\t<\/div>\n\t\t<\/div>\n\t\t\t\t<div class=\"elementor-column elementor-col-66 elementor-top-column elementor-element elementor-element-503bc64\" data-id=\"503bc64\" data-element_type=\"column\" data-e-type=\"column\">\n\t\t\t<div class=\"elementor-widget-wrap elementor-element-populated\">\n\t\t\t\t\t\t<div class=\"elementor-element elementor-element-7580381 elementor-widget elementor-widget-text-editor\" data-id=\"7580381\" data-element_type=\"widget\" data-e-type=\"widget\" data-widget_type=\"text-editor.default\">\n\t\t\t\t<div class=\"elementor-widget-container\">\n\t\t\t\t\t\t\t\t\t<p>Die Anzahl der Mitarbeiter stieg im 1993 auf 10. Auf Bestellung einzelner Kunden begannen wir mit der Herstellung neuer Krane und Hebez\u00fcge. Wir stellten auch Produkte aus der Bitumentechnik und Automobilindustrie her, renovierten Baukrane und erbrachten verschiedene anspruchsvolle Dienstleistungen. Die Anzahl der Abonnenten stieg von Jahr zu Jahr. In dieser Zeit wurden wir von der Wirtschaftskammer von Podravje als Podravska gazela (Podravje-Gazelle) ausgezeichnet.<\/p>\n<p>Im Jahr 2004 bauten wir zus\u00e4tzlich zum bestehenden Geb\u00e4ude eine neue Produktionshalle und B\u00fcror\u00e4ume auf dem Grundst\u00fcck in einer Gr\u00f6\u00dfe von ca. 1000 m2.<\/p>\n<p>2005 begann die Produktion darin und im selben Jahr r\u00fcsteten wir sie mit einem neuen Laufkran mit einer Tragf\u00e4higkeit von 10 t aus.<\/p>\n\t\t\t\t\t\t\t\t<\/div>\n\t\t\t\t<\/div>\n\t\t\t\t<div class=\"elementor-element elementor-element-bc8e114 dce_masking-none elementor-widget elementor-widget-image\" data-id=\"bc8e114\" data-element_type=\"widget\" data-e-type=\"widget\" data-widget_type=\"image.default\">\n\t\t\t\t<div class=\"elementor-widget-container\">\n\t\t\t\t\t\t\t\t\t\t\t\t\t\t\t<img decoding=\"async\" width=\"768\" height=\"522\" src=\"https:\/\/www.insem-atmos.si\/wp-content\/uploads\/2020\/10\/gradnja_prve_hale-768x522.jpg\" class=\"attachment-medium_large size-medium_large wp-image-2604\" alt=\"\" srcset=\"https:\/\/www.insem-atmos.si\/wp-content\/uploads\/2020\/10\/gradnja_prve_hale-768x522.jpg 768w, https:\/\/www.insem-atmos.si\/wp-content\/uploads\/2020\/10\/gradnja_prve_hale-300x204.jpg 300w, https:\/\/www.insem-atmos.si\/wp-content\/uploads\/2020\/10\/gradnja_prve_hale.jpg 1000w\" sizes=\"(max-width: 768px) 100vw, 768px\" loading=\"eager\" \/>\t\t\t\t\t\t\t\t\t\t\t\t\t\t\t<\/div>\n\t\t\t\t<\/div>\n\t\t\t\t<div class=\"elementor-element elementor-element-173ccfe elementor-widget elementor-widget-text-editor\" data-id=\"173ccfe\" data-element_type=\"widget\" data-e-type=\"widget\" data-widget_type=\"text-editor.default\">\n\t\t\t\t<div class=\"elementor-widget-container\">\n\t\t\t\t\t\t\t\t\t<p>Bis heute haben wir \u00fcber 2700 verschiedener Krane hergestellt. Wir verkaufen und montieren unsere Produkte in Slowenien, Kroatien, Polen, Deutschland, \u00d6sterreich und etwas weniges in Afrika und Russland. Das Unternehmen besch\u00e4ftigt 40 Mitarbeiter.<\/p>\n<p>Unsere Produkte werden unter den anspruchsvollsten Bedingungen wie z.B. in Stahlwerken, Kernkraftwerken, Abfallverarbeitung, Wasserkraftwerken, automatisierten Lagern usw. installiert und betrieben.<\/p>\n<p>Seit mehr als 10 Jahren sind wir offizieller Vertreter der Street Cranes-Ausr\u00fcstung, die unsere Krane von der Konkurrenz abhebt.<\/p>\n<p>Seit 2007 verkaufen und installieren wir RWM-Kettenkrane aus Italien, die sich schnell auf unserem Markt etablierten, da sie \u00e4u\u00dferst robust und wartungsfreundlich sind.<\/p>\n<p>Seit mehr als 20 Jahren werden unsere Ger\u00e4te von ByCarpel-Produkten angetrieben, den zuverl\u00e4ssigsten Schliffleitungen und Girlandensysteme auf unserem Markt.<\/p>\n<p>Von einem kleinen B\u00fcro in einem Wohnhaus aus hat sich unser Unternehmen in 30 Jahren zu einem f\u00fchrenden Hersteller von Hebez\u00fcgen in Slowenien und den umliegenden L\u00e4ndern entwickelt.<\/p>\n\t\t\t\t\t\t\t\t<\/div>\n\t\t\t\t<\/div>\n\t\t\t\t<div class=\"elementor-element elementor-element-25c6491 dce_masking-none elementor-widget elementor-widget-image\" data-id=\"25c6491\" data-element_type=\"widget\" data-e-type=\"widget\" data-widget_type=\"image.default\">\n\t\t\t\t<div class=\"elementor-widget-container\">\n\t\t\t\t\t\t\t\t\t\t\t\t\t\t\t<img decoding=\"async\" width=\"768\" height=\"527\" src=\"https:\/\/www.insem-atmos.si\/wp-content\/uploads\/2020\/10\/ekipa_1991-768x527.jpg\" class=\"attachment-medium_large size-medium_large wp-image-2600\" alt=\"\" srcset=\"https:\/\/www.insem-atmos.si\/wp-content\/uploads\/2020\/10\/ekipa_1991-768x527.jpg 768w, https:\/\/www.insem-atmos.si\/wp-content\/uploads\/2020\/10\/ekipa_1991-300x206.jpg 300w, https:\/\/www.insem-atmos.si\/wp-content\/uploads\/2020\/10\/ekipa_1991.jpg 1000w\" sizes=\"(max-width: 768px) 100vw, 768px\" loading=\"eager\" \/>\t\t\t\t\t\t\t\t\t\t\t\t\t\t\t<\/div>\n\t\t\t\t<\/div>\n\t\t\t\t\t<\/div>\n\t\t<\/div>\n\t\t\t\t\t<\/div>\n\t\t<\/section>\n\t\t\t\t<\/div>\n\t\t","protected":false},"excerpt":{"rendered":"<p>Geschichte von Insem Atmos Die Wurzeln des Unternehmens Insem \u2013 Atmos gehen auf die Firma Atmos Ho\u010de zur\u00fcck, die in den 1960er Jahren gegr\u00fcndet wurde und mit \u00fcber 400 Mitarbeitern die gr\u00f6\u00dfte &#8222;Fabrik&#8220; in Ho\u010de war. Die Hauptt\u00e4tigkeit war die Herstellung von Baukranen, Laufkranen und Bitumenanlagen. Das Unternehmen verf\u00fcgte \u00fcber eine eigene Gie\u00dferei und Kl\u00e4ranlage. [&hellip;]<\/p>\n","protected":false},"author":7,"featured_media":2586,"parent":3078,"menu_order":10,"comment_status":"closed","ping_status":"closed","template":"","meta":{"site-sidebar-layout":"no-sidebar","site-content-layout":"page-builder","ast-site-content-layout":"default","site-content-style":"default","site-sidebar-style":"default","ast-global-header-display":"","ast-banner-title-visibility":"","ast-main-header-display":"disabled","ast-hfb-above-header-display":"","ast-hfb-below-header-display":"","ast-hfb-mobile-header-display":"","site-post-title":"disabled","ast-breadcrumbs-content":"disabled","ast-featured-img":"disabled","footer-sml-layout":"disabled","ast-disable-related-posts":"","theme-transparent-header-meta":"default","adv-header-id-meta":"","stick-header-meta":"","header-above-stick-meta":"","header-main-stick-meta":"","header-below-stick-meta":"","astra-migrate-meta-layouts":"default","ast-page-background-enabled":"default","ast-page-background-meta":{"desktop":{"background-color":"","background-image":"","background-repeat":"repeat","background-position":"center center","background-size":"auto","background-attachment":"scroll","background-type":"","background-media":"","overlay-type":"","overlay-color":"","overlay-opacity":"","overlay-gradient":""},"tablet":{"background-color":"","background-image":"","background-repeat":"repeat","background-position":"center center","background-size":"auto","background-attachment":"scroll","background-type":"","background-media":"","overlay-type":"","overlay-color":"","overlay-opacity":"","overlay-gradient":""},"mobile":{"background-color":"","background-image":"","background-repeat":"repeat","background-position":"center center","background-size":"auto","background-attachment":"scroll","background-type":"","background-media":"","overlay-type":"","overlay-color":"","overlay-opacity":"","overlay-gradient":""}},"ast-content-background-meta":{"desktop":{"background-color":"var(--ast-global-color-5)","background-image":"","background-repeat":"repeat","background-position":"center center","background-size":"auto","background-attachment":"scroll","background-type":"","background-media":"","overlay-type":"","overlay-color":"","overlay-opacity":"","overlay-gradient":""},"tablet":{"background-color":"var(--ast-global-color-5)","background-image":"","background-repeat":"repeat","background-position":"center center","background-size":"auto","background-attachment":"scroll","background-type":"","background-media":"","overlay-type":"","overlay-color":"","overlay-opacity":"","overlay-gradient":""},"mobile":{"background-color":"var(--ast-global-color-5)","background-image":"","background-repeat":"repeat","background-position":"center center","background-size":"auto","background-attachment":"scroll","background-type":"","background-media":"","overlay-type":"","overlay-color":"","overlay-opacity":"","overlay-gradient":""}},"footnotes":""},"class_list":["post-3080","page","type-page","status-publish","has-post-thumbnail","hentry"],"_links":{"self":[{"href":"https:\/\/www.insem-atmos.si\/de\/wp-json\/wp\/v2\/pages\/3080","targetHints":{"allow":["GET"]}}],"collection":[{"href":"https:\/\/www.insem-atmos.si\/de\/wp-json\/wp\/v2\/pages"}],"about":[{"href":"https:\/\/www.insem-atmos.si\/de\/wp-json\/wp\/v2\/types\/page"}],"author":[{"embeddable":true,"href":"https:\/\/www.insem-atmos.si\/de\/wp-json\/wp\/v2\/users\/7"}],"replies":[{"embeddable":true,"href":"https:\/\/www.insem-atmos.si\/de\/wp-json\/wp\/v2\/comments?post=3080"}],"version-history":[{"count":5,"href":"https:\/\/www.insem-atmos.si\/de\/wp-json\/wp\/v2\/pages\/3080\/revisions"}],"predecessor-version":[{"id":3457,"href":"https:\/\/www.insem-atmos.si\/de\/wp-json\/wp\/v2\/pages\/3080\/revisions\/3457"}],"up":[{"embeddable":true,"href":"https:\/\/www.insem-atmos.si\/de\/wp-json\/wp\/v2\/pages\/3078"}],"wp:featuredmedia":[{"embeddable":true,"href":"https:\/\/www.insem-atmos.si\/de\/wp-json\/wp\/v2\/media\/2586"}],"wp:attachment":[{"href":"https:\/\/www.insem-atmos.si\/de\/wp-json\/wp\/v2\/media?parent=3080"}],"curies":[{"name":"wp","href":"https:\/\/api.w.org\/{rel}","templated":true}]}}