{"id":3078,"date":"2021-03-26T01:58:41","date_gmt":"2021-03-26T00:58:41","guid":{"rendered":"http:\/\/www.insem-atmos.si\/ueber-uns\/"},"modified":"2021-03-26T14:49:48","modified_gmt":"2021-03-26T13:49:48","slug":"ueber-uns","status":"publish","type":"page","link":"https:\/\/www.insem-atmos.si\/de\/ueber-uns\/","title":{"rendered":"\u00dcber uns"},"content":{"rendered":"\t\t<div data-elementor-type=\"wp-page\" data-elementor-id=\"3078\" class=\"elementor elementor-3078 elementor-107\" data-elementor-post-type=\"page\">\n\t\t\t\t\t\t<section class=\"elementor-section elementor-top-section elementor-element elementor-element-760b538a elementor-section-full_width elementor-section-height-default elementor-section-height-default\" data-id=\"760b538a\" data-element_type=\"section\" data-e-type=\"section\">\n\t\t\t\t\t\t<div class=\"elementor-container elementor-column-gap-no\">\n\t\t\t\t\t<div class=\"elementor-column elementor-col-100 elementor-top-column elementor-element elementor-element-67ab4f86\" data-id=\"67ab4f86\" data-element_type=\"column\" data-e-type=\"column\">\n\t\t\t<div class=\"elementor-widget-wrap elementor-element-populated\">\n\t\t\t\t\t\t<div class=\"elementor-element elementor-element-7e7b088d elementor-widget elementor-widget-template\" data-id=\"7e7b088d\" data-element_type=\"widget\" data-e-type=\"widget\" data-widget_type=\"template.default\">\n\t\t\t\t<div class=\"elementor-widget-container\">\n\t\t\t\t\t\t\t<div class=\"elementor-template\">\n\t\t\t\t\t<div data-elementor-type=\"section\" data-elementor-id=\"942\" class=\"elementor elementor-942\" data-elementor-post-type=\"elementor_library\">\n\t\t\t\t\t<section class=\"elementor-section elementor-top-section elementor-element elementor-element-d4b5bda elementor-section-full_width elementor-reverse-tablet elementor-reverse-mobile elementor-section-height-default elementor-section-height-default\" data-id=\"d4b5bda\" data-element_type=\"section\" data-e-type=\"section\" data-settings=\"{&quot;background_background&quot;:&quot;classic&quot;}\">\n\t\t\t\t\t\t<div class=\"elementor-container elementor-column-gap-default\">\n\t\t\t\t\t<div data-dce-background-color=\"#FDD303\" class=\"elementor-column elementor-col-50 elementor-top-column elementor-element elementor-element-46227c0\" data-id=\"46227c0\" data-element_type=\"column\" data-e-type=\"column\" data-settings=\"{&quot;background_background&quot;:&quot;classic&quot;}\">\n\t\t\t<div class=\"elementor-widget-wrap elementor-element-populated\">\n\t\t\t\t\t\t\t<\/div>\n\t\t<\/div>\n\t\t\t\t<div data-dce-background-image-url=\"https:\/\/www.insem-atmos.si\/wp-content\/uploads\/2020\/10\/hala-zerjav-dvigalo.jpg\" class=\"elementor-column elementor-col-50 elementor-top-column elementor-element elementor-element-bbc23cd\" data-id=\"bbc23cd\" data-element_type=\"column\" data-e-type=\"column\" data-settings=\"{&quot;background_background&quot;:&quot;classic&quot;}\">\n\t\t\t<div class=\"elementor-widget-wrap elementor-element-populated\">\n\t\t\t\t\t\t<div class=\"elementor-element elementor-element-147ff27 elementor-widget elementor-widget-spacer\" data-id=\"147ff27\" data-element_type=\"widget\" data-e-type=\"widget\" data-widget_type=\"spacer.default\">\n\t\t\t\t<div class=\"elementor-widget-container\">\n\t\t\t\t\t\t\t<div class=\"elementor-spacer\">\n\t\t\t<div class=\"elementor-spacer-inner\"><\/div>\n\t\t<\/div>\n\t\t\t\t\t\t<\/div>\n\t\t\t\t<\/div>\n\t\t\t\t\t<\/div>\n\t\t<\/div>\n\t\t\t\t\t<\/div>\n\t\t<\/section>\n\t\t\t\t<\/div>\n\t\t\t\t<\/div>\n\t\t\t\t\t\t<\/div>\n\t\t\t\t<\/div>\n\t\t\t\t\t<\/div>\n\t\t<\/div>\n\t\t\t\t\t<\/div>\n\t\t<\/section>\n\t\t\t\t<section class=\"elementor-section elementor-top-section elementor-element elementor-element-766b743c elementor-section-boxed elementor-section-height-default elementor-section-height-default\" data-id=\"766b743c\" data-element_type=\"section\" data-e-type=\"section\">\n\t\t\t\t\t\t<div class=\"elementor-container elementor-column-gap-default\">\n\t\t\t\t\t<div class=\"elementor-column elementor-col-33 elementor-top-column elementor-element elementor-element-2dc0931d elementor-hidden-tablet elementor-hidden-phone\" data-id=\"2dc0931d\" data-element_type=\"column\" data-e-type=\"column\" data-settings=\"{&quot;background_background&quot;:&quot;classic&quot;}\">\n\t\t\t<div class=\"elementor-widget-wrap elementor-element-populated\">\n\t\t\t\t\t\t<div class=\"elementor-element elementor-element-8855306 elementor-nav-menu--dropdown-none elementor-nav-menu__align-end elementor-hidden-phone elementor-widget elementor-widget-nav-menu\" data-id=\"8855306\" data-element_type=\"widget\" data-e-type=\"widget\" data-settings=\"{&quot;layout&quot;:&quot;vertical&quot;,&quot;submenu_icon&quot;:{&quot;value&quot;:&quot;&lt;i class=\\&quot;\\&quot; aria-hidden=\\&quot;true\\&quot;&gt;&lt;\\\/i&gt;&quot;,&quot;library&quot;:&quot;&quot;}}\" data-widget_type=\"nav-menu.default\">\n\t\t\t\t<div class=\"elementor-widget-container\">\n\t\t\t\t\t\t\t\t<nav aria-label=\"Men\u00fc\" class=\"elementor-nav-menu--main elementor-nav-menu__container elementor-nav-menu--layout-vertical e--pointer-none\">\n\t\t\t\t<ul id=\"menu-1-8855306\" class=\"elementor-nav-menu sm-vertical\"><li class=\"menu-item menu-item-type-post_type menu-item-object-page menu-item-3195\"><a href=\"https:\/\/www.insem-atmos.si\/de\/ueber-uns\/\" class=\"elementor-item menu-link\">\u00dcber uns<\/a><\/li>\n<li class=\"menu-item menu-item-type-post_type menu-item-object-page menu-item-3196\"><a href=\"https:\/\/www.insem-atmos.si\/de\/ueber-uns\/geschichte-des-unternehmens\/\" class=\"elementor-item menu-link\">Geschichte des Unternehmens<\/a><\/li>\n<li class=\"menu-item menu-item-type-post_type menu-item-object-page menu-item-3197\"><a href=\"https:\/\/www.insem-atmos.si\/de\/ueber-uns\/geschaeftskarte\/\" class=\"elementor-item menu-link\">Gesch\u00e4ftskarte<\/a><\/li>\n<li class=\"menu-item menu-item-type-post_type menu-item-object-page menu-item-3198\"><a href=\"https:\/\/www.insem-atmos.si\/de\/ueber-uns\/kontaktdaten\/\" class=\"elementor-item menu-link\">Kontaktdaten<\/a><\/li>\n<li class=\"menu-item menu-item-type-post_type menu-item-object-page menu-item-3199\"><a href=\"https:\/\/www.insem-atmos.si\/de\/ueber-uns\/vertriebsabteilung\/\" class=\"elementor-item menu-link\">Vertriebsabteilung<\/a><\/li>\n<li class=\"menu-item menu-item-type-post_type menu-item-object-page menu-item-3200\"><a href=\"https:\/\/www.insem-atmos.si\/de\/ueber-uns\/warum-sie-uns-waehlen-sollten\/\" class=\"elementor-item menu-link\">Warum Sie uns w\u00e4hlen sollten<\/a><\/li>\n<\/ul>\t\t\t<\/nav>\n\t\t\t\t\t\t<nav class=\"elementor-nav-menu--dropdown elementor-nav-menu__container\" aria-hidden=\"true\">\n\t\t\t\t<ul id=\"menu-2-8855306\" class=\"elementor-nav-menu sm-vertical\"><li class=\"menu-item menu-item-type-post_type menu-item-object-page menu-item-3195\"><a href=\"https:\/\/www.insem-atmos.si\/de\/ueber-uns\/\" class=\"elementor-item menu-link\" tabindex=\"-1\">\u00dcber uns<\/a><\/li>\n<li class=\"menu-item menu-item-type-post_type menu-item-object-page menu-item-3196\"><a href=\"https:\/\/www.insem-atmos.si\/de\/ueber-uns\/geschichte-des-unternehmens\/\" class=\"elementor-item menu-link\" tabindex=\"-1\">Geschichte des Unternehmens<\/a><\/li>\n<li class=\"menu-item menu-item-type-post_type menu-item-object-page menu-item-3197\"><a href=\"https:\/\/www.insem-atmos.si\/de\/ueber-uns\/geschaeftskarte\/\" class=\"elementor-item menu-link\" tabindex=\"-1\">Gesch\u00e4ftskarte<\/a><\/li>\n<li class=\"menu-item menu-item-type-post_type menu-item-object-page menu-item-3198\"><a href=\"https:\/\/www.insem-atmos.si\/de\/ueber-uns\/kontaktdaten\/\" class=\"elementor-item menu-link\" tabindex=\"-1\">Kontaktdaten<\/a><\/li>\n<li class=\"menu-item menu-item-type-post_type menu-item-object-page menu-item-3199\"><a href=\"https:\/\/www.insem-atmos.si\/de\/ueber-uns\/vertriebsabteilung\/\" class=\"elementor-item menu-link\" tabindex=\"-1\">Vertriebsabteilung<\/a><\/li>\n<li class=\"menu-item menu-item-type-post_type menu-item-object-page menu-item-3200\"><a href=\"https:\/\/www.insem-atmos.si\/de\/ueber-uns\/warum-sie-uns-waehlen-sollten\/\" class=\"elementor-item menu-link\" tabindex=\"-1\">Warum Sie uns w\u00e4hlen sollten<\/a><\/li>\n<\/ul>\t\t\t<\/nav>\n\t\t\t\t\t\t<\/div>\n\t\t\t\t<\/div>\n\t\t\t\t\t<\/div>\n\t\t<\/div>\n\t\t\t\t<div class=\"elementor-column elementor-col-66 elementor-top-column elementor-element elementor-element-7f933209\" data-id=\"7f933209\" data-element_type=\"column\" data-e-type=\"column\">\n\t\t\t<div class=\"elementor-widget-wrap elementor-element-populated\">\n\t\t\t\t\t\t<div class=\"elementor-element elementor-element-1f86e848 elementor-widget elementor-widget-text-editor\" data-id=\"1f86e848\" data-element_type=\"widget\" data-e-type=\"widget\" data-widget_type=\"text-editor.default\">\n\t\t\t\t<div class=\"elementor-widget-container\">\n\t\t\t\t\t\t\t\t\t<h2>Eine Mission, die uns motiviert<\/h2>\n<p>Unsere Grundaufgabe im Bereich Industriekrane, Hebetechnik und Transportmittel ist es, <b>hochwertige und vollst\u00e4ndige L\u00f6sungen nach dem Prinzip &#8218;SCHL\u00dcSSELFERTIG&#8216; bereitzustellen<\/b>. Wir realisieren diese Idee mit der Flexibilit\u00e4t unseres Unternehmens, der Installation von Top-Komponenten und viel Engagement f\u00fcr unsere zuk\u00fcnftigen und bestehenden Kunden.<\/p>\n<h2>Die Vision, die wir erf\u00fcllen<\/h2>\n<p><b>Wir festigen unsere Position als einer der f\u00fchrenden Hersteller von Standard-Industriekranen mit einer Tragf\u00e4higkeit von bis zu 200 t in Slowenien und den Nachbarl\u00e4ndern.<\/b><\/p>\n<p>Unser Erfolg ist das Ergebnis von Flexibilit\u00e4t, Orientierung auf neue und bestehende Kunden und Sicherstellung der hohen Qualit\u00e4t unserer Produkte.<\/p>\n<p>Mit Hilfe von Gesch\u00e4ftspartnern wie Street Crane Ltd., die uns die beste Ausr\u00fcstung f\u00fcr Standardkrane auf dem Markt bieten, wollen wir unsere Position in Zukunft weiter verbessern.<\/p>\n<p>Sie, unsere zufriedenen Kunden, helfen uns dabei. Wenn der Kunde eine bessere und andere Ausstattung als das \u00fcbliche Angebot w\u00fcnscht, w\u00e4hlt er einfach uns!<\/p>\n\t\t\t\t\t\t\t\t<\/div>\n\t\t\t\t<\/div>\n\t\t\t\t\t<\/div>\n\t\t<\/div>\n\t\t\t\t\t<\/div>\n\t\t<\/section>\n\t\t\t\t<\/div>\n\t\t","protected":false},"excerpt":{"rendered":"<p>Eine Mission, die uns motiviert Unsere Grundaufgabe im Bereich Industriekrane, Hebetechnik und Transportmittel ist es, hochwertige und vollst\u00e4ndige L\u00f6sungen nach dem Prinzip &#8218;SCHL\u00dcSSELFERTIG&#8216; bereitzustellen. Wir realisieren diese Idee mit der Flexibilit\u00e4t unseres Unternehmens, der Installation von Top-Komponenten und viel Engagement f\u00fcr unsere zuk\u00fcnftigen und bestehenden Kunden. Die Vision, die wir erf\u00fcllen Wir festigen unsere Position [&hellip;]<\/p>\n","protected":false},"author":7,"featured_media":2468,"parent":0,"menu_order":80,"comment_status":"closed","ping_status":"closed","template":"","meta":{"site-sidebar-layout":"no-sidebar","site-content-layout":"page-builder","ast-site-content-layout":"default","site-content-style":"default","site-sidebar-style":"default","ast-global-header-display":"","ast-banner-title-visibility":"","ast-main-header-display":"disabled","ast-hfb-above-header-display":"","ast-hfb-below-header-display":"","ast-hfb-mobile-header-display":"","site-post-title":"disabled","ast-breadcrumbs-content":"disabled","ast-featured-img":"disabled","footer-sml-layout":"disabled","ast-disable-related-posts":"","theme-transparent-header-meta":"default","adv-header-id-meta":"","stick-header-meta":"","header-above-stick-meta":"","header-main-stick-meta":"","header-below-stick-meta":"","astra-migrate-meta-layouts":"default","ast-page-background-enabled":"default","ast-page-background-meta":{"desktop":{"background-color":"","background-image":"","background-repeat":"repeat","background-position":"center center","background-size":"auto","background-attachment":"scroll","background-type":"","background-media":"","overlay-type":"","overlay-color":"","overlay-opacity":"","overlay-gradient":""},"tablet":{"background-color":"","background-image":"","background-repeat":"repeat","background-position":"center center","background-size":"auto","background-attachment":"scroll","background-type":"","background-media":"","overlay-type":"","overlay-color":"","overlay-opacity":"","overlay-gradient":""},"mobile":{"background-color":"","background-image":"","background-repeat":"repeat","background-position":"center center","background-size":"auto","background-attachment":"scroll","background-type":"","background-media":"","overlay-type":"","overlay-color":"","overlay-opacity":"","overlay-gradient":""}},"ast-content-background-meta":{"desktop":{"background-color":"var(--ast-global-color-5)","background-image":"","background-repeat":"repeat","background-position":"center center","background-size":"auto","background-attachment":"scroll","background-type":"","background-media":"","overlay-type":"","overlay-color":"","overlay-opacity":"","overlay-gradient":""},"tablet":{"background-color":"var(--ast-global-color-5)","background-image":"","background-repeat":"repeat","background-position":"center center","background-size":"auto","background-attachment":"scroll","background-type":"","background-media":"","overlay-type":"","overlay-color":"","overlay-opacity":"","overlay-gradient":""},"mobile":{"background-color":"var(--ast-global-color-5)","background-image":"","background-repeat":"repeat","background-position":"center center","background-size":"auto","background-attachment":"scroll","background-type":"","background-media":"","overlay-type":"","overlay-color":"","overlay-opacity":"","overlay-gradient":""}},"footnotes":""},"class_list":["post-3078","page","type-page","status-publish","has-post-thumbnail","hentry"],"_links":{"self":[{"href":"https:\/\/www.insem-atmos.si\/de\/wp-json\/wp\/v2\/pages\/3078","targetHints":{"allow":["GET"]}}],"collection":[{"href":"https:\/\/www.insem-atmos.si\/de\/wp-json\/wp\/v2\/pages"}],"about":[{"href":"https:\/\/www.insem-atmos.si\/de\/wp-json\/wp\/v2\/types\/page"}],"author":[{"embeddable":true,"href":"https:\/\/www.insem-atmos.si\/de\/wp-json\/wp\/v2\/users\/7"}],"replies":[{"embeddable":true,"href":"https:\/\/www.insem-atmos.si\/de\/wp-json\/wp\/v2\/comments?post=3078"}],"version-history":[{"count":3,"href":"https:\/\/www.insem-atmos.si\/de\/wp-json\/wp\/v2\/pages\/3078\/revisions"}],"predecessor-version":[{"id":3447,"href":"https:\/\/www.insem-atmos.si\/de\/wp-json\/wp\/v2\/pages\/3078\/revisions\/3447"}],"wp:featuredmedia":[{"embeddable":true,"href":"https:\/\/www.insem-atmos.si\/de\/wp-json\/wp\/v2\/media\/2468"}],"wp:attachment":[{"href":"https:\/\/www.insem-atmos.si\/de\/wp-json\/wp\/v2\/media?parent=3078"}],"curies":[{"name":"wp","href":"https:\/\/api.w.org\/{rel}","templated":true}]}}